{"id":6882,"date":"2023-10-10T16:08:04","date_gmt":"2023-10-10T14:08:04","guid":{"rendered":"https:\/\/www.domainelescarrelets.com\/guenstiger-campingplatz-zu-soulac-sur-mer\/"},"modified":"2023-10-24T12:24:09","modified_gmt":"2023-10-24T10:24:09","slug":"guenstiger-campingplatz-zu-soulac-sur-mer","status":"publish","type":"page","link":"https:\/\/www.domainelescarrelets.com\/de\/guenstiger-campingplatz-zu-soulac-sur-mer\/","title":{"rendered":"Tarife"},"content":{"rendered":"<section id=\"ls-section-block_602c919802bae2a996d3c876c9abd6f1\" class=\"ls-section  page-intro has-p-b p-b-0\" >\r\n        <div class=\"container \">\r\n        \n\n<div class=\"wp-block-columns is-layout-flex wp-container-core-columns-is-layout-9d6595d7 wp-block-columns-is-layout-flex\">\n<div class=\"wp-block-column is-layout-flow wp-block-column-is-layout-flow\">\n<h1 class=\"ls__heading wp-block-heading has-text-align-center\">Entdecken Sie die Angebote und Aktionen unserer Domain in Soulac sur Mer<\/h1>\n\n\n\n<h2 class=\"ls__heading wp-block-heading has-text-align-center\">Unterk\u00fcnfte mit dem besten Preis-Leistungs-Verh\u00e4ltnis<\/h2>\n\n\n\n<p class=\"ls-paragraph has-text-align-center\">F\u00fcr Ihren n\u00e4chsten Urlaub in der Gironde haben Sie sich f\u00fcr die Domaine les Carrelets de Soulac, <a href=\"https:\/\/www.domainelescarrelets.com\/de\/\">unseren Campingplatz in Soulac sur Mer<\/a>, entschieden. Und das haben Sie gut gemacht! Unsere verschiedenen Ferienunterk\u00fcnfte in Gironde sind so ausgestattet, dass sie Ihnen ein H\u00f6chstma\u00df an Komfort bieten, und das alles zu <strong>erschwinglichen Preisen<\/strong>, sodass Sie Ihren Urlaub genie\u00dfen k\u00f6nnen.  <\/p>\n\n\n\n<p class=\"ls-paragraph has-text-align-center\">Dank unserer gro\u00dfen Auswahl an Mobilheimen in Soulac sur Mer k\u00f6nnen Sie leicht das Mietobjekt finden, das am besten zu Ihnen passt. Unsere Unterk\u00fcnfte bieten Platz f\u00fcr 2 bis 10 Personen und sind ideal f\u00fcr Familien, Paare oder Gruppen von Freunden, die das M\u00e9doc entdecken m\u00f6chten.<\/p>\n<\/div>\n<\/div>\n\n\r\n    <\/div>\r\n<\/section><section id=\"ls-section-block_d4f6d810c444a535eef52bf171fba596\" class=\"ls-section  page-one\" >\r\n        <div class=\"container container--wide\">\r\n        \n\n<div class=\"wp-block-columns is-layout-flex wp-container-core-columns-is-layout-9d6595d7 wp-block-columns-is-layout-flex\">\n<div class=\"wp-block-column first is-layout-flow wp-block-column-is-layout-flow\" style=\"flex-basis:66.66%\">\n<figure class=\"wp-block-gallery has-nested-images columns-default is-cropped gallery-slider wp-block-gallery-1 is-layout-flex wp-block-gallery-is-layout-flex\">\n<figure class=\"wp-block-image size-full\"><a href=\"https:\/\/www.domainelescarrelets.com\/wp-content\/uploads\/2023\/10\/camping-famille-soulac.webp\"><img decoding=\"async\" width=\"2000\" height=\"1333\" data-id=\"553\" src=\"https:\/\/www.domainelescarrelets.com\/wp-content\/uploads\/2023\/10\/camping-famille-soulac.webp\" alt=\"familiencampingplatz soulac\" class=\"wp-image-553\" srcset=\"https:\/\/www.domainelescarrelets.com\/wp-content\/uploads\/2023\/10\/camping-famille-soulac.webp 2000w, https:\/\/www.domainelescarrelets.com\/wp-content\/uploads\/2023\/10\/camping-famille-soulac-300x200.webp 300w, https:\/\/www.domainelescarrelets.com\/wp-content\/uploads\/2023\/10\/camping-famille-soulac-1024x682.webp 1024w, https:\/\/www.domainelescarrelets.com\/wp-content\/uploads\/2023\/10\/camping-famille-soulac-768x512.webp 768w, https:\/\/www.domainelescarrelets.com\/wp-content\/uploads\/2023\/10\/camping-famille-soulac-1536x1024.webp 1536w\" sizes=\"(max-width: 2000px) 100vw, 2000px\" \/><\/a><\/figure>\n\n\n\n<figure class=\"wp-block-image size-full\"><a href=\"https:\/\/www.domainelescarrelets.com\/wp-content\/uploads\/2023\/10\/camping-couple-gironde.webp\"><img decoding=\"async\" width=\"2000\" height=\"1333\" data-id=\"523\" src=\"https:\/\/www.domainelescarrelets.com\/wp-content\/uploads\/2023\/10\/camping-couple-gironde.webp\" alt=\"camping paar gironde\" class=\"wp-image-523\" srcset=\"https:\/\/www.domainelescarrelets.com\/wp-content\/uploads\/2023\/10\/camping-couple-gironde.webp 2000w, https:\/\/www.domainelescarrelets.com\/wp-content\/uploads\/2023\/10\/camping-couple-gironde-300x200.webp 300w, https:\/\/www.domainelescarrelets.com\/wp-content\/uploads\/2023\/10\/camping-couple-gironde-1024x682.webp 1024w, https:\/\/www.domainelescarrelets.com\/wp-content\/uploads\/2023\/10\/camping-couple-gironde-768x512.webp 768w, https:\/\/www.domainelescarrelets.com\/wp-content\/uploads\/2023\/10\/camping-couple-gironde-1536x1024.webp 1536w\" sizes=\"(max-width: 2000px) 100vw, 2000px\" \/><\/a><\/figure>\n\n\n\n<figure class=\"wp-block-image size-full\"><a href=\"https:\/\/www.domainelescarrelets.com\/wp-content\/uploads\/2023\/10\/spectacle-de-magie.webp\"><img decoding=\"async\" width=\"2000\" height=\"1333\" data-id=\"1053\" src=\"https:\/\/www.domainelescarrelets.com\/wp-content\/uploads\/2023\/10\/spectacle-de-magie.webp\" alt=\"Zaubershow\" class=\"wp-image-1053\" srcset=\"https:\/\/www.domainelescarrelets.com\/wp-content\/uploads\/2023\/10\/spectacle-de-magie.webp 2000w, https:\/\/www.domainelescarrelets.com\/wp-content\/uploads\/2023\/10\/spectacle-de-magie-300x200.webp 300w, https:\/\/www.domainelescarrelets.com\/wp-content\/uploads\/2023\/10\/spectacle-de-magie-1024x682.webp 1024w, https:\/\/www.domainelescarrelets.com\/wp-content\/uploads\/2023\/10\/spectacle-de-magie-768x512.webp 768w, https:\/\/www.domainelescarrelets.com\/wp-content\/uploads\/2023\/10\/spectacle-de-magie-1536x1024.webp 1536w\" sizes=\"(max-width: 2000px) 100vw, 2000px\" \/><\/a><\/figure>\n\n\n\n<figure class=\"wp-block-image size-full\"><a href=\"https:\/\/www.domainelescarrelets.com\/wp-content\/uploads\/2023\/10\/cours-aquagym.webp\"><img decoding=\"async\" width=\"2000\" height=\"1333\" data-id=\"658\" src=\"https:\/\/www.domainelescarrelets.com\/wp-content\/uploads\/2023\/10\/cours-aquagym.webp\" alt=\"Wassergymnastikkurs\" class=\"wp-image-658\" srcset=\"https:\/\/www.domainelescarrelets.com\/wp-content\/uploads\/2023\/10\/cours-aquagym.webp 2000w, https:\/\/www.domainelescarrelets.com\/wp-content\/uploads\/2023\/10\/cours-aquagym-300x200.webp 300w, https:\/\/www.domainelescarrelets.com\/wp-content\/uploads\/2023\/10\/cours-aquagym-1024x682.webp 1024w, https:\/\/www.domainelescarrelets.com\/wp-content\/uploads\/2023\/10\/cours-aquagym-768x512.webp 768w, https:\/\/www.domainelescarrelets.com\/wp-content\/uploads\/2023\/10\/cours-aquagym-1536x1024.webp 1536w\" sizes=\"(max-width: 2000px) 100vw, 2000px\" \/><\/a><\/figure>\n<\/figure>\n<\/div>\n\n\n\n<div class=\"wp-block-column is-vertically-aligned-center second is-layout-flow wp-block-column-is-layout-flow\" style=\"flex-basis:33.33%\">\n<h2 class=\"ls__heading wp-block-heading deco\">Die Angebote und Die g\u00fcnstigen Preise unseres g\u00fcnstigen Campingplatzes in der Gironde<\/h2>\n\n\n\n<p class=\"ls-paragraph\">Um Ihnen einen g\u00fcnstigen Urlaub zu erm\u00f6glichen, stellt unser g\u00fcnstiger <strong>Campingplatz in Soulac sur Mer<\/strong> Sonderangebote sowie gelegentliche Angebote zusammen, mit denen Sie von Preisnachl\u00e4ssen auf Ihre Mietunterk\u00fcnfte profitieren k\u00f6nnen. So sollten Sie Ihren Urlaub so fr\u00fch wie m\u00f6glich buchen, um sich die g\u00fcnstigen <strong>Preise f\u00fcr Ihren Aufenthalt<\/strong> zu sichern. <\/p>\n\n\n\n<p class=\"ls-paragraph\">Wenn Sie auf unserem Campingplatz buchen, haben Sie <strong>freien Zugang zu zahlreichen Einrichtungen<\/strong>, Aktivit\u00e4ten und Unterhaltungsangeboten wie dem Wasserpark des Campingplatzes, den Themenabenden oder den Wassergymnastikkursen!<\/p>\n<\/div>\n<\/div>\n\n\r\n    <\/div>\r\n<\/section><section id=\"ls-section-block_185d9bf63ed34b5a9f1e31913ed192ad\" class=\"ls-section  page-one has-background has-color-4-background-color\" >\r\n        <div class=\"container container--wide\">\r\n        \n\n<div class=\"wp-block-columns is-layout-flex wp-container-core-columns-is-layout-9d6595d7 wp-block-columns-is-layout-flex\">\n<div class=\"wp-block-column is-vertically-aligned-center is-layout-flow wp-block-column-is-layout-flow\" style=\"flex-basis:33.33%\">\n<h2 class=\"ls__heading wp-block-heading deco\">Soulac sur Mer zu g\u00fcnstigen Preisen genie\u00dfen<\/h2>\n\n\n\n<p class=\"ls-paragraph has-text-align-left\">W\u00e4hrend Ihres Aufenthalts auf unserem <strong>g\u00fcnstigen Campingplatz in Soulac-sur-Mer<\/strong> gibt es zahlreiche Aktivit\u00e4ten, die Sie auf dem Campingplatz und in der Umgebung unternehmen k\u00f6nnen. Und ein gro\u00dfer Teil davon kann v\u00f6llig kostenlos erfolgen. Sie k\u00f6nnen zum Beispiel an den Str\u00e4nden von Soulac sur Mer spazieren gehen, bis zur M\u00fcndung der Gironde fahren oder im Herzen des Badeortes Soulac spazieren gehen.  <\/p>\n\n\n\n<p class=\"ls-paragraph has-text-align-left\">Die ganze Familie wird begeistert sein, <strong>die pr\u00e4chtigen Landschaften<\/strong> zu entdecken, die die Gironde und das M\u00e9doc zu bieten haben.<\/p>\n<\/div>\n\n\n\n<div class=\"wp-block-column is-layout-flow wp-block-column-is-layout-flow\" style=\"flex-basis:66.66%\">\n<figure class=\"wp-block-image size-full\"><img decoding=\"async\" width=\"2000\" height=\"1339\" src=\"https:\/\/www.domainelescarrelets.com\/wp-content\/uploads\/2023\/10\/surf-a-lacanau.webp\" alt=\"surfen in lacanau\" class=\"wp-image-1437\" srcset=\"https:\/\/www.domainelescarrelets.com\/wp-content\/uploads\/2023\/10\/surf-a-lacanau.webp 2000w, https:\/\/www.domainelescarrelets.com\/wp-content\/uploads\/2023\/10\/surf-a-lacanau-300x201.webp 300w, https:\/\/www.domainelescarrelets.com\/wp-content\/uploads\/2023\/10\/surf-a-lacanau-1024x686.webp 1024w, https:\/\/www.domainelescarrelets.com\/wp-content\/uploads\/2023\/10\/surf-a-lacanau-768x514.webp 768w, https:\/\/www.domainelescarrelets.com\/wp-content\/uploads\/2023\/10\/surf-a-lacanau-1536x1028.webp 1536w\" sizes=\"(max-width: 2000px) 100vw, 2000px\" \/><\/figure>\n<\/div>\n<\/div>\n\n\r\n    <\/div>\r\n<\/section><section id=\"ls-section-block_51f4177e11209d50c1155577108af22a\" class=\"ls-section  page-maillage has-p-b p-b-14\" >\r\n        <div class=\"container container--wide\">\r\n        \n\n<div id=\"ls-heading ls-titre-div-block_e3b7a41e2778c59f3f818d2c4126cefd\" class=\"ls-titre-div deco h2-like\" >\n    <em>Entdecken Sie die Animationen, <\/em> <\/br>das Restaurant und den Wasserbereich!<\/div>\n\n\n<div id=\"ls-maillage-block_e88019088d8f48e3703ca6edc75c9c3b\" class=\"ls-maillage cta-style-normal\" data-rows=\"3\">\n    <div class=\"wp-block-columns\"><div class=\"wp-block-column\"><div class=\"ls-cta \">\n\n<a href=\"https:\/\/www.domainelescarrelets.com\/de\/verpflegung-soulac-sur-mer\/\" target=\"\" rel=\"noopener\" class=\"ls-cta__link\">\n\n\t<div class=\"ls-cta__image\"><img decoding=\"async\" src=\"https:\/\/www.domainelescarrelets.com\/wp-content\/uploads\/2023\/10\/restaurant-les-carrelets-soulac-scaled.webp\" alt=\"restaurant les carrelets soulac\"><\/div>\n\t<div class=\"ls-cta__title\">\n\t\tRestaurant\t<\/div>\n\t<div class=\"ls-button ls-button--cta\"><span>Entdecken Sie<\/span><i class='oreades-right-arrow'><\/i><\/div>\n\n\t\n\t\t\n<\/a>\n\n\n<\/div><\/div><div class=\"wp-block-column\"><div class=\"ls-cta \">\n\n<a href=\"https:\/\/www.domainelescarrelets.com\/de\/schwimmbaedern-campsite-soulac\/\" target=\"\" rel=\"noopener\" class=\"ls-cta__link\">\n\n\t<div class=\"ls-cta__image\"><img decoding=\"async\" src=\"https:\/\/www.domainelescarrelets.com\/wp-content\/uploads\/2023\/10\/camping-piscine-gironde.webp\" alt=\"campingplatz swimmingpool gironde\"><\/div>\n\t<div class=\"ls-cta__title\">\n\t\tSchwimmb\u00e4dern\t<\/div>\n\t<div class=\"ls-button ls-button--cta\"><span>Entdecken Sie<\/span><i class='oreades-right-arrow'><\/i><\/div>\n\n\t\n\t\t\n<\/a>\n\n\n<\/div><\/div><div class=\"wp-block-column\"><div class=\"ls-cta \">\n\n<a href=\"https:\/\/www.domainelescarrelets.com\/de\/familienfreundlicher-campingplatz-soulac-sur-mer\/\" target=\"\" rel=\"noopener\" class=\"ls-cta__link\">\n\n\t<div class=\"ls-cta__image\"><img decoding=\"async\" src=\"https:\/\/www.domainelescarrelets.com\/wp-content\/uploads\/2023\/10\/mini-golf-camping-soulac.webp\" alt=\"mini golf camping soulac\"><\/div>\n\t<div class=\"ls-cta__title\">\n\t\tAktivit\u00e4ten\t<\/div>\n\t<div class=\"ls-button ls-button--cta\"><span>Entdecken Sie<\/span><i class='oreades-right-arrow'><\/i><\/div>\n\n\t\n\t\t\n<\/a>\n\n\n<\/div><\/div><\/div><\/div>\n\r\n    <\/div>\r\n<\/section>","protected":false},"excerpt":{"rendered":"","protected":false},"author":1,"featured_media":1259,"parent":0,"menu_order":0,"comment_status":"closed","ping_status":"closed","template":"","meta":{"_acf_changed":false,"inline_featured_image":false,"footnotes":""},"sujet":[],"class_list":["post-6882","page","type-page","status-publish","has-post-thumbnail","hentry"],"acf":[],"yoast_head":"<!-- This site is optimized with the Yoast SEO plugin v24.5 - https:\/\/yoast.com\/wordpress\/plugins\/seo\/ -->\n<title>G\u00fcnstiger Campingplatz Soulac sur Mer: Urlaub zum kleinen Preis in der Gironde<\/title>\n<meta name=\"robots\" content=\"index, follow, max-snippet:-1, max-image-preview:large, max-video-preview:-1\" \/>\n<link rel=\"canonical\" href=\"https:\/\/www.domainelescarrelets.com\/de\/guenstiger-campingplatz-zu-soulac-sur-mer\/\" \/>\n<meta property=\"og:locale\" content=\"de_DE\" \/>\n<meta property=\"og:type\" content=\"article\" \/>\n<meta property=\"og:title\" content=\"G\u00fcnstiger Campingplatz Soulac sur Mer: Urlaub zum kleinen Preis in der Gironde\" \/>\n<meta property=\"og:url\" content=\"https:\/\/www.domainelescarrelets.com\/de\/guenstiger-campingplatz-zu-soulac-sur-mer\/\" \/>\n<meta property=\"og:site_name\" content=\"Domaine Les Carrelets de Soulac\" \/>\n<meta property=\"article:modified_time\" content=\"2023-10-24T10:24:09+00:00\" \/>\n<meta property=\"og:image\" content=\"https:\/\/www.domainelescarrelets.com\/wp-content\/uploads\/2023\/10\/camping-soulac-gironde-edited-1.webp\" \/>\n\t<meta property=\"og:image:width\" content=\"2000\" \/>\n\t<meta property=\"og:image:height\" content=\"1250\" \/>\n\t<meta property=\"og:image:type\" content=\"image\/webp\" \/>\n<meta name=\"twitter:card\" content=\"summary_large_image\" \/>\n<meta name=\"twitter:label1\" content=\"Gesch\u00e4tzte Lesezeit\" \/>\n\t<meta name=\"twitter:data1\" content=\"2\u00a0Minuten\" \/>\n<script type=\"application\/ld+json\" class=\"yoast-schema-graph\">{\"@context\":\"https:\/\/schema.org\",\"@graph\":[{\"@type\":\"WebPage\",\"@id\":\"https:\/\/www.domainelescarrelets.com\/de\/guenstiger-campingplatz-zu-soulac-sur-mer\/\",\"url\":\"https:\/\/www.domainelescarrelets.com\/de\/guenstiger-campingplatz-zu-soulac-sur-mer\/\",\"name\":\"G\u00fcnstiger Campingplatz Soulac sur Mer: Urlaub zum kleinen Preis in der Gironde\",\"isPartOf\":{\"@id\":\"https:\/\/www.domainelescarrelets.com\/de\/#website\"},\"primaryImageOfPage\":{\"@id\":\"https:\/\/www.domainelescarrelets.com\/de\/guenstiger-campingplatz-zu-soulac-sur-mer\/#primaryimage\"},\"image\":{\"@id\":\"https:\/\/www.domainelescarrelets.com\/de\/guenstiger-campingplatz-zu-soulac-sur-mer\/#primaryimage\"},\"thumbnailUrl\":\"https:\/\/www.domainelescarrelets.com\/wp-content\/uploads\/2023\/10\/camping-soulac-gironde-edited-1.webp\",\"datePublished\":\"2023-10-10T14:08:04+00:00\",\"dateModified\":\"2023-10-24T10:24:09+00:00\",\"breadcrumb\":{\"@id\":\"https:\/\/www.domainelescarrelets.com\/de\/guenstiger-campingplatz-zu-soulac-sur-mer\/#breadcrumb\"},\"inLanguage\":\"de\",\"potentialAction\":[{\"@type\":\"ReadAction\",\"target\":[\"https:\/\/www.domainelescarrelets.com\/de\/guenstiger-campingplatz-zu-soulac-sur-mer\/\"]}]},{\"@type\":\"ImageObject\",\"inLanguage\":\"de\",\"@id\":\"https:\/\/www.domainelescarrelets.com\/de\/guenstiger-campingplatz-zu-soulac-sur-mer\/#primaryimage\",\"url\":\"https:\/\/www.domainelescarrelets.com\/wp-content\/uploads\/2023\/10\/camping-soulac-gironde-edited-1.webp\",\"contentUrl\":\"https:\/\/www.domainelescarrelets.com\/wp-content\/uploads\/2023\/10\/camping-soulac-gironde-edited-1.webp\",\"width\":2000,\"height\":1250,\"caption\":\"campingplatz soulac gironde\"},{\"@type\":\"BreadcrumbList\",\"@id\":\"https:\/\/www.domainelescarrelets.com\/de\/guenstiger-campingplatz-zu-soulac-sur-mer\/#breadcrumb\",\"itemListElement\":[{\"@type\":\"ListItem\",\"position\":1,\"name\":\"Camping Soulac-sur-Mer\",\"item\":\"https:\/\/www.domainelescarrelets.com\/de\/\"},{\"@type\":\"ListItem\",\"position\":2,\"name\":\"Tarife\"}]},{\"@type\":\"WebSite\",\"@id\":\"https:\/\/www.domainelescarrelets.com\/de\/#website\",\"url\":\"https:\/\/www.domainelescarrelets.com\/de\/\",\"name\":\"Domaine Les Carrelets de Soulac\",\"description\":\"\",\"publisher\":{\"@id\":\"https:\/\/www.domainelescarrelets.com\/de\/#organization\"},\"potentialAction\":[{\"@type\":\"SearchAction\",\"target\":{\"@type\":\"EntryPoint\",\"urlTemplate\":\"https:\/\/www.domainelescarrelets.com\/de\/?s={search_term_string}\"},\"query-input\":{\"@type\":\"PropertyValueSpecification\",\"valueRequired\":true,\"valueName\":\"search_term_string\"}}],\"inLanguage\":\"de\"},{\"@type\":\"Organization\",\"@id\":\"https:\/\/www.domainelescarrelets.com\/de\/#organization\",\"name\":\"Domaine Les Carrelets de Soulac\",\"url\":\"https:\/\/www.domainelescarrelets.com\/de\/\",\"logo\":{\"@type\":\"ImageObject\",\"inLanguage\":\"de\",\"@id\":\"https:\/\/www.domainelescarrelets.com\/de\/#\/schema\/logo\/image\/\",\"url\":\"https:\/\/www.domainelescarrelets.com\/wp-content\/uploads\/2023\/10\/cropped-cropped-les-carrelets-soulac.webp\",\"contentUrl\":\"https:\/\/www.domainelescarrelets.com\/wp-content\/uploads\/2023\/10\/cropped-cropped-les-carrelets-soulac.webp\",\"width\":490,\"height\":175,\"caption\":\"Domaine Les Carrelets de Soulac\"},\"image\":{\"@id\":\"https:\/\/www.domainelescarrelets.com\/de\/#\/schema\/logo\/image\/\"}}]}<\/script>\n<!-- \/ Yoast SEO plugin. -->","yoast_head_json":{"title":"G\u00fcnstiger Campingplatz Soulac sur Mer: Urlaub zum kleinen Preis in der Gironde","robots":{"index":"index","follow":"follow","max-snippet":"max-snippet:-1","max-image-preview":"max-image-preview:large","max-video-preview":"max-video-preview:-1"},"canonical":"https:\/\/www.domainelescarrelets.com\/de\/guenstiger-campingplatz-zu-soulac-sur-mer\/","og_locale":"de_DE","og_type":"article","og_title":"G\u00fcnstiger Campingplatz Soulac sur Mer: Urlaub zum kleinen Preis in der Gironde","og_url":"https:\/\/www.domainelescarrelets.com\/de\/guenstiger-campingplatz-zu-soulac-sur-mer\/","og_site_name":"Domaine Les Carrelets de Soulac","article_modified_time":"2023-10-24T10:24:09+00:00","og_image":[{"width":2000,"height":1250,"url":"https:\/\/www.domainelescarrelets.com\/wp-content\/uploads\/2023\/10\/camping-soulac-gironde-edited-1.webp","type":"image\/webp"}],"twitter_card":"summary_large_image","twitter_misc":{"Gesch\u00e4tzte Lesezeit":"2\u00a0Minuten"},"schema":{"@context":"https:\/\/schema.org","@graph":[{"@type":"WebPage","@id":"https:\/\/www.domainelescarrelets.com\/de\/guenstiger-campingplatz-zu-soulac-sur-mer\/","url":"https:\/\/www.domainelescarrelets.com\/de\/guenstiger-campingplatz-zu-soulac-sur-mer\/","name":"G\u00fcnstiger Campingplatz Soulac sur Mer: Urlaub zum kleinen Preis in der Gironde","isPartOf":{"@id":"https:\/\/www.domainelescarrelets.com\/de\/#website"},"primaryImageOfPage":{"@id":"https:\/\/www.domainelescarrelets.com\/de\/guenstiger-campingplatz-zu-soulac-sur-mer\/#primaryimage"},"image":{"@id":"https:\/\/www.domainelescarrelets.com\/de\/guenstiger-campingplatz-zu-soulac-sur-mer\/#primaryimage"},"thumbnailUrl":"https:\/\/www.domainelescarrelets.com\/wp-content\/uploads\/2023\/10\/camping-soulac-gironde-edited-1.webp","datePublished":"2023-10-10T14:08:04+00:00","dateModified":"2023-10-24T10:24:09+00:00","breadcrumb":{"@id":"https:\/\/www.domainelescarrelets.com\/de\/guenstiger-campingplatz-zu-soulac-sur-mer\/#breadcrumb"},"inLanguage":"de","potentialAction":[{"@type":"ReadAction","target":["https:\/\/www.domainelescarrelets.com\/de\/guenstiger-campingplatz-zu-soulac-sur-mer\/"]}]},{"@type":"ImageObject","inLanguage":"de","@id":"https:\/\/www.domainelescarrelets.com\/de\/guenstiger-campingplatz-zu-soulac-sur-mer\/#primaryimage","url":"https:\/\/www.domainelescarrelets.com\/wp-content\/uploads\/2023\/10\/camping-soulac-gironde-edited-1.webp","contentUrl":"https:\/\/www.domainelescarrelets.com\/wp-content\/uploads\/2023\/10\/camping-soulac-gironde-edited-1.webp","width":2000,"height":1250,"caption":"campingplatz soulac gironde"},{"@type":"BreadcrumbList","@id":"https:\/\/www.domainelescarrelets.com\/de\/guenstiger-campingplatz-zu-soulac-sur-mer\/#breadcrumb","itemListElement":[{"@type":"ListItem","position":1,"name":"Camping Soulac-sur-Mer","item":"https:\/\/www.domainelescarrelets.com\/de\/"},{"@type":"ListItem","position":2,"name":"Tarife"}]},{"@type":"WebSite","@id":"https:\/\/www.domainelescarrelets.com\/de\/#website","url":"https:\/\/www.domainelescarrelets.com\/de\/","name":"Domaine Les Carrelets de Soulac","description":"","publisher":{"@id":"https:\/\/www.domainelescarrelets.com\/de\/#organization"},"potentialAction":[{"@type":"SearchAction","target":{"@type":"EntryPoint","urlTemplate":"https:\/\/www.domainelescarrelets.com\/de\/?s={search_term_string}"},"query-input":{"@type":"PropertyValueSpecification","valueRequired":true,"valueName":"search_term_string"}}],"inLanguage":"de"},{"@type":"Organization","@id":"https:\/\/www.domainelescarrelets.com\/de\/#organization","name":"Domaine Les Carrelets de Soulac","url":"https:\/\/www.domainelescarrelets.com\/de\/","logo":{"@type":"ImageObject","inLanguage":"de","@id":"https:\/\/www.domainelescarrelets.com\/de\/#\/schema\/logo\/image\/","url":"https:\/\/www.domainelescarrelets.com\/wp-content\/uploads\/2023\/10\/cropped-cropped-les-carrelets-soulac.webp","contentUrl":"https:\/\/www.domainelescarrelets.com\/wp-content\/uploads\/2023\/10\/cropped-cropped-les-carrelets-soulac.webp","width":490,"height":175,"caption":"Domaine Les Carrelets de Soulac"},"image":{"@id":"https:\/\/www.domainelescarrelets.com\/de\/#\/schema\/logo\/image\/"}}]}},"_links":{"self":[{"href":"https:\/\/www.domainelescarrelets.com\/de\/wp-json\/wp\/v2\/pages\/6882","targetHints":{"allow":["GET"]}}],"collection":[{"href":"https:\/\/www.domainelescarrelets.com\/de\/wp-json\/wp\/v2\/pages"}],"about":[{"href":"https:\/\/www.domainelescarrelets.com\/de\/wp-json\/wp\/v2\/types\/page"}],"author":[{"embeddable":true,"href":"https:\/\/www.domainelescarrelets.com\/de\/wp-json\/wp\/v2\/users\/1"}],"replies":[{"embeddable":true,"href":"https:\/\/www.domainelescarrelets.com\/de\/wp-json\/wp\/v2\/comments?post=6882"}],"version-history":[{"count":4,"href":"https:\/\/www.domainelescarrelets.com\/de\/wp-json\/wp\/v2\/pages\/6882\/revisions"}],"predecessor-version":[{"id":7286,"href":"https:\/\/www.domainelescarrelets.com\/de\/wp-json\/wp\/v2\/pages\/6882\/revisions\/7286"}],"wp:featuredmedia":[{"embeddable":true,"href":"https:\/\/www.domainelescarrelets.com\/de\/wp-json\/wp\/v2\/media\/1259"}],"wp:attachment":[{"href":"https:\/\/www.domainelescarrelets.com\/de\/wp-json\/wp\/v2\/media?parent=6882"}],"wp:term":[{"taxonomy":"sujet","embeddable":true,"href":"https:\/\/www.domainelescarrelets.com\/de\/wp-json\/wp\/v2\/sujet?post=6882"}],"curies":[{"name":"wp","href":"https:\/\/api.w.org\/{rel}","templated":true}]}}