{"id":6980,"date":"2023-10-10T16:06:56","date_gmt":"2023-10-10T14:06:56","guid":{"rendered":"https:\/\/www.domainelescarrelets.com\/unsere-verpflichtungen\/"},"modified":"2023-10-24T11:21:37","modified_gmt":"2023-10-24T09:21:37","slug":"unsere-verpflichtungen","status":"publish","type":"page","link":"https:\/\/www.domainelescarrelets.com\/de\/unsere-verpflichtungen\/","title":{"rendered":"Engagement"},"content":{"rendered":"<section id=\"ls-section-block_816df20bff6a1791feb0105193494a8e\" class=\"ls-section  page-intro\" >\r\n        <div class=\"container \">\r\n        \n\n<div class=\"wp-block-columns is-layout-flex wp-container-core-columns-is-layout-9d6595d7 wp-block-columns-is-layout-flex\">\n<div class=\"wp-block-column is-layout-flow wp-block-column-is-layout-flow\">\n<h1 class=\"ls__heading wp-block-heading has-text-align-center\">Unsere Verpflichtungen<\/h1>\n<\/div>\n<\/div>\n\n\r\n    <\/div>\r\n<\/section>\n\n<section id=\"ls-section-block_004645516c1fd7138c68c06ef1e85fda\" class=\"ls-section  page-one has-p-t p-t-0\" >\r\n        <div class=\"container container--wide\">\r\n        \n\n<div class=\"wp-block-columns is-layout-flex wp-container-core-columns-is-layout-9d6595d7 wp-block-columns-is-layout-flex\">\n<div class=\"wp-block-column first is-layout-flow wp-block-column-is-layout-flow\" style=\"flex-basis:66.66%\">\n<figure class=\"wp-block-gallery has-nested-images columns-default is-cropped gallery-slider wp-block-gallery-1 is-layout-flex wp-block-gallery-is-layout-flex\">\n<figure class=\"wp-block-image size-full\"><a href=\"https:\/\/www.domainelescarrelets.com\/wp-content\/uploads\/2023\/10\/camping-soulac-gironde-edited-1.webp\"><img decoding=\"async\" width=\"2000\" height=\"1332\" data-id=\"1256\" src=\"https:\/\/www.domainelescarrelets.com\/wp-content\/uploads\/2023\/10\/camping-soulac-gironde-edited-1.webp\" alt=\"campingplatz soulac gironde\" class=\"wp-image-1256\" srcset=\"https:\/\/www.domainelescarrelets.com\/wp-content\/uploads\/2023\/10\/camping-soulac-gironde-edited-1.webp 2000w, https:\/\/www.domainelescarrelets.com\/wp-content\/uploads\/2023\/10\/camping-soulac-gironde-edited-1-300x200.webp 300w, https:\/\/www.domainelescarrelets.com\/wp-content\/uploads\/2023\/10\/camping-soulac-gironde-edited-1-1024x682.webp 1024w, https:\/\/www.domainelescarrelets.com\/wp-content\/uploads\/2023\/10\/camping-soulac-gironde-edited-1-768x511.webp 768w, https:\/\/www.domainelescarrelets.com\/wp-content\/uploads\/2023\/10\/camping-soulac-gironde-edited-1-1536x1023.webp 1536w\" sizes=\"(max-width: 2000px) 100vw, 2000px\" \/><\/a><\/figure>\n\n\n\n<figure class=\"wp-block-image size-full\"><a href=\"https:\/\/www.domainelescarrelets.com\/wp-content\/uploads\/2023\/10\/grande-cabane-camping-soulac.jpg\"><img decoding=\"async\" width=\"1200\" height=\"800\" data-id=\"5165\" src=\"https:\/\/www.domainelescarrelets.com\/wp-content\/uploads\/2023\/10\/grande-cabane-camping-soulac.jpg\" alt=\"gro\u00dfe h\u00fctte camping soulac\" class=\"wp-image-5165\" srcset=\"https:\/\/www.domainelescarrelets.com\/wp-content\/uploads\/2023\/10\/grande-cabane-camping-soulac.jpg 1200w, https:\/\/www.domainelescarrelets.com\/wp-content\/uploads\/2023\/10\/grande-cabane-camping-soulac-300x200.jpg 300w, https:\/\/www.domainelescarrelets.com\/wp-content\/uploads\/2023\/10\/grande-cabane-camping-soulac-1024x683.jpg 1024w, https:\/\/www.domainelescarrelets.com\/wp-content\/uploads\/2023\/10\/grande-cabane-camping-soulac-768x512.jpg 768w\" sizes=\"(max-width: 1200px) 100vw, 1200px\" \/><\/a><\/figure>\n\n\n\n<figure class=\"wp-block-image size-full\"><a href=\"https:\/\/www.domainelescarrelets.com\/wp-content\/uploads\/2023\/10\/angelo-pantazis-zXVk8mNl9M0-unsplash.webp\"><img decoding=\"async\" width=\"2000\" height=\"1586\" data-id=\"5764\" src=\"https:\/\/www.domainelescarrelets.com\/wp-content\/uploads\/2023\/10\/angelo-pantazis-zXVk8mNl9M0-unsplash.webp\" alt=\"angelo pantazis zXVk8mNl9M0 unsplash\" class=\"wp-image-5764\" srcset=\"https:\/\/www.domainelescarrelets.com\/wp-content\/uploads\/2023\/10\/angelo-pantazis-zXVk8mNl9M0-unsplash.webp 2000w, https:\/\/www.domainelescarrelets.com\/wp-content\/uploads\/2023\/10\/angelo-pantazis-zXVk8mNl9M0-unsplash-300x238.webp 300w, https:\/\/www.domainelescarrelets.com\/wp-content\/uploads\/2023\/10\/angelo-pantazis-zXVk8mNl9M0-unsplash-1024x812.webp 1024w, https:\/\/www.domainelescarrelets.com\/wp-content\/uploads\/2023\/10\/angelo-pantazis-zXVk8mNl9M0-unsplash-768x609.webp 768w, https:\/\/www.domainelescarrelets.com\/wp-content\/uploads\/2023\/10\/angelo-pantazis-zXVk8mNl9M0-unsplash-1536x1218.webp 1536w\" sizes=\"(max-width: 2000px) 100vw, 2000px\" \/><\/a><\/figure>\n\n\n\n<figure class=\"wp-block-image size-full\"><a href=\"https:\/\/www.domainelescarrelets.com\/wp-content\/uploads\/2023\/10\/espace-bien-etre.webp\"><img decoding=\"async\" width=\"2000\" height=\"1333\" data-id=\"723\" src=\"https:\/\/www.domainelescarrelets.com\/wp-content\/uploads\/2023\/10\/espace-bien-etre.webp\" alt=\"Wellnessbereich\" class=\"wp-image-723\" srcset=\"https:\/\/www.domainelescarrelets.com\/wp-content\/uploads\/2023\/10\/espace-bien-etre.webp 2000w, https:\/\/www.domainelescarrelets.com\/wp-content\/uploads\/2023\/10\/espace-bien-etre-300x200.webp 300w, https:\/\/www.domainelescarrelets.com\/wp-content\/uploads\/2023\/10\/espace-bien-etre-1024x682.webp 1024w, https:\/\/www.domainelescarrelets.com\/wp-content\/uploads\/2023\/10\/espace-bien-etre-768x512.webp 768w, https:\/\/www.domainelescarrelets.com\/wp-content\/uploads\/2023\/10\/espace-bien-etre-1536x1024.webp 1536w\" sizes=\"(max-width: 2000px) 100vw, 2000px\" \/><\/a><\/figure>\n<\/figure>\n<\/div>\n\n\n\n<div class=\"wp-block-column is-vertically-aligned-center second is-layout-flow wp-block-column-is-layout-flow\" style=\"flex-basis:33.33%\">\n<h2 class=\"ls__heading wp-block-heading deco\">Eine nat\u00fcrliche, \u00f6ko-gepflegte Dom\u00e4ne<\/h2>\n\n\n\n<p class=\"ls-paragraph has-text-align-left\"><a href=\"\/de\/\">Yelloh Domaine les Carrelets de Soulac<\/a> setzt sich konkret f\u00fcr die Umwelt ein, um einen verantwortungsbewussten Urlaub in Osmose mit der umgebenden Natur zu erm\u00f6glichen.<\/p>\n\n\n\n<h2 class=\"ls__heading wp-block-heading has-text-align-left deco\">Unterk\u00fcnfte made in France<\/h2>\n\n\n\n<p class=\"ls-paragraph has-text-align-left\">Bei Yelloh Domaine les Carrelets de Soulac sind unsere Unterk\u00fcnfte made in France. Sie setzen auf Holz und nat\u00fcrliche Materialien, um sich harmonisch in diese au\u00dfergew\u00f6hnliche landschaftliche Umgebung einzuf\u00fcgen. Man f\u00fchlt sich f\u00f6rmlich in eine Blase der Gelassenheit geh\u00fcllt, die dazu einl\u00e4dt, sich selbst gegen\u00fcber wohlwollend zu sein, andere zu respektieren und die Natur zu achten.<\/p>\n<\/div>\n<\/div>\n\n\r\n    <\/div>\r\n<\/section>\n\n<section id=\"ls-section-block_b0640100474a550495b94290d626cc9f\" class=\"ls-section  page-one has-background has-color-4-background-color\" >\r\n        <div class=\"container container--wide\">\r\n        \n\n<div class=\"wp-block-columns is-layout-flex wp-container-core-columns-is-layout-9d6595d7 wp-block-columns-is-layout-flex\">\n<div class=\"wp-block-column is-vertically-aligned-center is-layout-flow wp-block-column-is-layout-flow\" style=\"flex-basis:33.33%\">\n<h2 class=\"ls__heading wp-block-heading has-text-align-left deco\">\u00d6kofreundliche Ausstattung<\/h2>\n\n\n\n<p class=\"ls-paragraph\">Die Unterk\u00fcnfte, die wir Ihnen anbieten, sind so ausgestattet, dass sie einen komfortablen Aufenthalt gew\u00e4hrleisten und eine minimale Umweltbelastung garantieren: umkehrbare Klimaanlage, Wasserh\u00e4hne mit Wassersparfunktion, doppelflutige Toilettensp\u00fclung, LED-Beleuchtung, Haushaltsger\u00e4te der Energieklassen A+ und A++.<\/p>\n\n\n\n<h2 class=\"ls__heading wp-block-heading deco\">Verpflichtungen zur Erhaltung der Biodiversit\u00e4t<\/h2>\n\n\n\n<p class=\"ls-paragraph\">Wir sind stolz auf unsere Region, die eine unglaublich reiche Flora und Fauna beherbergt! Auf unserem Landgut setzen wir alles daran, diesen au\u00dfergew\u00f6hnlichen Naturraum zu erhalten und bevorzugen daher nicht-invasive Pflanzen sowie B\u00e4ume und Str\u00e4ucher, die in unserer Region nat\u00fcrlich vorkommen. Dar\u00fcber hinaus richten wir Nistk\u00e4sten und andere Unterk\u00fcnfte f\u00fcr V\u00f6gel und lokale Kleintiere ein.<\/p>\n<\/div>\n\n\n\n<div class=\"wp-block-column is-layout-flow wp-block-column-is-layout-flow\" style=\"flex-basis:66.66%\">\n<figure class=\"wp-block-image size-full\"><img decoding=\"async\" width=\"1280\" height=\"850\" src=\"https:\/\/www.domainelescarrelets.com\/wp-content\/uploads\/2023\/10\/camping-ecologie-verdon.webp\" alt=\"camping \u00f6kologie verdon\" class=\"wp-image-6548\" srcset=\"https:\/\/www.domainelescarrelets.com\/wp-content\/uploads\/2023\/10\/camping-ecologie-verdon.webp 1280w, https:\/\/www.domainelescarrelets.com\/wp-content\/uploads\/2023\/10\/camping-ecologie-verdon-300x199.webp 300w, https:\/\/www.domainelescarrelets.com\/wp-content\/uploads\/2023\/10\/camping-ecologie-verdon-1024x680.webp 1024w, https:\/\/www.domainelescarrelets.com\/wp-content\/uploads\/2023\/10\/camping-ecologie-verdon-768x510.webp 768w\" sizes=\"(max-width: 1280px) 100vw, 1280px\" \/><\/figure>\n<\/div>\n<\/div>\n\n\r\n    <\/div>\r\n<\/section>\n\n<section id=\"ls-section-block_d3c19f574b46fd732fcb7a3c52f78730\" class=\"ls-section  page-one has-background has-color-white-background-color\" >\r\n        <div class=\"container container--wide\">\r\n        \n\n<div class=\"wp-block-columns is-layout-flex wp-container-core-columns-is-layout-9d6595d7 wp-block-columns-is-layout-flex\">\n<div class=\"wp-block-column is-layout-flow wp-block-column-is-layout-flow\" style=\"flex-basis:66.66%\">\n<figure class=\"wp-block-image size-full\"><img decoding=\"async\" width=\"2000\" height=\"1333\" src=\"https:\/\/www.domainelescarrelets.com\/wp-content\/uploads\/2023\/10\/epicerie-soulac.webp\" alt=\"Lebensmittelgesch\u00e4ft Soulac\" class=\"wp-image-708\" srcset=\"https:\/\/www.domainelescarrelets.com\/wp-content\/uploads\/2023\/10\/epicerie-soulac.webp 2000w, https:\/\/www.domainelescarrelets.com\/wp-content\/uploads\/2023\/10\/epicerie-soulac-300x200.webp 300w, https:\/\/www.domainelescarrelets.com\/wp-content\/uploads\/2023\/10\/epicerie-soulac-1024x682.webp 1024w, https:\/\/www.domainelescarrelets.com\/wp-content\/uploads\/2023\/10\/epicerie-soulac-768x512.webp 768w, https:\/\/www.domainelescarrelets.com\/wp-content\/uploads\/2023\/10\/epicerie-soulac-1536x1024.webp 1536w\" sizes=\"(max-width: 2000px) 100vw, 2000px\" \/><\/figure>\n<\/div>\n\n\n\n<div class=\"wp-block-column is-vertically-aligned-center is-layout-flow wp-block-column-is-layout-flow\" style=\"flex-basis:33.33%\">\n<h2 class=\"ls__heading wp-block-heading has-text-align-left deco\">Bioprodukte und lokavorische Gerichte<\/h2>\n\n\n\n<p class=\"ls-paragraph\">Unser K\u00fcchenchef gestaltet seine Speisekarte haupts\u00e4chlich mit Zutaten, die in unserer Region produziert werden und idealerweise aus biologischem Anbau stammen. Was unseren Lebensmittelladen betrifft, so finden Sie dort eine gro\u00dfe Auswahl an lokalen und\/oder biologisch angebauten Produkten.<\/p>\n<\/div>\n<\/div>\n\n\r\n    <\/div>\r\n<\/section>\n\n<section id=\"ls-section-block_4ad3bb5e2f262926cf8721afb4e86cb0\" class=\"ls-section  page-maillage has-p-b p-b-14\" >\r\n        <div class=\"container container--wide\">\r\n        \n\n<div id=\"ls-heading ls-titre-div-block_9d566f5c0cc4496fd700c7000d1575ed\" class=\"ls-titre-div deco h2-like\" >\n    <em>Entdecken Sie die Dienstleistungen, <\/em> <\/br>den Wasserbereich und Restaurants!<\/div>\n\n\n<div id=\"ls-maillage-block_db1ac7a3a57943c90c8013c32e55e163\" class=\"ls-maillage cta-style-normal\" data-rows=\"3\">\n    <div class=\"wp-block-columns\"><div class=\"wp-block-column\"><div class=\"ls-cta \">\n\n<a href=\"https:\/\/www.domainelescarrelets.com\/de\/unsere-dienste\/\" target=\"\" rel=\"noopener\" class=\"ls-cta__link\">\n\n\t<div class=\"ls-cta__image\"><img decoding=\"async\" src=\"https:\/\/www.domainelescarrelets.com\/wp-content\/uploads\/2023\/10\/camping-familial-gironde.webp\" alt=\"familiencampingplatz gironde\"><\/div>\n\t<div class=\"ls-cta__title\">\n\t\tDienste\t<\/div>\n\t<div class=\"ls-button ls-button--cta\"><span>Entdecken Sie<\/span><i class='oreades-right-arrow'><\/i><\/div>\n\n\t\n\t\t\n<\/a>\n\n\n<\/div><\/div><div class=\"wp-block-column\"><div class=\"ls-cta \">\n\n<a href=\"https:\/\/www.domainelescarrelets.com\/de\/verpflegung-soulac-sur-mer\/\" target=\"\" rel=\"noopener\" class=\"ls-cta__link\">\n\n\t<div class=\"ls-cta__image\"><img decoding=\"async\" src=\"https:\/\/www.domainelescarrelets.com\/wp-content\/uploads\/2023\/10\/restaurant-les-carrelets-soulac-scaled.webp\" alt=\"restaurant les carrelets soulac\"><\/div>\n\t<div class=\"ls-cta__title\">\n\t\tRestaurant\t<\/div>\n\t<div class=\"ls-button ls-button--cta\"><span>Entdecken Sie<\/span><i class='oreades-right-arrow'><\/i><\/div>\n\n\t\n\t\t\n<\/a>\n\n\n<\/div><\/div><div class=\"wp-block-column\"><div class=\"ls-cta \">\n\n<a href=\"https:\/\/www.domainelescarrelets.com\/de\/schwimmbaedern-campsite-soulac\/\" target=\"\" rel=\"noopener\" class=\"ls-cta__link\">\n\n\t<div class=\"ls-cta__image\"><img decoding=\"async\" src=\"https:\/\/www.domainelescarrelets.com\/wp-content\/uploads\/2023\/10\/camping-piscine-gironde.webp\" alt=\"campingplatz swimmingpool gironde\"><\/div>\n\t<div class=\"ls-cta__title\">\n\t\tSchwimmb\u00e4dern\t<\/div>\n\t<div class=\"ls-button ls-button--cta\"><span>Entdecken Sie<\/span><i class='oreades-right-arrow'><\/i><\/div>\n\n\t\n\t\t\n<\/a>\n\n\n<\/div><\/div><\/div><\/div>\n\r\n    <\/div>\r\n<\/section>","protected":false},"excerpt":{"rendered":"","protected":false},"author":1,"featured_media":0,"parent":0,"menu_order":0,"comment_status":"closed","ping_status":"closed","template":"","meta":{"_acf_changed":false,"inline_featured_image":false,"footnotes":""},"sujet":[],"class_list":["post-6980","page","type-page","status-publish","hentry"],"acf":[],"yoast_head":"<!-- This site is optimized with the Yoast SEO plugin v24.5 - https:\/\/yoast.com\/wordpress\/plugins\/seo\/ -->\n<title>\u00d6ko-Camping Soulac-sur-Mer: Die Verpflichtungen unseres \u00d6ko-Campingplatzes in der Gironde<\/title>\n<meta name=\"robots\" content=\"index, follow, max-snippet:-1, max-image-preview:large, max-video-preview:-1\" \/>\n<link rel=\"canonical\" href=\"https:\/\/www.domainelescarrelets.com\/de\/unsere-verpflichtungen\/\" \/>\n<meta property=\"og:locale\" content=\"de_DE\" \/>\n<meta property=\"og:type\" content=\"article\" \/>\n<meta property=\"og:title\" content=\"\u00d6ko-Camping Soulac-sur-Mer: Die Verpflichtungen unseres \u00d6ko-Campingplatzes in der Gironde\" \/>\n<meta property=\"og:url\" content=\"https:\/\/www.domainelescarrelets.com\/de\/unsere-verpflichtungen\/\" \/>\n<meta property=\"og:site_name\" content=\"Domaine Les Carrelets de Soulac\" \/>\n<meta property=\"article:modified_time\" content=\"2023-10-24T09:21:37+00:00\" \/>\n<meta property=\"og:image\" content=\"https:\/\/www.domainelescarrelets.com\/wp-content\/uploads\/2023\/10\/camping-soulac-gironde-edited-1.webp\" \/>\n<meta name=\"twitter:card\" content=\"summary_large_image\" \/>\n<meta name=\"twitter:label1\" content=\"Gesch\u00e4tzte Lesezeit\" \/>\n\t<meta name=\"twitter:data1\" content=\"3\u00a0Minuten\" \/>\n<script type=\"application\/ld+json\" class=\"yoast-schema-graph\">{\"@context\":\"https:\/\/schema.org\",\"@graph\":[{\"@type\":\"WebPage\",\"@id\":\"https:\/\/www.domainelescarrelets.com\/de\/unsere-verpflichtungen\/\",\"url\":\"https:\/\/www.domainelescarrelets.com\/de\/unsere-verpflichtungen\/\",\"name\":\"\u00d6ko-Camping Soulac-sur-Mer: Die Verpflichtungen unseres \u00d6ko-Campingplatzes in der Gironde\",\"isPartOf\":{\"@id\":\"https:\/\/www.domainelescarrelets.com\/de\/#website\"},\"primaryImageOfPage\":{\"@id\":\"https:\/\/www.domainelescarrelets.com\/de\/unsere-verpflichtungen\/#primaryimage\"},\"image\":{\"@id\":\"https:\/\/www.domainelescarrelets.com\/de\/unsere-verpflichtungen\/#primaryimage\"},\"thumbnailUrl\":\"https:\/\/www.domainelescarrelets.com\/wp-content\/uploads\/2023\/10\/camping-soulac-gironde-edited-1.webp\",\"datePublished\":\"2023-10-10T14:06:56+00:00\",\"dateModified\":\"2023-10-24T09:21:37+00:00\",\"breadcrumb\":{\"@id\":\"https:\/\/www.domainelescarrelets.com\/de\/unsere-verpflichtungen\/#breadcrumb\"},\"inLanguage\":\"de\",\"potentialAction\":[{\"@type\":\"ReadAction\",\"target\":[\"https:\/\/www.domainelescarrelets.com\/de\/unsere-verpflichtungen\/\"]}]},{\"@type\":\"ImageObject\",\"inLanguage\":\"de\",\"@id\":\"https:\/\/www.domainelescarrelets.com\/de\/unsere-verpflichtungen\/#primaryimage\",\"url\":\"https:\/\/www.domainelescarrelets.com\/wp-content\/uploads\/2023\/10\/camping-soulac-gironde-edited-1.webp\",\"contentUrl\":\"https:\/\/www.domainelescarrelets.com\/wp-content\/uploads\/2023\/10\/camping-soulac-gironde-edited-1.webp\"},{\"@type\":\"BreadcrumbList\",\"@id\":\"https:\/\/www.domainelescarrelets.com\/de\/unsere-verpflichtungen\/#breadcrumb\",\"itemListElement\":[{\"@type\":\"ListItem\",\"position\":1,\"name\":\"Camping Soulac-sur-Mer\",\"item\":\"https:\/\/www.domainelescarrelets.com\/de\/\"},{\"@type\":\"ListItem\",\"position\":2,\"name\":\"\u00d6kologischer Campingplatz Soulac-sur-Mer\"}]},{\"@type\":\"WebSite\",\"@id\":\"https:\/\/www.domainelescarrelets.com\/de\/#website\",\"url\":\"https:\/\/www.domainelescarrelets.com\/de\/\",\"name\":\"Domaine Les Carrelets de Soulac\",\"description\":\"\",\"publisher\":{\"@id\":\"https:\/\/www.domainelescarrelets.com\/de\/#organization\"},\"potentialAction\":[{\"@type\":\"SearchAction\",\"target\":{\"@type\":\"EntryPoint\",\"urlTemplate\":\"https:\/\/www.domainelescarrelets.com\/de\/?s={search_term_string}\"},\"query-input\":{\"@type\":\"PropertyValueSpecification\",\"valueRequired\":true,\"valueName\":\"search_term_string\"}}],\"inLanguage\":\"de\"},{\"@type\":\"Organization\",\"@id\":\"https:\/\/www.domainelescarrelets.com\/de\/#organization\",\"name\":\"Domaine Les Carrelets de Soulac\",\"url\":\"https:\/\/www.domainelescarrelets.com\/de\/\",\"logo\":{\"@type\":\"ImageObject\",\"inLanguage\":\"de\",\"@id\":\"https:\/\/www.domainelescarrelets.com\/de\/#\/schema\/logo\/image\/\",\"url\":\"https:\/\/www.domainelescarrelets.com\/wp-content\/uploads\/2023\/10\/cropped-cropped-les-carrelets-soulac.webp\",\"contentUrl\":\"https:\/\/www.domainelescarrelets.com\/wp-content\/uploads\/2023\/10\/cropped-cropped-les-carrelets-soulac.webp\",\"width\":490,\"height\":175,\"caption\":\"Domaine Les Carrelets de Soulac\"},\"image\":{\"@id\":\"https:\/\/www.domainelescarrelets.com\/de\/#\/schema\/logo\/image\/\"}}]}<\/script>\n<!-- \/ Yoast SEO plugin. -->","yoast_head_json":{"title":"\u00d6ko-Camping Soulac-sur-Mer: Die Verpflichtungen unseres \u00d6ko-Campingplatzes in der Gironde","robots":{"index":"index","follow":"follow","max-snippet":"max-snippet:-1","max-image-preview":"max-image-preview:large","max-video-preview":"max-video-preview:-1"},"canonical":"https:\/\/www.domainelescarrelets.com\/de\/unsere-verpflichtungen\/","og_locale":"de_DE","og_type":"article","og_title":"\u00d6ko-Camping Soulac-sur-Mer: Die Verpflichtungen unseres \u00d6ko-Campingplatzes in der Gironde","og_url":"https:\/\/www.domainelescarrelets.com\/de\/unsere-verpflichtungen\/","og_site_name":"Domaine Les Carrelets de Soulac","article_modified_time":"2023-10-24T09:21:37+00:00","og_image":[{"url":"https:\/\/www.domainelescarrelets.com\/wp-content\/uploads\/2023\/10\/camping-soulac-gironde-edited-1.webp","type":"","width":"","height":""}],"twitter_card":"summary_large_image","twitter_misc":{"Gesch\u00e4tzte Lesezeit":"3\u00a0Minuten"},"schema":{"@context":"https:\/\/schema.org","@graph":[{"@type":"WebPage","@id":"https:\/\/www.domainelescarrelets.com\/de\/unsere-verpflichtungen\/","url":"https:\/\/www.domainelescarrelets.com\/de\/unsere-verpflichtungen\/","name":"\u00d6ko-Camping Soulac-sur-Mer: Die Verpflichtungen unseres \u00d6ko-Campingplatzes in der Gironde","isPartOf":{"@id":"https:\/\/www.domainelescarrelets.com\/de\/#website"},"primaryImageOfPage":{"@id":"https:\/\/www.domainelescarrelets.com\/de\/unsere-verpflichtungen\/#primaryimage"},"image":{"@id":"https:\/\/www.domainelescarrelets.com\/de\/unsere-verpflichtungen\/#primaryimage"},"thumbnailUrl":"https:\/\/www.domainelescarrelets.com\/wp-content\/uploads\/2023\/10\/camping-soulac-gironde-edited-1.webp","datePublished":"2023-10-10T14:06:56+00:00","dateModified":"2023-10-24T09:21:37+00:00","breadcrumb":{"@id":"https:\/\/www.domainelescarrelets.com\/de\/unsere-verpflichtungen\/#breadcrumb"},"inLanguage":"de","potentialAction":[{"@type":"ReadAction","target":["https:\/\/www.domainelescarrelets.com\/de\/unsere-verpflichtungen\/"]}]},{"@type":"ImageObject","inLanguage":"de","@id":"https:\/\/www.domainelescarrelets.com\/de\/unsere-verpflichtungen\/#primaryimage","url":"https:\/\/www.domainelescarrelets.com\/wp-content\/uploads\/2023\/10\/camping-soulac-gironde-edited-1.webp","contentUrl":"https:\/\/www.domainelescarrelets.com\/wp-content\/uploads\/2023\/10\/camping-soulac-gironde-edited-1.webp"},{"@type":"BreadcrumbList","@id":"https:\/\/www.domainelescarrelets.com\/de\/unsere-verpflichtungen\/#breadcrumb","itemListElement":[{"@type":"ListItem","position":1,"name":"Camping Soulac-sur-Mer","item":"https:\/\/www.domainelescarrelets.com\/de\/"},{"@type":"ListItem","position":2,"name":"\u00d6kologischer Campingplatz Soulac-sur-Mer"}]},{"@type":"WebSite","@id":"https:\/\/www.domainelescarrelets.com\/de\/#website","url":"https:\/\/www.domainelescarrelets.com\/de\/","name":"Domaine Les Carrelets de Soulac","description":"","publisher":{"@id":"https:\/\/www.domainelescarrelets.com\/de\/#organization"},"potentialAction":[{"@type":"SearchAction","target":{"@type":"EntryPoint","urlTemplate":"https:\/\/www.domainelescarrelets.com\/de\/?s={search_term_string}"},"query-input":{"@type":"PropertyValueSpecification","valueRequired":true,"valueName":"search_term_string"}}],"inLanguage":"de"},{"@type":"Organization","@id":"https:\/\/www.domainelescarrelets.com\/de\/#organization","name":"Domaine Les Carrelets de Soulac","url":"https:\/\/www.domainelescarrelets.com\/de\/","logo":{"@type":"ImageObject","inLanguage":"de","@id":"https:\/\/www.domainelescarrelets.com\/de\/#\/schema\/logo\/image\/","url":"https:\/\/www.domainelescarrelets.com\/wp-content\/uploads\/2023\/10\/cropped-cropped-les-carrelets-soulac.webp","contentUrl":"https:\/\/www.domainelescarrelets.com\/wp-content\/uploads\/2023\/10\/cropped-cropped-les-carrelets-soulac.webp","width":490,"height":175,"caption":"Domaine Les Carrelets de Soulac"},"image":{"@id":"https:\/\/www.domainelescarrelets.com\/de\/#\/schema\/logo\/image\/"}}]}},"_links":{"self":[{"href":"https:\/\/www.domainelescarrelets.com\/de\/wp-json\/wp\/v2\/pages\/6980","targetHints":{"allow":["GET"]}}],"collection":[{"href":"https:\/\/www.domainelescarrelets.com\/de\/wp-json\/wp\/v2\/pages"}],"about":[{"href":"https:\/\/www.domainelescarrelets.com\/de\/wp-json\/wp\/v2\/types\/page"}],"author":[{"embeddable":true,"href":"https:\/\/www.domainelescarrelets.com\/de\/wp-json\/wp\/v2\/users\/1"}],"replies":[{"embeddable":true,"href":"https:\/\/www.domainelescarrelets.com\/de\/wp-json\/wp\/v2\/comments?post=6980"}],"version-history":[{"count":3,"href":"https:\/\/www.domainelescarrelets.com\/de\/wp-json\/wp\/v2\/pages\/6980\/revisions"}],"predecessor-version":[{"id":7269,"href":"https:\/\/www.domainelescarrelets.com\/de\/wp-json\/wp\/v2\/pages\/6980\/revisions\/7269"}],"wp:attachment":[{"href":"https:\/\/www.domainelescarrelets.com\/de\/wp-json\/wp\/v2\/media?parent=6980"}],"wp:term":[{"taxonomy":"sujet","embeddable":true,"href":"https:\/\/www.domainelescarrelets.com\/de\/wp-json\/wp\/v2\/sujet?post=6980"}],"curies":[{"name":"wp","href":"https:\/\/api.w.org\/{rel}","templated":true}]}}