{"id":7595,"date":"2023-10-25T13:04:49","date_gmt":"2023-10-25T11:04:49","guid":{"rendered":"https:\/\/www.domainelescarrelets.com\/camping-sporthalle-soulac-sur-mer\/"},"modified":"2023-10-26T12:27:00","modified_gmt":"2023-10-26T10:27:00","slug":"camping-sporthalle-soulac-sur-mer","status":"publish","type":"page","link":"https:\/\/www.domainelescarrelets.com\/de\/camping-sporthalle-soulac-sur-mer\/","title":{"rendered":"Sporthalle"},"content":{"rendered":"<section id=\"ls-section-block_8d586c20e42e8190503001afe1ed11dd\" class=\"ls-section  page-intro has-m-b m-b-0 has-p-b p-b-0\" >\r\n        <div class=\"container \">\r\n        \n\n<div class=\"wp-block-columns is-layout-flex wp-container-core-columns-is-layout-9d6595d7 wp-block-columns-is-layout-flex\">\n<div class=\"wp-block-column is-layout-flow wp-block-column-is-layout-flow\">\n<h1 class=\"ls__heading wp-block-heading has-text-align-center\">Sporthalle<\/h1>\n\n\n\n<p class=\"ls-paragraph has-text-align-center\">Bleiben Sie auch im Urlaub in Form! Der <strong>moderne und gut ausgestattete Fitness<\/strong> raum auf dem <a href=\"https:\/\/www.domainelescarrelets.com\/de\/\">Campingplatz Les Carrelets Soulac<\/a> ist ein <strong>eigener, 120 m\u00b2 gro\u00dfer Bereich<\/strong>, der speziell f\u00fcr Erwachsene gedacht ist, die ihre Sportroutine beibehalten oder ein neues Fitnessabenteuer beginnen m\u00f6chten. Wenn Sie Ihren K\u00f6rper revitalisieren, Ihre Muskeln straffen oder einfach nur dem Alltag entfliehen wollen, ist dieser Raum genau das Richtige f\u00fcr Sie.<\/p>\n<\/div>\n<\/div>\n\n\r\n    <\/div>\r\n<\/section><section id=\"ls-section-block_0f5862602f09c77d5d8141e4f452dbca\" class=\"ls-section  page-one has-p-t p-t-14 has-p-b p-b-14\" >\r\n        <div class=\"container container--wide\">\r\n        \n\n<div class=\"wp-block-columns is-layout-flex wp-container-core-columns-is-layout-9d6595d7 wp-block-columns-is-layout-flex\">\n<div class=\"wp-block-column first is-layout-flow wp-block-column-is-layout-flow\" style=\"flex-basis:66.66%\">\n<figure class=\"wp-block-gallery has-nested-images columns-default is-cropped gallery-slider wp-block-gallery-1 is-layout-flex wp-block-gallery-is-layout-flex\">\n<figure class=\"wp-block-image size-full\"><img decoding=\"async\" width=\"2000\" height=\"1331\" data-id=\"7615\" src=\"https:\/\/www.domainelescarrelets.com\/wp-content\/uploads\/2023\/10\/salle-de-musculation-soulac.webp\" alt=\"muskeltrainingssaal soulac\" class=\"wp-image-7615\" srcset=\"https:\/\/www.domainelescarrelets.com\/wp-content\/uploads\/2023\/10\/salle-de-musculation-soulac.webp 2000w, https:\/\/www.domainelescarrelets.com\/wp-content\/uploads\/2023\/10\/salle-de-musculation-soulac-300x200.webp 300w, https:\/\/www.domainelescarrelets.com\/wp-content\/uploads\/2023\/10\/salle-de-musculation-soulac-1024x681.webp 1024w, https:\/\/www.domainelescarrelets.com\/wp-content\/uploads\/2023\/10\/salle-de-musculation-soulac-768x511.webp 768w, https:\/\/www.domainelescarrelets.com\/wp-content\/uploads\/2023\/10\/salle-de-musculation-soulac-1536x1022.webp 1536w\" sizes=\"(max-width: 2000px) 100vw, 2000px\" \/><\/figure>\n\n\n\n<figure class=\"wp-block-image size-full\"><a href=\"https:\/\/www.domainelescarrelets.com\/wp-content\/uploads\/2023\/10\/salle-de-sport.webp\"><img decoding=\"async\" width=\"2000\" height=\"1333\" data-id=\"1013\" src=\"https:\/\/www.domainelescarrelets.com\/wp-content\/uploads\/2023\/10\/salle-de-sport.webp\" alt=\"Sporthalle\" class=\"wp-image-1013\" srcset=\"https:\/\/www.domainelescarrelets.com\/wp-content\/uploads\/2023\/10\/salle-de-sport.webp 2000w, https:\/\/www.domainelescarrelets.com\/wp-content\/uploads\/2023\/10\/salle-de-sport-300x200.webp 300w, https:\/\/www.domainelescarrelets.com\/wp-content\/uploads\/2023\/10\/salle-de-sport-1024x682.webp 1024w, https:\/\/www.domainelescarrelets.com\/wp-content\/uploads\/2023\/10\/salle-de-sport-768x512.webp 768w, https:\/\/www.domainelescarrelets.com\/wp-content\/uploads\/2023\/10\/salle-de-sport-1536x1024.webp 1536w\" sizes=\"(max-width: 2000px) 100vw, 2000px\" \/><\/a><\/figure>\n\n\n\n<figure class=\"wp-block-image size-full\"><a href=\"https:\/\/www.domainelescarrelets.com\/wp-content\/uploads\/2023\/10\/salle-de-sport-gironde.webp\"><img decoding=\"async\" width=\"2000\" height=\"1333\" data-id=\"7434\" src=\"https:\/\/www.domainelescarrelets.com\/wp-content\/uploads\/2023\/10\/salle-de-sport-gironde.webp\" alt=\"sporthalle gironde\" class=\"wp-image-7434\" srcset=\"https:\/\/www.domainelescarrelets.com\/wp-content\/uploads\/2023\/10\/salle-de-sport-gironde.webp 2000w, https:\/\/www.domainelescarrelets.com\/wp-content\/uploads\/2023\/10\/salle-de-sport-gironde-300x200.webp 300w, https:\/\/www.domainelescarrelets.com\/wp-content\/uploads\/2023\/10\/salle-de-sport-gironde-1024x682.webp 1024w, https:\/\/www.domainelescarrelets.com\/wp-content\/uploads\/2023\/10\/salle-de-sport-gironde-768x512.webp 768w, https:\/\/www.domainelescarrelets.com\/wp-content\/uploads\/2023\/10\/salle-de-sport-gironde-1536x1024.webp 1536w\" sizes=\"(max-width: 2000px) 100vw, 2000px\" \/><\/a><\/figure>\n\n\n\n<figure class=\"wp-block-image size-full\"><img decoding=\"async\" width=\"2000\" height=\"1331\" data-id=\"7610\" src=\"https:\/\/www.domainelescarrelets.com\/wp-content\/uploads\/2023\/10\/camping-salle-de-musculation.webp\" alt=\"camping fitnessraum\" class=\"wp-image-7610\" srcset=\"https:\/\/www.domainelescarrelets.com\/wp-content\/uploads\/2023\/10\/camping-salle-de-musculation.webp 2000w, https:\/\/www.domainelescarrelets.com\/wp-content\/uploads\/2023\/10\/camping-salle-de-musculation-300x200.webp 300w, https:\/\/www.domainelescarrelets.com\/wp-content\/uploads\/2023\/10\/camping-salle-de-musculation-1024x681.webp 1024w, https:\/\/www.domainelescarrelets.com\/wp-content\/uploads\/2023\/10\/camping-salle-de-musculation-768x511.webp 768w, https:\/\/www.domainelescarrelets.com\/wp-content\/uploads\/2023\/10\/camping-salle-de-musculation-1536x1022.webp 1536w\" sizes=\"(max-width: 2000px) 100vw, 2000px\" \/><\/figure>\n<\/figure>\n<\/div>\n\n\n\n<div class=\"wp-block-column is-vertically-aligned-center second is-layout-flow wp-block-column-is-layout-flow\" style=\"flex-basis:33.33%\">\n<h2 class=\"ls__heading wp-block-heading has-text-align-left deco\">15 professionelle Maschinen <em>f\u00fcr Ihr Training<\/em><\/h2>\n\n\n\n<p class=\"ls-paragraph\">Wir wissen, wie wichtig <strong>qualitativ hochwertige Ausr\u00fcstung<\/strong> f\u00fcr Ihr Training ist. Deshalb haben wir in <strong>15 professionelle Maschinen<\/strong> investiert, um all Ihren \u00dcbungsbed\u00fcrfnissen gerecht zu werden.<\/p>\n\n\n\n<p class=\"ls-paragraph\">Als <strong>Cardio-Liebhaber<\/strong> bieten wir eine vielf\u00e4ltige Auswahl an Ger\u00e4ten, mit denen Sie Ihre Ausdauer trainieren und Kalorien verbrennen k\u00f6nnen:  <\/p>\n\n\n\n<ul class=\"ls-list wp-block-list\">\n<li>Fahrr\u00e4der<\/li>\n\n\n\n<li>Halbliegendes Fahrrad<\/li>\n\n\n\n<li>Elliptische Fahrr\u00e4der<\/li>\n\n\n\n<li>Laufband<\/li>\n\n\n\n<li>Stepper<\/li>\n<\/ul>\n\n\n\n<p class=\"ls-paragraph\">M\u00f6chten Sie eher Ihre Muskeln trainieren? Ihnen stehen verschiedene<strong> Ger\u00e4te zum Muskelaufbau<\/strong> zur Verf\u00fcgung:<\/p>\n\n\n\n<ul class=\"ls-list wp-block-list\">\n<li>Bankdr\u00fccken<\/li>\n\n\n\n<li>Schulterdr\u00fccken<\/li>\n\n\n\n<li>Butterfly<\/li>\n\n\n\n<li>und andere Spezialmaschinen f\u00fcr das Training von Bizeps, Trizeps, R\u00fccken und Beinen<\/li>\n<\/ul>\n<\/div>\n<\/div>\n\n\r\n    <\/div>\r\n<\/section><section id=\"ls-section-block_5a59770bbcf8b878b88135a9e6a44ff2\" class=\"ls-section  page-one\" >\r\n        <div class=\"container container--wide\">\r\n        \n\n<div class=\"wp-block-columns is-layout-flex wp-container-core-columns-is-layout-9d6595d7 wp-block-columns-is-layout-flex\">\n<div class=\"wp-block-column is-vertically-aligned-center is-layout-flow wp-block-column-is-layout-flow\" style=\"flex-basis:33.33%\">\n<h2 class=\"ls__heading wp-block-heading deco\">Nutzen Sie den Fitnessraum <em>auf unserem Campingplatz in der Gironde<\/em><\/h2>\n\n\n\n<p class=\"ls-paragraph\">Nutzen Sie nach einem intensiven Training unsere Annehmlichkeiten, um sich zu entspannen und zu erfrischen. Wir verf\u00fcgen \u00fcber einen <strong>Umkleidebereich mit Schlie\u00dff\u00e4chern<\/strong> f\u00fcr Ihre pers\u00f6nlichen Gegenst\u00e4nde sowie \u00fcber eine <strong>Dusche<\/strong> und eine <strong>Toilette<\/strong> f\u00fcr Ihren Komfort.<\/p>\n\n\n\n<p class=\"ls-paragraph\">Unsere Sporthalle verf\u00fcgt \u00fcber eine <strong>vollklimatisierte Klimaanlage<\/strong>. Unabh\u00e4ngig von der Au\u00dfentemperatur werden Sie eine k\u00fchle und angenehme Umgebung genie\u00dfen.<\/p>\n\n\n\n<p class=\"ls-paragraph\"><strong>Das Plus unseres Fitnessstudios<\/strong> ist zweifellos der sehr sch\u00f6ne, <strong>begr\u00fcnte Innenhof in seiner Mitte<\/strong>. Dieser Innenhof verleiht dem Raum nicht nur einen Hauch von Eleganz und Natur, sondern versorgt den Raum auch mit einem sanften, beruhigenden Licht.  <\/p>\n<\/div>\n\n\n\n<div class=\"wp-block-column is-vertically-aligned-center is-layout-flow wp-block-column-is-layout-flow\" style=\"flex-basis:66.66%\">\n<figure class=\"wp-block-image size-full\"><img decoding=\"async\" width=\"2000\" height=\"1333\" src=\"https:\/\/www.domainelescarrelets.com\/wp-content\/uploads\/2023\/10\/camipng-salle-de-sport-gironde.webp\" alt=\"camipng sporthalle gironde\" class=\"wp-image-483\" srcset=\"https:\/\/www.domainelescarrelets.com\/wp-content\/uploads\/2023\/10\/camipng-salle-de-sport-gironde.webp 2000w, https:\/\/www.domainelescarrelets.com\/wp-content\/uploads\/2023\/10\/camipng-salle-de-sport-gironde-300x200.webp 300w, https:\/\/www.domainelescarrelets.com\/wp-content\/uploads\/2023\/10\/camipng-salle-de-sport-gironde-1024x682.webp 1024w, https:\/\/www.domainelescarrelets.com\/wp-content\/uploads\/2023\/10\/camipng-salle-de-sport-gironde-768x512.webp 768w, https:\/\/www.domainelescarrelets.com\/wp-content\/uploads\/2023\/10\/camipng-salle-de-sport-gironde-1536x1024.webp 1536w\" sizes=\"(max-width: 2000px) 100vw, 2000px\" \/><\/figure>\n<\/div>\n<\/div>\n\n\r\n    <\/div>\r\n<\/section><section id=\"ls-section-block_767c69491f3fee6089e8f9c11524191e\" class=\"ls-section  page-maillage has-p-b p-b-14\" >\r\n        <div class=\"container container--wide\">\r\n        \n\n<div id=\"ls-heading ls-titre-div-block_718c5ce0853e58c9bde72dbaaabd3822\" class=\"ls-titre-div deco h2-like\" >\n    <em>Entdecken Sie die Dienstleistungen, <\/em> <\/br>die Wasser- und Wellnessbereiche!<\/div>\n\n\n<div id=\"ls-maillage-block_f90df569291c559eee3ac6a8819c96c9\" class=\"ls-maillage cta-style-normal\" data-rows=\"3\">\n    <div class=\"wp-block-columns\"><div class=\"wp-block-column\"><div class=\"ls-cta \">\n\n<a href=\"https:\/\/www.domainelescarrelets.com\/de\/unsere-dienste\/\" target=\"\" rel=\"noopener\" class=\"ls-cta__link\">\n\n\t<div class=\"ls-cta__image\"><img decoding=\"async\" src=\"https:\/\/www.domainelescarrelets.com\/wp-content\/uploads\/2023\/10\/camping-familial-gironde.webp\" alt=\"familiencampingplatz gironde\"><\/div>\n\t<div class=\"ls-cta__title\">\n\t\tDienste\t<\/div>\n\t<div class=\"ls-button ls-button--cta\"><span>Entdecken Sie<\/span><i class='oreades-right-arrow'><\/i><\/div>\n\n\t\n\t\t\n<\/a>\n\n\n<\/div><\/div><div class=\"wp-block-column\"><div class=\"ls-cta \">\n\n<a href=\"https:\/\/www.domainelescarrelets.com\/de\/schwimmbaedern-campsite-soulac\/\" target=\"\" rel=\"noopener\" class=\"ls-cta__link\">\n\n\t<div class=\"ls-cta__image\"><img decoding=\"async\" src=\"https:\/\/www.domainelescarrelets.com\/wp-content\/uploads\/2023\/10\/camping-piscine-gironde.webp\" alt=\"campingplatz swimmingpool gironde\"><\/div>\n\t<div class=\"ls-cta__title\">\n\t\tSchwimmb\u00e4dern\t<\/div>\n\t<div class=\"ls-button ls-button--cta\"><span>Entdecken Sie<\/span><i class='oreades-right-arrow'><\/i><\/div>\n\n\t\n\t\t\n<\/a>\n\n\n<\/div><\/div><div class=\"wp-block-column\"><div class=\"ls-cta \">\n\n<a href=\"https:\/\/www.domainelescarrelets.com\/de\/wellness-camping-soulac-sur-mer\/\" target=\"\" rel=\"noopener\" class=\"ls-cta__link\">\n\n\t<div class=\"ls-cta__image\"><img decoding=\"async\" src=\"https:\/\/www.domainelescarrelets.com\/wp-content\/uploads\/2023\/10\/spa-les-carrelets-soulac.webp\" alt=\"spa les carrelets soulac\"><\/div>\n\t<div class=\"ls-cta__title\">\n\t\tWohlbefinden\t<\/div>\n\t<div class=\"ls-button ls-button--cta\"><span>Entdecken Sie<\/span><i class='oreades-right-arrow'><\/i><\/div>\n\n\t\n\t\t\n<\/a>\n\n\n<\/div><\/div><\/div><\/div>\n\r\n    <\/div>\r\n<\/section>","protected":false},"excerpt":{"rendered":"","protected":false},"author":1,"featured_media":7623,"parent":0,"menu_order":0,"comment_status":"closed","ping_status":"closed","template":"","meta":{"_acf_changed":false,"inline_featured_image":false,"footnotes":""},"sujet":[],"class_list":["post-7595","page","type-page","status-publish","has-post-thumbnail","hentry"],"acf":[],"yoast_head":"<!-- This site is optimized with the Yoast SEO plugin v24.5 - https:\/\/yoast.com\/wordpress\/plugins\/seo\/ -->\n<title>Campingplatz mit Sporthalle in der Gironde: Campingplatz mit Sportanlagen in Soulac sur Mer<\/title>\n<meta name=\"robots\" content=\"index, follow, max-snippet:-1, max-image-preview:large, max-video-preview:-1\" \/>\n<link rel=\"canonical\" href=\"https:\/\/www.domainelescarrelets.com\/de\/camping-sporthalle-soulac-sur-mer\/\" \/>\n<meta property=\"og:locale\" content=\"de_DE\" \/>\n<meta property=\"og:type\" content=\"article\" \/>\n<meta property=\"og:title\" content=\"Campingplatz mit Sporthalle in der Gironde: Campingplatz mit Sportanlagen in Soulac sur Mer\" \/>\n<meta property=\"og:url\" content=\"https:\/\/www.domainelescarrelets.com\/de\/camping-sporthalle-soulac-sur-mer\/\" \/>\n<meta property=\"og:site_name\" content=\"Domaine Les Carrelets de Soulac\" \/>\n<meta property=\"article:modified_time\" content=\"2023-10-26T10:27:00+00:00\" \/>\n<meta property=\"og:image\" content=\"https:\/\/www.domainelescarrelets.com\/wp-content\/uploads\/2023\/10\/camping-salle-de-sport.webp\" \/>\n\t<meta property=\"og:image:width\" content=\"2000\" \/>\n\t<meta property=\"og:image:height\" content=\"1331\" \/>\n\t<meta property=\"og:image:type\" content=\"image\/webp\" \/>\n<meta name=\"twitter:card\" content=\"summary_large_image\" \/>\n<meta name=\"twitter:label1\" content=\"Gesch\u00e4tzte Lesezeit\" \/>\n\t<meta name=\"twitter:data1\" content=\"1\u00a0Minute\" \/>\n<script type=\"application\/ld+json\" class=\"yoast-schema-graph\">{\"@context\":\"https:\/\/schema.org\",\"@graph\":[{\"@type\":\"WebPage\",\"@id\":\"https:\/\/www.domainelescarrelets.com\/de\/camping-sporthalle-soulac-sur-mer\/\",\"url\":\"https:\/\/www.domainelescarrelets.com\/de\/camping-sporthalle-soulac-sur-mer\/\",\"name\":\"Campingplatz mit Sporthalle in der Gironde: Campingplatz mit Sportanlagen in Soulac sur Mer\",\"isPartOf\":{\"@id\":\"https:\/\/www.domainelescarrelets.com\/de\/#website\"},\"primaryImageOfPage\":{\"@id\":\"https:\/\/www.domainelescarrelets.com\/de\/camping-sporthalle-soulac-sur-mer\/#primaryimage\"},\"image\":{\"@id\":\"https:\/\/www.domainelescarrelets.com\/de\/camping-sporthalle-soulac-sur-mer\/#primaryimage\"},\"thumbnailUrl\":\"https:\/\/www.domainelescarrelets.com\/wp-content\/uploads\/2023\/10\/camping-salle-de-sport.webp\",\"datePublished\":\"2023-10-25T11:04:49+00:00\",\"dateModified\":\"2023-10-26T10:27:00+00:00\",\"breadcrumb\":{\"@id\":\"https:\/\/www.domainelescarrelets.com\/de\/camping-sporthalle-soulac-sur-mer\/#breadcrumb\"},\"inLanguage\":\"de\",\"potentialAction\":[{\"@type\":\"ReadAction\",\"target\":[\"https:\/\/www.domainelescarrelets.com\/de\/camping-sporthalle-soulac-sur-mer\/\"]}]},{\"@type\":\"ImageObject\",\"inLanguage\":\"de\",\"@id\":\"https:\/\/www.domainelescarrelets.com\/de\/camping-sporthalle-soulac-sur-mer\/#primaryimage\",\"url\":\"https:\/\/www.domainelescarrelets.com\/wp-content\/uploads\/2023\/10\/camping-salle-de-sport.webp\",\"contentUrl\":\"https:\/\/www.domainelescarrelets.com\/wp-content\/uploads\/2023\/10\/camping-salle-de-sport.webp\",\"width\":2000,\"height\":1331,\"caption\":\"Campingplatz Sporthalle\"},{\"@type\":\"BreadcrumbList\",\"@id\":\"https:\/\/www.domainelescarrelets.com\/de\/camping-sporthalle-soulac-sur-mer\/#breadcrumb\",\"itemListElement\":[{\"@type\":\"ListItem\",\"position\":1,\"name\":\"Camping Soulac-sur-Mer\",\"item\":\"https:\/\/www.domainelescarrelets.com\/de\/\"},{\"@type\":\"ListItem\",\"position\":2,\"name\":\"Sporthalle\"}]},{\"@type\":\"WebSite\",\"@id\":\"https:\/\/www.domainelescarrelets.com\/de\/#website\",\"url\":\"https:\/\/www.domainelescarrelets.com\/de\/\",\"name\":\"Domaine Les Carrelets de Soulac\",\"description\":\"\",\"publisher\":{\"@id\":\"https:\/\/www.domainelescarrelets.com\/de\/#organization\"},\"potentialAction\":[{\"@type\":\"SearchAction\",\"target\":{\"@type\":\"EntryPoint\",\"urlTemplate\":\"https:\/\/www.domainelescarrelets.com\/de\/?s={search_term_string}\"},\"query-input\":{\"@type\":\"PropertyValueSpecification\",\"valueRequired\":true,\"valueName\":\"search_term_string\"}}],\"inLanguage\":\"de\"},{\"@type\":\"Organization\",\"@id\":\"https:\/\/www.domainelescarrelets.com\/de\/#organization\",\"name\":\"Domaine Les Carrelets de Soulac\",\"url\":\"https:\/\/www.domainelescarrelets.com\/de\/\",\"logo\":{\"@type\":\"ImageObject\",\"inLanguage\":\"de\",\"@id\":\"https:\/\/www.domainelescarrelets.com\/de\/#\/schema\/logo\/image\/\",\"url\":\"https:\/\/www.domainelescarrelets.com\/wp-content\/uploads\/2023\/10\/cropped-cropped-les-carrelets-soulac.webp\",\"contentUrl\":\"https:\/\/www.domainelescarrelets.com\/wp-content\/uploads\/2023\/10\/cropped-cropped-les-carrelets-soulac.webp\",\"width\":490,\"height\":175,\"caption\":\"Domaine Les Carrelets de Soulac\"},\"image\":{\"@id\":\"https:\/\/www.domainelescarrelets.com\/de\/#\/schema\/logo\/image\/\"}}]}<\/script>\n<!-- \/ Yoast SEO plugin. -->","yoast_head_json":{"title":"Campingplatz mit Sporthalle in der Gironde: Campingplatz mit Sportanlagen in Soulac sur Mer","robots":{"index":"index","follow":"follow","max-snippet":"max-snippet:-1","max-image-preview":"max-image-preview:large","max-video-preview":"max-video-preview:-1"},"canonical":"https:\/\/www.domainelescarrelets.com\/de\/camping-sporthalle-soulac-sur-mer\/","og_locale":"de_DE","og_type":"article","og_title":"Campingplatz mit Sporthalle in der Gironde: Campingplatz mit Sportanlagen in Soulac sur Mer","og_url":"https:\/\/www.domainelescarrelets.com\/de\/camping-sporthalle-soulac-sur-mer\/","og_site_name":"Domaine Les Carrelets de Soulac","article_modified_time":"2023-10-26T10:27:00+00:00","og_image":[{"width":2000,"height":1331,"url":"https:\/\/www.domainelescarrelets.com\/wp-content\/uploads\/2023\/10\/camping-salle-de-sport.webp","type":"image\/webp"}],"twitter_card":"summary_large_image","twitter_misc":{"Gesch\u00e4tzte Lesezeit":"1\u00a0Minute"},"schema":{"@context":"https:\/\/schema.org","@graph":[{"@type":"WebPage","@id":"https:\/\/www.domainelescarrelets.com\/de\/camping-sporthalle-soulac-sur-mer\/","url":"https:\/\/www.domainelescarrelets.com\/de\/camping-sporthalle-soulac-sur-mer\/","name":"Campingplatz mit Sporthalle in der Gironde: Campingplatz mit Sportanlagen in Soulac sur Mer","isPartOf":{"@id":"https:\/\/www.domainelescarrelets.com\/de\/#website"},"primaryImageOfPage":{"@id":"https:\/\/www.domainelescarrelets.com\/de\/camping-sporthalle-soulac-sur-mer\/#primaryimage"},"image":{"@id":"https:\/\/www.domainelescarrelets.com\/de\/camping-sporthalle-soulac-sur-mer\/#primaryimage"},"thumbnailUrl":"https:\/\/www.domainelescarrelets.com\/wp-content\/uploads\/2023\/10\/camping-salle-de-sport.webp","datePublished":"2023-10-25T11:04:49+00:00","dateModified":"2023-10-26T10:27:00+00:00","breadcrumb":{"@id":"https:\/\/www.domainelescarrelets.com\/de\/camping-sporthalle-soulac-sur-mer\/#breadcrumb"},"inLanguage":"de","potentialAction":[{"@type":"ReadAction","target":["https:\/\/www.domainelescarrelets.com\/de\/camping-sporthalle-soulac-sur-mer\/"]}]},{"@type":"ImageObject","inLanguage":"de","@id":"https:\/\/www.domainelescarrelets.com\/de\/camping-sporthalle-soulac-sur-mer\/#primaryimage","url":"https:\/\/www.domainelescarrelets.com\/wp-content\/uploads\/2023\/10\/camping-salle-de-sport.webp","contentUrl":"https:\/\/www.domainelescarrelets.com\/wp-content\/uploads\/2023\/10\/camping-salle-de-sport.webp","width":2000,"height":1331,"caption":"Campingplatz Sporthalle"},{"@type":"BreadcrumbList","@id":"https:\/\/www.domainelescarrelets.com\/de\/camping-sporthalle-soulac-sur-mer\/#breadcrumb","itemListElement":[{"@type":"ListItem","position":1,"name":"Camping Soulac-sur-Mer","item":"https:\/\/www.domainelescarrelets.com\/de\/"},{"@type":"ListItem","position":2,"name":"Sporthalle"}]},{"@type":"WebSite","@id":"https:\/\/www.domainelescarrelets.com\/de\/#website","url":"https:\/\/www.domainelescarrelets.com\/de\/","name":"Domaine Les Carrelets de Soulac","description":"","publisher":{"@id":"https:\/\/www.domainelescarrelets.com\/de\/#organization"},"potentialAction":[{"@type":"SearchAction","target":{"@type":"EntryPoint","urlTemplate":"https:\/\/www.domainelescarrelets.com\/de\/?s={search_term_string}"},"query-input":{"@type":"PropertyValueSpecification","valueRequired":true,"valueName":"search_term_string"}}],"inLanguage":"de"},{"@type":"Organization","@id":"https:\/\/www.domainelescarrelets.com\/de\/#organization","name":"Domaine Les Carrelets de Soulac","url":"https:\/\/www.domainelescarrelets.com\/de\/","logo":{"@type":"ImageObject","inLanguage":"de","@id":"https:\/\/www.domainelescarrelets.com\/de\/#\/schema\/logo\/image\/","url":"https:\/\/www.domainelescarrelets.com\/wp-content\/uploads\/2023\/10\/cropped-cropped-les-carrelets-soulac.webp","contentUrl":"https:\/\/www.domainelescarrelets.com\/wp-content\/uploads\/2023\/10\/cropped-cropped-les-carrelets-soulac.webp","width":490,"height":175,"caption":"Domaine Les Carrelets de Soulac"},"image":{"@id":"https:\/\/www.domainelescarrelets.com\/de\/#\/schema\/logo\/image\/"}}]}},"_links":{"self":[{"href":"https:\/\/www.domainelescarrelets.com\/de\/wp-json\/wp\/v2\/pages\/7595","targetHints":{"allow":["GET"]}}],"collection":[{"href":"https:\/\/www.domainelescarrelets.com\/de\/wp-json\/wp\/v2\/pages"}],"about":[{"href":"https:\/\/www.domainelescarrelets.com\/de\/wp-json\/wp\/v2\/types\/page"}],"author":[{"embeddable":true,"href":"https:\/\/www.domainelescarrelets.com\/de\/wp-json\/wp\/v2\/users\/1"}],"replies":[{"embeddable":true,"href":"https:\/\/www.domainelescarrelets.com\/de\/wp-json\/wp\/v2\/comments?post=7595"}],"version-history":[{"count":2,"href":"https:\/\/www.domainelescarrelets.com\/de\/wp-json\/wp\/v2\/pages\/7595\/revisions"}],"predecessor-version":[{"id":7670,"href":"https:\/\/www.domainelescarrelets.com\/de\/wp-json\/wp\/v2\/pages\/7595\/revisions\/7670"}],"wp:featuredmedia":[{"embeddable":true,"href":"https:\/\/www.domainelescarrelets.com\/de\/wp-json\/wp\/v2\/media\/7623"}],"wp:attachment":[{"href":"https:\/\/www.domainelescarrelets.com\/de\/wp-json\/wp\/v2\/media?parent=7595"}],"wp:term":[{"taxonomy":"sujet","embeddable":true,"href":"https:\/\/www.domainelescarrelets.com\/de\/wp-json\/wp\/v2\/sujet?post=7595"}],"curies":[{"name":"wp","href":"https:\/\/api.w.org\/{rel}","templated":true}]}}