{"id":6884,"date":"2023-10-10T16:08:04","date_gmt":"2023-10-10T14:08:04","guid":{"rendered":"https:\/\/www.domainelescarrelets.com\/camping-barato-soulac-sur-mer\/"},"modified":"2023-10-24T13:23:40","modified_gmt":"2023-10-24T11:23:40","slug":"camping-barato-soulac-sur-mer","status":"publish","type":"page","link":"https:\/\/www.domainelescarrelets.com\/es\/camping-barato-soulac-sur-mer\/","title":{"rendered":"Tarifas"},"content":{"rendered":"<section id=\"ls-section-block_4519cce6c060c92fa22f1e63860ad71d\" class=\"ls-section  page-intro has-p-b p-b-0\" >\r\n        <div class=\"container \">\r\n        \n\n<div class=\"wp-block-columns is-layout-flex wp-container-core-columns-is-layout-9d6595d7 wp-block-columns-is-layout-flex\">\n<div class=\"wp-block-column is-layout-flow wp-block-column-is-layout-flow\">\n<h1 class=\"ls__heading wp-block-heading has-text-align-center\">Descubra las ofertas y promociones de nuestro dominio en Soulac sur Mer<\/h1>\n\n\n\n<h2 class=\"ls__heading wp-block-heading has-text-align-center\">Alojamiento con la mejor relaci\u00f3n calidad-precio<\/h2>\n\n\n\n<p class=\"ls-paragraph has-text-align-center\">Para sus pr\u00f3ximas vacaciones en Gironda, ha elegido Domaine les Carrelets de Soulac, <a href=\"https:\/\/www.domainelescarrelets.com\/es\/\">nuestro camping en Soulac sur Mer<\/a>. \u00a1Y has hecho lo correcto! Nuestros diferentes alquileres de vacaciones en Gironda est\u00e1n equipados para ofrecerle el m\u00e1ximo confort, todo ello a precios <strong>asequibles<\/strong>, lo que le permitir\u00e1 disfrutar de sus vacaciones.  <\/p>\n\n\n\n<p class=\"ls-paragraph has-text-align-center\">Gracias a nuestra amplia gama de alquileres de casas m\u00f3viles en Soulac sur Mer, podr\u00e1 encontrar f\u00e1cilmente el alquiler que m\u00e1s le convenga. Con capacidad para 2 a 10 personas, nuestro alojamiento es ideal para familias, parejas o incluso grupos de amigos que deseen descubrir el M\u00e9doc.<\/p>\n<\/div>\n<\/div>\n\n\r\n    <\/div>\r\n<\/section><section id=\"ls-section-block_03493197dd7f06eead5c074d1d697131\" class=\"ls-section  page-one\" >\r\n        <div class=\"container container--wide\">\r\n        \n\n<div class=\"wp-block-columns is-layout-flex wp-container-core-columns-is-layout-9d6595d7 wp-block-columns-is-layout-flex\">\n<div class=\"wp-block-column first is-layout-flow wp-block-column-is-layout-flow\" style=\"flex-basis:66.66%\">\n<figure class=\"wp-block-gallery has-nested-images columns-default is-cropped gallery-slider wp-block-gallery-1 is-layout-flex wp-block-gallery-is-layout-flex\">\n<figure class=\"wp-block-image size-full\"><a href=\"https:\/\/www.domainelescarrelets.com\/wp-content\/uploads\/2023\/10\/camping-famille-soulac.webp\"><img decoding=\"async\" width=\"2000\" height=\"1333\" data-id=\"553\" src=\"https:\/\/www.domainelescarrelets.com\/wp-content\/uploads\/2023\/10\/camping-famille-soulac.webp\" alt=\"camping famille soulac\" class=\"wp-image-553\" srcset=\"https:\/\/www.domainelescarrelets.com\/wp-content\/uploads\/2023\/10\/camping-famille-soulac.webp 2000w, https:\/\/www.domainelescarrelets.com\/wp-content\/uploads\/2023\/10\/camping-famille-soulac-300x200.webp 300w, https:\/\/www.domainelescarrelets.com\/wp-content\/uploads\/2023\/10\/camping-famille-soulac-1024x682.webp 1024w, https:\/\/www.domainelescarrelets.com\/wp-content\/uploads\/2023\/10\/camping-famille-soulac-768x512.webp 768w, https:\/\/www.domainelescarrelets.com\/wp-content\/uploads\/2023\/10\/camping-famille-soulac-1536x1024.webp 1536w\" sizes=\"(max-width: 2000px) 100vw, 2000px\" \/><\/a><\/figure>\n\n\n\n<figure class=\"wp-block-image size-full\"><a href=\"https:\/\/www.domainelescarrelets.com\/wp-content\/uploads\/2023\/10\/camping-couple-gironde.webp\"><img decoding=\"async\" width=\"2000\" height=\"1333\" data-id=\"523\" src=\"https:\/\/www.domainelescarrelets.com\/wp-content\/uploads\/2023\/10\/camping-couple-gironde.webp\" alt=\"camping pareja gironde\" class=\"wp-image-523\" srcset=\"https:\/\/www.domainelescarrelets.com\/wp-content\/uploads\/2023\/10\/camping-couple-gironde.webp 2000w, https:\/\/www.domainelescarrelets.com\/wp-content\/uploads\/2023\/10\/camping-couple-gironde-300x200.webp 300w, https:\/\/www.domainelescarrelets.com\/wp-content\/uploads\/2023\/10\/camping-couple-gironde-1024x682.webp 1024w, https:\/\/www.domainelescarrelets.com\/wp-content\/uploads\/2023\/10\/camping-couple-gironde-768x512.webp 768w, https:\/\/www.domainelescarrelets.com\/wp-content\/uploads\/2023\/10\/camping-couple-gironde-1536x1024.webp 1536w\" sizes=\"(max-width: 2000px) 100vw, 2000px\" \/><\/a><\/figure>\n\n\n\n<figure class=\"wp-block-image size-full\"><a href=\"https:\/\/www.domainelescarrelets.com\/wp-content\/uploads\/2023\/10\/spectacle-de-magie.webp\"><img decoding=\"async\" width=\"2000\" height=\"1333\" data-id=\"1053\" src=\"https:\/\/www.domainelescarrelets.com\/wp-content\/uploads\/2023\/10\/spectacle-de-magie.webp\" alt=\"espect&#xE1;culo de magia\" class=\"wp-image-1053\" srcset=\"https:\/\/www.domainelescarrelets.com\/wp-content\/uploads\/2023\/10\/spectacle-de-magie.webp 2000w, https:\/\/www.domainelescarrelets.com\/wp-content\/uploads\/2023\/10\/spectacle-de-magie-300x200.webp 300w, https:\/\/www.domainelescarrelets.com\/wp-content\/uploads\/2023\/10\/spectacle-de-magie-1024x682.webp 1024w, https:\/\/www.domainelescarrelets.com\/wp-content\/uploads\/2023\/10\/spectacle-de-magie-768x512.webp 768w, https:\/\/www.domainelescarrelets.com\/wp-content\/uploads\/2023\/10\/spectacle-de-magie-1536x1024.webp 1536w\" sizes=\"(max-width: 2000px) 100vw, 2000px\" \/><\/a><\/figure>\n\n\n\n<figure class=\"wp-block-image size-full\"><a href=\"https:\/\/www.domainelescarrelets.com\/wp-content\/uploads\/2023\/10\/cours-aquagym.webp\"><img decoding=\"async\" width=\"2000\" height=\"1333\" data-id=\"658\" src=\"https:\/\/www.domainelescarrelets.com\/wp-content\/uploads\/2023\/10\/cours-aquagym.webp\" alt=\"aqua-gym\" class=\"wp-image-658\" srcset=\"https:\/\/www.domainelescarrelets.com\/wp-content\/uploads\/2023\/10\/cours-aquagym.webp 2000w, https:\/\/www.domainelescarrelets.com\/wp-content\/uploads\/2023\/10\/cours-aquagym-300x200.webp 300w, https:\/\/www.domainelescarrelets.com\/wp-content\/uploads\/2023\/10\/cours-aquagym-1024x682.webp 1024w, https:\/\/www.domainelescarrelets.com\/wp-content\/uploads\/2023\/10\/cours-aquagym-768x512.webp 768w, https:\/\/www.domainelescarrelets.com\/wp-content\/uploads\/2023\/10\/cours-aquagym-1536x1024.webp 1536w\" sizes=\"(max-width: 2000px) 100vw, 2000px\" \/><\/a><\/figure>\n<\/figure>\n<\/div>\n\n\n\n<div class=\"wp-block-column is-vertically-aligned-center second is-layout-flow wp-block-column-is-layout-flow\" style=\"flex-basis:33.33%\">\n<h2 class=\"ls__heading wp-block-heading deco\">Grandes ofertas y precios en nuestro camping barato en Gironda<\/h2>\n\n\n\n<p class=\"ls-paragraph\">Para que pueda irse de vacaciones a menor coste, nuestro <strong>camping barato en Soulac sur Mer<\/strong> organiza promociones y ofertas puntuales que le permitir\u00e1n beneficiarse de reducciones en el precio de sus alquileres. Por ello, le invitamos a reservar sus vacaciones lo antes posible para asegurarse los <strong>mejores precios para su estancia<\/strong>. <\/p>\n\n\n\n<p class=\"ls-paragraph\">Al reservar en nuestro camping, tendr\u00e1 <strong>acceso gratuito a una amplia gama de instalaciones<\/strong>, actividades y entretenimiento, como el parque acu\u00e1tico del camping, noches tem\u00e1ticas y clases de aquagym.<\/p>\n<\/div>\n<\/div>\n\n\r\n    <\/div>\r\n<\/section><section id=\"ls-section-block_04042d8d934d126cc732408befd2dbf7\" class=\"ls-section  page-one has-background has-color-4-background-color\" >\r\n        <div class=\"container container--wide\">\r\n        \n\n<div class=\"wp-block-columns is-layout-flex wp-container-core-columns-is-layout-9d6595d7 wp-block-columns-is-layout-flex\">\n<div class=\"wp-block-column is-vertically-aligned-center is-layout-flow wp-block-column-is-layout-flow\" style=\"flex-basis:33.33%\">\n<h2 class=\"ls__heading wp-block-heading deco\">Disfrute de Soulac sur Mer a precios bajos<\/h2>\n\n\n\n<p class=\"ls-paragraph has-text-align-left\">Durante su estancia en nuestro <strong>camping barato en Soulac-sur-Mer<\/strong>, podr\u00e1 realizar numerosas actividades en el camping y sus alrededores. Y gran parte de ello puede hacerse de forma totalmente gratuita. Por ejemplo, puede pasear por las playas de Soulac sur Mer, llegar hasta el estuario de la Gironda o dar un paseo por el coraz\u00f3n de la estaci\u00f3n balnearia de Soulac.  <\/p>\n\n\n\n<p class=\"ls-paragraph has-text-align-left\">Toda la familia estar\u00e1 encantada de descubrir <strong>los suntuosos paisajes<\/strong> que ofrecen la Gironda y el M\u00e9doc.<\/p>\n<\/div>\n\n\n\n<div class=\"wp-block-column is-layout-flow wp-block-column-is-layout-flow\" style=\"flex-basis:66.66%\">\n<figure class=\"wp-block-image size-full\"><img decoding=\"async\" width=\"2000\" height=\"1339\" src=\"https:\/\/www.domainelescarrelets.com\/wp-content\/uploads\/2023\/10\/surf-a-lacanau.webp\" alt=\"surf en lacanau\" class=\"wp-image-1437\" srcset=\"https:\/\/www.domainelescarrelets.com\/wp-content\/uploads\/2023\/10\/surf-a-lacanau.webp 2000w, https:\/\/www.domainelescarrelets.com\/wp-content\/uploads\/2023\/10\/surf-a-lacanau-300x201.webp 300w, https:\/\/www.domainelescarrelets.com\/wp-content\/uploads\/2023\/10\/surf-a-lacanau-1024x686.webp 1024w, https:\/\/www.domainelescarrelets.com\/wp-content\/uploads\/2023\/10\/surf-a-lacanau-768x514.webp 768w, https:\/\/www.domainelescarrelets.com\/wp-content\/uploads\/2023\/10\/surf-a-lacanau-1536x1028.webp 1536w\" sizes=\"(max-width: 2000px) 100vw, 2000px\" \/><\/figure>\n<\/div>\n<\/div>\n\n\r\n    <\/div>\r\n<\/section><section id=\"ls-section-block_ec5b11c400d522f94eb9543012ecec82\" class=\"ls-section  page-maillage has-p-b p-b-14\" >\r\n        <div class=\"container container--wide\">\r\n        \n\n<div id=\"ls-heading ls-titre-div-block_b6bc36b36f641c080d885a20ab79562d\" class=\"ls-titre-div deco h2-like\" >\n    <em>Descubra la animaci\u00f3n, <\/em> <\/br>el restaurante y la zona acu\u00e1tica.<\/div>\n\n\n<div id=\"ls-maillage-block_1f250d509a6c39dfcb20d764b896aff3\" class=\"ls-maillage cta-style-normal\" data-rows=\"3\">\n    <div class=\"wp-block-columns\"><div class=\"wp-block-column\"><div class=\"ls-cta \">\n\n<a href=\"https:\/\/www.domainelescarrelets.com\/es\/restaurante-soulac-sur-mer\/\" target=\"\" rel=\"noopener\" class=\"ls-cta__link\">\n\n\t<div class=\"ls-cta__image\"><img decoding=\"async\" src=\"https:\/\/www.domainelescarrelets.com\/wp-content\/uploads\/2023\/10\/restaurant-les-carrelets-soulac-scaled.webp\" alt=\"restaurante les carrelets soulac\"><\/div>\n\t<div class=\"ls-cta__title\">\n\t\tRestaurante\t<\/div>\n\t<div class=\"ls-button ls-button--cta\"><span>Descubra<\/span><i class='oreades-right-arrow'><\/i><\/div>\n\n\t\n\t\t\n<\/a>\n\n\n<\/div><\/div><div class=\"wp-block-column\"><div class=\"ls-cta \">\n\n<a href=\"https:\/\/www.domainelescarrelets.com\/es\/camping-piscina-soulac\/\" target=\"\" rel=\"noopener\" class=\"ls-cta__link\">\n\n\t<div class=\"ls-cta__image\"><img decoding=\"async\" src=\"https:\/\/www.domainelescarrelets.com\/wp-content\/uploads\/2023\/10\/camping-piscine-gironde.webp\" alt=\"piscina camping gironde\"><\/div>\n\t<div class=\"ls-cta__title\">\n\t\tPiscina\t<\/div>\n\t<div class=\"ls-button ls-button--cta\"><span>Descubra<\/span><i class='oreades-right-arrow'><\/i><\/div>\n\n\t\n\t\t\n<\/a>\n\n\n<\/div><\/div><div class=\"wp-block-column\"><div class=\"ls-cta \">\n\n<a href=\"https:\/\/www.domainelescarrelets.com\/es\/camping-familiar-soulac-sur-mer\/\" target=\"\" rel=\"noopener\" class=\"ls-cta__link\">\n\n\t<div class=\"ls-cta__image\"><img decoding=\"async\" src=\"https:\/\/www.domainelescarrelets.com\/wp-content\/uploads\/2023\/10\/mini-golf-camping-soulac.webp\" alt=\"mini golf camping soulac\"><\/div>\n\t<div class=\"ls-cta__title\">\n\t\tActividades\t<\/div>\n\t<div class=\"ls-button ls-button--cta\"><span>Descubra<\/span><i class='oreades-right-arrow'><\/i><\/div>\n\n\t\n\t\t\n<\/a>\n\n\n<\/div><\/div><\/div><\/div>\n\r\n    <\/div>\r\n<\/section>","protected":false},"excerpt":{"rendered":"","protected":false},"author":1,"featured_media":1260,"parent":0,"menu_order":0,"comment_status":"closed","ping_status":"closed","template":"","meta":{"_acf_changed":false,"inline_featured_image":false,"footnotes":""},"sujet":[],"class_list":["post-6884","page","type-page","status-publish","has-post-thumbnail","hentry"],"acf":[],"yoast_head":"<!-- This site is optimized with the Yoast SEO plugin v24.5 - https:\/\/yoast.com\/wordpress\/plugins\/seo\/ -->\n<title>Camping barato en Soulac sur Mer: vacaciones econ\u00f3micas en Gironda<\/title>\n<meta name=\"robots\" content=\"index, follow, max-snippet:-1, max-image-preview:large, max-video-preview:-1\" \/>\n<link rel=\"canonical\" href=\"https:\/\/www.domainelescarrelets.com\/es\/camping-barato-soulac-sur-mer\/\" \/>\n<meta property=\"og:locale\" content=\"es_ES\" \/>\n<meta property=\"og:type\" content=\"article\" \/>\n<meta property=\"og:title\" content=\"Camping barato en Soulac sur Mer: vacaciones econ\u00f3micas en Gironda\" \/>\n<meta property=\"og:url\" content=\"https:\/\/www.domainelescarrelets.com\/es\/camping-barato-soulac-sur-mer\/\" \/>\n<meta property=\"og:site_name\" content=\"Domaine Les Carrelets de Soulac\" \/>\n<meta property=\"article:modified_time\" content=\"2023-10-24T11:23:40+00:00\" \/>\n<meta property=\"og:image\" content=\"https:\/\/www.domainelescarrelets.com\/wp-content\/uploads\/2023\/10\/camping-soulac-gironde-edited-1.webp\" \/>\n\t<meta property=\"og:image:width\" content=\"2000\" \/>\n\t<meta property=\"og:image:height\" content=\"1250\" \/>\n\t<meta property=\"og:image:type\" content=\"image\/webp\" \/>\n<meta name=\"twitter:card\" content=\"summary_large_image\" \/>\n<meta name=\"twitter:label1\" content=\"Tiempo de lectura\" \/>\n\t<meta name=\"twitter:data1\" content=\"2 minutos\" \/>\n<script type=\"application\/ld+json\" class=\"yoast-schema-graph\">{\"@context\":\"https:\/\/schema.org\",\"@graph\":[{\"@type\":\"WebPage\",\"@id\":\"https:\/\/www.domainelescarrelets.com\/es\/camping-barato-soulac-sur-mer\/\",\"url\":\"https:\/\/www.domainelescarrelets.com\/es\/camping-barato-soulac-sur-mer\/\",\"name\":\"Camping barato en Soulac sur Mer: vacaciones econ\u00f3micas en Gironda\",\"isPartOf\":{\"@id\":\"https:\/\/www.domainelescarrelets.com\/es\/#website\"},\"primaryImageOfPage\":{\"@id\":\"https:\/\/www.domainelescarrelets.com\/es\/camping-barato-soulac-sur-mer\/#primaryimage\"},\"image\":{\"@id\":\"https:\/\/www.domainelescarrelets.com\/es\/camping-barato-soulac-sur-mer\/#primaryimage\"},\"thumbnailUrl\":\"https:\/\/www.domainelescarrelets.com\/wp-content\/uploads\/2023\/10\/camping-soulac-gironde-edited-1.webp\",\"datePublished\":\"2023-10-10T14:08:04+00:00\",\"dateModified\":\"2023-10-24T11:23:40+00:00\",\"breadcrumb\":{\"@id\":\"https:\/\/www.domainelescarrelets.com\/es\/camping-barato-soulac-sur-mer\/#breadcrumb\"},\"inLanguage\":\"es\",\"potentialAction\":[{\"@type\":\"ReadAction\",\"target\":[\"https:\/\/www.domainelescarrelets.com\/es\/camping-barato-soulac-sur-mer\/\"]}]},{\"@type\":\"ImageObject\",\"inLanguage\":\"es\",\"@id\":\"https:\/\/www.domainelescarrelets.com\/es\/camping-barato-soulac-sur-mer\/#primaryimage\",\"url\":\"https:\/\/www.domainelescarrelets.com\/wp-content\/uploads\/2023\/10\/camping-soulac-gironde-edited-1.webp\",\"contentUrl\":\"https:\/\/www.domainelescarrelets.com\/wp-content\/uploads\/2023\/10\/camping-soulac-gironde-edited-1.webp\",\"width\":2000,\"height\":1250,\"caption\":\"camping soulac gironde\"},{\"@type\":\"BreadcrumbList\",\"@id\":\"https:\/\/www.domainelescarrelets.com\/es\/camping-barato-soulac-sur-mer\/#breadcrumb\",\"itemListElement\":[{\"@type\":\"ListItem\",\"position\":1,\"name\":\"Camping Soulac-sur-Mer\",\"item\":\"https:\/\/www.domainelescarrelets.com\/es\/\"},{\"@type\":\"ListItem\",\"position\":2,\"name\":\"Tarifas\"}]},{\"@type\":\"WebSite\",\"@id\":\"https:\/\/www.domainelescarrelets.com\/es\/#website\",\"url\":\"https:\/\/www.domainelescarrelets.com\/es\/\",\"name\":\"Domaine Les Carrelets de Soulac\",\"description\":\"\",\"publisher\":{\"@id\":\"https:\/\/www.domainelescarrelets.com\/es\/#organization\"},\"potentialAction\":[{\"@type\":\"SearchAction\",\"target\":{\"@type\":\"EntryPoint\",\"urlTemplate\":\"https:\/\/www.domainelescarrelets.com\/es\/?s={search_term_string}\"},\"query-input\":{\"@type\":\"PropertyValueSpecification\",\"valueRequired\":true,\"valueName\":\"search_term_string\"}}],\"inLanguage\":\"es\"},{\"@type\":\"Organization\",\"@id\":\"https:\/\/www.domainelescarrelets.com\/es\/#organization\",\"name\":\"Domaine Les Carrelets de Soulac\",\"url\":\"https:\/\/www.domainelescarrelets.com\/es\/\",\"logo\":{\"@type\":\"ImageObject\",\"inLanguage\":\"es\",\"@id\":\"https:\/\/www.domainelescarrelets.com\/es\/#\/schema\/logo\/image\/\",\"url\":\"https:\/\/www.domainelescarrelets.com\/wp-content\/uploads\/2023\/10\/cropped-cropped-les-carrelets-soulac.webp\",\"contentUrl\":\"https:\/\/www.domainelescarrelets.com\/wp-content\/uploads\/2023\/10\/cropped-cropped-les-carrelets-soulac.webp\",\"width\":490,\"height\":175,\"caption\":\"Domaine Les Carrelets de Soulac\"},\"image\":{\"@id\":\"https:\/\/www.domainelescarrelets.com\/es\/#\/schema\/logo\/image\/\"}}]}<\/script>\n<!-- \/ Yoast SEO plugin. -->","yoast_head_json":{"title":"Camping barato en Soulac sur Mer: vacaciones econ\u00f3micas en Gironda","robots":{"index":"index","follow":"follow","max-snippet":"max-snippet:-1","max-image-preview":"max-image-preview:large","max-video-preview":"max-video-preview:-1"},"canonical":"https:\/\/www.domainelescarrelets.com\/es\/camping-barato-soulac-sur-mer\/","og_locale":"es_ES","og_type":"article","og_title":"Camping barato en Soulac sur Mer: vacaciones econ\u00f3micas en Gironda","og_url":"https:\/\/www.domainelescarrelets.com\/es\/camping-barato-soulac-sur-mer\/","og_site_name":"Domaine Les Carrelets de Soulac","article_modified_time":"2023-10-24T11:23:40+00:00","og_image":[{"width":2000,"height":1250,"url":"https:\/\/www.domainelescarrelets.com\/wp-content\/uploads\/2023\/10\/camping-soulac-gironde-edited-1.webp","type":"image\/webp"}],"twitter_card":"summary_large_image","twitter_misc":{"Tiempo de lectura":"2 minutos"},"schema":{"@context":"https:\/\/schema.org","@graph":[{"@type":"WebPage","@id":"https:\/\/www.domainelescarrelets.com\/es\/camping-barato-soulac-sur-mer\/","url":"https:\/\/www.domainelescarrelets.com\/es\/camping-barato-soulac-sur-mer\/","name":"Camping barato en Soulac sur Mer: vacaciones econ\u00f3micas en Gironda","isPartOf":{"@id":"https:\/\/www.domainelescarrelets.com\/es\/#website"},"primaryImageOfPage":{"@id":"https:\/\/www.domainelescarrelets.com\/es\/camping-barato-soulac-sur-mer\/#primaryimage"},"image":{"@id":"https:\/\/www.domainelescarrelets.com\/es\/camping-barato-soulac-sur-mer\/#primaryimage"},"thumbnailUrl":"https:\/\/www.domainelescarrelets.com\/wp-content\/uploads\/2023\/10\/camping-soulac-gironde-edited-1.webp","datePublished":"2023-10-10T14:08:04+00:00","dateModified":"2023-10-24T11:23:40+00:00","breadcrumb":{"@id":"https:\/\/www.domainelescarrelets.com\/es\/camping-barato-soulac-sur-mer\/#breadcrumb"},"inLanguage":"es","potentialAction":[{"@type":"ReadAction","target":["https:\/\/www.domainelescarrelets.com\/es\/camping-barato-soulac-sur-mer\/"]}]},{"@type":"ImageObject","inLanguage":"es","@id":"https:\/\/www.domainelescarrelets.com\/es\/camping-barato-soulac-sur-mer\/#primaryimage","url":"https:\/\/www.domainelescarrelets.com\/wp-content\/uploads\/2023\/10\/camping-soulac-gironde-edited-1.webp","contentUrl":"https:\/\/www.domainelescarrelets.com\/wp-content\/uploads\/2023\/10\/camping-soulac-gironde-edited-1.webp","width":2000,"height":1250,"caption":"camping soulac gironde"},{"@type":"BreadcrumbList","@id":"https:\/\/www.domainelescarrelets.com\/es\/camping-barato-soulac-sur-mer\/#breadcrumb","itemListElement":[{"@type":"ListItem","position":1,"name":"Camping Soulac-sur-Mer","item":"https:\/\/www.domainelescarrelets.com\/es\/"},{"@type":"ListItem","position":2,"name":"Tarifas"}]},{"@type":"WebSite","@id":"https:\/\/www.domainelescarrelets.com\/es\/#website","url":"https:\/\/www.domainelescarrelets.com\/es\/","name":"Domaine Les Carrelets de Soulac","description":"","publisher":{"@id":"https:\/\/www.domainelescarrelets.com\/es\/#organization"},"potentialAction":[{"@type":"SearchAction","target":{"@type":"EntryPoint","urlTemplate":"https:\/\/www.domainelescarrelets.com\/es\/?s={search_term_string}"},"query-input":{"@type":"PropertyValueSpecification","valueRequired":true,"valueName":"search_term_string"}}],"inLanguage":"es"},{"@type":"Organization","@id":"https:\/\/www.domainelescarrelets.com\/es\/#organization","name":"Domaine Les Carrelets de Soulac","url":"https:\/\/www.domainelescarrelets.com\/es\/","logo":{"@type":"ImageObject","inLanguage":"es","@id":"https:\/\/www.domainelescarrelets.com\/es\/#\/schema\/logo\/image\/","url":"https:\/\/www.domainelescarrelets.com\/wp-content\/uploads\/2023\/10\/cropped-cropped-les-carrelets-soulac.webp","contentUrl":"https:\/\/www.domainelescarrelets.com\/wp-content\/uploads\/2023\/10\/cropped-cropped-les-carrelets-soulac.webp","width":490,"height":175,"caption":"Domaine Les Carrelets de Soulac"},"image":{"@id":"https:\/\/www.domainelescarrelets.com\/es\/#\/schema\/logo\/image\/"}}]}},"_links":{"self":[{"href":"https:\/\/www.domainelescarrelets.com\/es\/wp-json\/wp\/v2\/pages\/6884","targetHints":{"allow":["GET"]}}],"collection":[{"href":"https:\/\/www.domainelescarrelets.com\/es\/wp-json\/wp\/v2\/pages"}],"about":[{"href":"https:\/\/www.domainelescarrelets.com\/es\/wp-json\/wp\/v2\/types\/page"}],"author":[{"embeddable":true,"href":"https:\/\/www.domainelescarrelets.com\/es\/wp-json\/wp\/v2\/users\/1"}],"replies":[{"embeddable":true,"href":"https:\/\/www.domainelescarrelets.com\/es\/wp-json\/wp\/v2\/comments?post=6884"}],"version-history":[{"count":4,"href":"https:\/\/www.domainelescarrelets.com\/es\/wp-json\/wp\/v2\/pages\/6884\/revisions"}],"predecessor-version":[{"id":7323,"href":"https:\/\/www.domainelescarrelets.com\/es\/wp-json\/wp\/v2\/pages\/6884\/revisions\/7323"}],"wp:featuredmedia":[{"embeddable":true,"href":"https:\/\/www.domainelescarrelets.com\/es\/wp-json\/wp\/v2\/media\/1260"}],"wp:attachment":[{"href":"https:\/\/www.domainelescarrelets.com\/es\/wp-json\/wp\/v2\/media?parent=6884"}],"wp:term":[{"taxonomy":"sujet","embeddable":true,"href":"https:\/\/www.domainelescarrelets.com\/es\/wp-json\/wp\/v2\/sujet?post=6884"}],"curies":[{"name":"wp","href":"https:\/\/api.w.org\/{rel}","templated":true}]}}