{"id":6968,"date":"2023-10-10T16:05:16","date_gmt":"2023-10-10T14:05:16","guid":{"rendered":"https:\/\/www.domainelescarrelets.com\/nuestro-equipo\/"},"modified":"2023-11-03T16:21:01","modified_gmt":"2023-11-03T15:21:01","slug":"nuestro-equipo","status":"publish","type":"page","link":"https:\/\/www.domainelescarrelets.com\/es\/nuestro-equipo\/","title":{"rendered":"Equipo"},"content":{"rendered":"<section id=\"ls-section-block_49caaca3b1393b34dca97e73d609d2cc\" class=\"ls-section  page-intro\" >\r\n        <div class=\"container \">\r\n        \n\n<div class=\"wp-block-columns is-layout-flex wp-container-core-columns-is-layout-9d6595d7 wp-block-columns-is-layout-flex\">\n<div class=\"wp-block-column is-layout-flow wp-block-column-is-layout-flow\">\n<h1 class=\"ls__heading wp-block-heading has-text-align-center\">Nuestro equipo<\/h1>\n\n\n\n<h2 class=\"ls__heading wp-block-heading has-text-align-center\">  \u00a1Bienvenido a nuestras vacaciones sonriente!<\/h2>\n\n\n\n<p class=\"ls-paragraph has-text-align-center\">Todo el equipo <a href=\"\/es\/\">del Domaine les Carrelets<\/a> estar\u00e1 encantado de recibirle en un ambiente acogedor para que sus vacaciones en Gironda sean inolvidables.<\/p>\n<\/div>\n<\/div>\n\n\r\n    <\/div>\r\n<\/section>\n\n<section id=\"ls-section-block_f84632a77d6a5c8b30e7e63b11c3ccb0\" class=\"ls-section  page-one has-background has-color-4-background-color\" >\r\n        <div class=\"container container--wide\">\r\n        \n\n<div class=\"wp-block-columns is-layout-flex wp-container-core-columns-is-layout-9d6595d7 wp-block-columns-is-layout-flex\">\n<div class=\"wp-block-column is-layout-flow wp-block-column-is-layout-flow\" style=\"flex-basis:66.66%\">\n<figure class=\"wp-block-image size-full is-style-default\"><img decoding=\"async\" width=\"2000\" height=\"1333\" src=\"https:\/\/www.domainelescarrelets.com\/wp-content\/uploads\/2023\/10\/gerants-camping-carrelets.webp\" alt=\"gestores camping carrelets\" class=\"wp-image-758\" srcset=\"https:\/\/www.domainelescarrelets.com\/wp-content\/uploads\/2023\/10\/gerants-camping-carrelets.webp 2000w, https:\/\/www.domainelescarrelets.com\/wp-content\/uploads\/2023\/10\/gerants-camping-carrelets-300x200.webp 300w, https:\/\/www.domainelescarrelets.com\/wp-content\/uploads\/2023\/10\/gerants-camping-carrelets-1024x682.webp 1024w, https:\/\/www.domainelescarrelets.com\/wp-content\/uploads\/2023\/10\/gerants-camping-carrelets-768x512.webp 768w, https:\/\/www.domainelescarrelets.com\/wp-content\/uploads\/2023\/10\/gerants-camping-carrelets-1536x1024.webp 1536w\" sizes=\"(max-width: 2000px) 100vw, 2000px\" \/><\/figure>\n<\/div>\n\n\n\n<div class=\"wp-block-column is-vertically-aligned-center is-layout-flow wp-block-column-is-layout-flow\" style=\"flex-basis:33.33%\">\n<h2 class=\"ls__heading wp-block-heading has-text-align-left deco\">Palabras del director<\/h2>\n\n\n\n<p class=\"ls-paragraph\">\u00a1Bienvenido a nuestra casa!  <\/p>\n\n\n\n<p class=\"ls-paragraph\">En la encrucijada entre los vi\u00f1edos del M\u00e9doc,<br>las magn\u00edficas playas del oc\u00e9ano Atl\u00e1ntico y el bosque de la Gironda,<br>nuestro camping es el lugar ideal para unas vacaciones familiares de ensue\u00f1o.<\/p>\n\n\n\n<p class=\"ls-paragraph\">Si quiere divertirse, descubrir la regi\u00f3n<br>o simplemente recargar las pilas en este entorno excepcional,<br>estamos a su servicio para ayudarle a disfrutar al m\u00e1ximo de sus vacaciones<br>un momento de relajaci\u00f3n y bienestar.<\/p>\n\n\n\n<p class=\"ls-paragraph\">\u00bfNuestro reto?<br>Hacer que quiera quedarse con nosotros el mayor tiempo posible<br>\u00a1para prolongar su desconexi\u00f3n eterna!<\/p>\n\n\n\n<p class=\"ls-paragraph\"><em>Laurent Higos<br>Director del camping<\/em><\/p>\n<\/div>\n<\/div>\n\n\r\n    <\/div>\r\n<\/section>\n\n<section id=\"ls-section-block_b5abecdc1fb38264c47d2e4c3b078e22\" class=\"ls-section  page-maillage has-p-b p-b-14\" >\r\n        <div class=\"container container--wide\">\r\n        \n\n<div id=\"ls-heading ls-titre-div-block_f1963d4a77fd5863ece8e7ac40dc014d\" class=\"ls-titre-div deco h2-like\" >\n    \u00a1<em>Descubra los servicios, <\/em> <\/br>el restaurante y las actividades!<\/div>\n\n\n<div id=\"ls-maillage-block_2a0b3415939591f5b7613a1ab61ca895\" class=\"ls-maillage cta-style-normal\" data-rows=\"3\">\n    <div class=\"wp-block-columns\"><div class=\"wp-block-column\"><div class=\"ls-cta \">\n\n<a href=\"https:\/\/www.domainelescarrelets.com\/es\/nuestros-servicios\/\" target=\"\" rel=\"noopener\" class=\"ls-cta__link\">\n\n\t<div class=\"ls-cta__image\"><img decoding=\"async\" src=\"https:\/\/www.domainelescarrelets.com\/wp-content\/uploads\/2023\/10\/camping-familial-gironde.webp\" alt=\"camping familiar gironde\"><\/div>\n\t<div class=\"ls-cta__title\">\n\t\tServicios\t<\/div>\n\t<div class=\"ls-button ls-button--cta\"><span>Descubra<\/span><i class='oreades-right-arrow'><\/i><\/div>\n\n\t\n\t\t\n<\/a>\n\n\n<\/div><\/div><div class=\"wp-block-column\"><div class=\"ls-cta \">\n\n<a href=\"https:\/\/www.domainelescarrelets.com\/es\/restaurante-soulac-sur-mer\/\" target=\"\" rel=\"noopener\" class=\"ls-cta__link\">\n\n\t<div class=\"ls-cta__image\"><img decoding=\"async\" src=\"https:\/\/www.domainelescarrelets.com\/wp-content\/uploads\/2023\/10\/restaurant-les-carrelets-soulac-scaled.webp\" alt=\"restaurante les carrelets soulac\"><\/div>\n\t<div class=\"ls-cta__title\">\n\t\tRestaurante\t<\/div>\n\t<div class=\"ls-button ls-button--cta\"><span>Descubra<\/span><i class='oreades-right-arrow'><\/i><\/div>\n\n\t\n\t\t\n<\/a>\n\n\n<\/div><\/div><div class=\"wp-block-column\"><div class=\"ls-cta \">\n\n<a href=\"https:\/\/www.domainelescarrelets.com\/es\/camping-familiar-soulac-sur-mer\/\" target=\"\" rel=\"noopener\" class=\"ls-cta__link\">\n\n\t<div class=\"ls-cta__image\"><img decoding=\"async\" src=\"https:\/\/www.domainelescarrelets.com\/wp-content\/uploads\/2023\/10\/mini-golf-camping-soulac.webp\" alt=\"mini golf camping soulac\"><\/div>\n\t<div class=\"ls-cta__title\">\n\t\tActividades\t<\/div>\n\t<div class=\"ls-button ls-button--cta\"><span>Descubra<\/span><i class='oreades-right-arrow'><\/i><\/div>\n\n\t\n\t\t\n<\/a>\n\n\n<\/div><\/div><\/div><\/div>\n\r\n    <\/div>\r\n<\/section>","protected":false},"excerpt":{"rendered":"","protected":false},"author":1,"featured_media":0,"parent":0,"menu_order":0,"comment_status":"closed","ping_status":"closed","template":"","meta":{"_acf_changed":false,"inline_featured_image":false,"footnotes":""},"sujet":[],"class_list":["post-6968","page","type-page","status-publish","hentry"],"acf":[],"yoast_head":"<!-- This site is optimized with the Yoast SEO plugin v24.5 - https:\/\/yoast.com\/wordpress\/plugins\/seo\/ -->\n<title>Nuestro equipo | Personal de Domaine Les Carrelets<\/title>\n<meta name=\"robots\" content=\"index, follow, max-snippet:-1, max-image-preview:large, max-video-preview:-1\" \/>\n<link rel=\"canonical\" href=\"https:\/\/www.domainelescarrelets.com\/es\/nuestro-equipo\/\" \/>\n<meta property=\"og:locale\" content=\"es_ES\" \/>\n<meta property=\"og:type\" content=\"article\" \/>\n<meta property=\"og:title\" content=\"Nuestro equipo | Personal de Domaine Les Carrelets\" \/>\n<meta property=\"og:url\" content=\"https:\/\/www.domainelescarrelets.com\/es\/nuestro-equipo\/\" \/>\n<meta property=\"og:site_name\" content=\"Domaine Les Carrelets de Soulac\" \/>\n<meta property=\"article:modified_time\" content=\"2023-11-03T15:21:01+00:00\" \/>\n<meta property=\"og:image\" content=\"https:\/\/www.domainelescarrelets.com\/wp-content\/uploads\/2023\/10\/gerants-camping-carrelets.webp\" \/>\n<meta name=\"twitter:card\" content=\"summary_large_image\" \/>\n<meta name=\"twitter:label1\" content=\"Tiempo de lectura\" \/>\n\t<meta name=\"twitter:data1\" content=\"1 minuto\" \/>\n<script type=\"application\/ld+json\" class=\"yoast-schema-graph\">{\"@context\":\"https:\/\/schema.org\",\"@graph\":[{\"@type\":\"WebPage\",\"@id\":\"https:\/\/www.domainelescarrelets.com\/es\/nuestro-equipo\/\",\"url\":\"https:\/\/www.domainelescarrelets.com\/es\/nuestro-equipo\/\",\"name\":\"Nuestro equipo | Personal de Domaine Les Carrelets\",\"isPartOf\":{\"@id\":\"https:\/\/www.domainelescarrelets.com\/es\/#website\"},\"primaryImageOfPage\":{\"@id\":\"https:\/\/www.domainelescarrelets.com\/es\/nuestro-equipo\/#primaryimage\"},\"image\":{\"@id\":\"https:\/\/www.domainelescarrelets.com\/es\/nuestro-equipo\/#primaryimage\"},\"thumbnailUrl\":\"https:\/\/www.domainelescarrelets.com\/wp-content\/uploads\/2023\/10\/gerants-camping-carrelets.webp\",\"datePublished\":\"2023-10-10T14:05:16+00:00\",\"dateModified\":\"2023-11-03T15:21:01+00:00\",\"breadcrumb\":{\"@id\":\"https:\/\/www.domainelescarrelets.com\/es\/nuestro-equipo\/#breadcrumb\"},\"inLanguage\":\"es\",\"potentialAction\":[{\"@type\":\"ReadAction\",\"target\":[\"https:\/\/www.domainelescarrelets.com\/es\/nuestro-equipo\/\"]}]},{\"@type\":\"ImageObject\",\"inLanguage\":\"es\",\"@id\":\"https:\/\/www.domainelescarrelets.com\/es\/nuestro-equipo\/#primaryimage\",\"url\":\"https:\/\/www.domainelescarrelets.com\/wp-content\/uploads\/2023\/10\/gerants-camping-carrelets.webp\",\"contentUrl\":\"https:\/\/www.domainelescarrelets.com\/wp-content\/uploads\/2023\/10\/gerants-camping-carrelets.webp\"},{\"@type\":\"BreadcrumbList\",\"@id\":\"https:\/\/www.domainelescarrelets.com\/es\/nuestro-equipo\/#breadcrumb\",\"itemListElement\":[{\"@type\":\"ListItem\",\"position\":1,\"name\":\"Camping Soulac-sur-Mer\",\"item\":\"https:\/\/www.domainelescarrelets.com\/es\/\"},{\"@type\":\"ListItem\",\"position\":2,\"name\":\"Nuestro equipo\"}]},{\"@type\":\"WebSite\",\"@id\":\"https:\/\/www.domainelescarrelets.com\/es\/#website\",\"url\":\"https:\/\/www.domainelescarrelets.com\/es\/\",\"name\":\"Domaine Les Carrelets de Soulac\",\"description\":\"\",\"publisher\":{\"@id\":\"https:\/\/www.domainelescarrelets.com\/es\/#organization\"},\"potentialAction\":[{\"@type\":\"SearchAction\",\"target\":{\"@type\":\"EntryPoint\",\"urlTemplate\":\"https:\/\/www.domainelescarrelets.com\/es\/?s={search_term_string}\"},\"query-input\":{\"@type\":\"PropertyValueSpecification\",\"valueRequired\":true,\"valueName\":\"search_term_string\"}}],\"inLanguage\":\"es\"},{\"@type\":\"Organization\",\"@id\":\"https:\/\/www.domainelescarrelets.com\/es\/#organization\",\"name\":\"Domaine Les Carrelets de Soulac\",\"url\":\"https:\/\/www.domainelescarrelets.com\/es\/\",\"logo\":{\"@type\":\"ImageObject\",\"inLanguage\":\"es\",\"@id\":\"https:\/\/www.domainelescarrelets.com\/es\/#\/schema\/logo\/image\/\",\"url\":\"https:\/\/www.domainelescarrelets.com\/wp-content\/uploads\/2023\/10\/cropped-cropped-les-carrelets-soulac.webp\",\"contentUrl\":\"https:\/\/www.domainelescarrelets.com\/wp-content\/uploads\/2023\/10\/cropped-cropped-les-carrelets-soulac.webp\",\"width\":490,\"height\":175,\"caption\":\"Domaine Les Carrelets de Soulac\"},\"image\":{\"@id\":\"https:\/\/www.domainelescarrelets.com\/es\/#\/schema\/logo\/image\/\"}}]}<\/script>\n<!-- \/ Yoast SEO plugin. -->","yoast_head_json":{"title":"Nuestro equipo | Personal de Domaine Les Carrelets","robots":{"index":"index","follow":"follow","max-snippet":"max-snippet:-1","max-image-preview":"max-image-preview:large","max-video-preview":"max-video-preview:-1"},"canonical":"https:\/\/www.domainelescarrelets.com\/es\/nuestro-equipo\/","og_locale":"es_ES","og_type":"article","og_title":"Nuestro equipo | Personal de Domaine Les Carrelets","og_url":"https:\/\/www.domainelescarrelets.com\/es\/nuestro-equipo\/","og_site_name":"Domaine Les Carrelets de Soulac","article_modified_time":"2023-11-03T15:21:01+00:00","og_image":[{"url":"https:\/\/www.domainelescarrelets.com\/wp-content\/uploads\/2023\/10\/gerants-camping-carrelets.webp","type":"","width":"","height":""}],"twitter_card":"summary_large_image","twitter_misc":{"Tiempo de lectura":"1 minuto"},"schema":{"@context":"https:\/\/schema.org","@graph":[{"@type":"WebPage","@id":"https:\/\/www.domainelescarrelets.com\/es\/nuestro-equipo\/","url":"https:\/\/www.domainelescarrelets.com\/es\/nuestro-equipo\/","name":"Nuestro equipo | Personal de Domaine Les Carrelets","isPartOf":{"@id":"https:\/\/www.domainelescarrelets.com\/es\/#website"},"primaryImageOfPage":{"@id":"https:\/\/www.domainelescarrelets.com\/es\/nuestro-equipo\/#primaryimage"},"image":{"@id":"https:\/\/www.domainelescarrelets.com\/es\/nuestro-equipo\/#primaryimage"},"thumbnailUrl":"https:\/\/www.domainelescarrelets.com\/wp-content\/uploads\/2023\/10\/gerants-camping-carrelets.webp","datePublished":"2023-10-10T14:05:16+00:00","dateModified":"2023-11-03T15:21:01+00:00","breadcrumb":{"@id":"https:\/\/www.domainelescarrelets.com\/es\/nuestro-equipo\/#breadcrumb"},"inLanguage":"es","potentialAction":[{"@type":"ReadAction","target":["https:\/\/www.domainelescarrelets.com\/es\/nuestro-equipo\/"]}]},{"@type":"ImageObject","inLanguage":"es","@id":"https:\/\/www.domainelescarrelets.com\/es\/nuestro-equipo\/#primaryimage","url":"https:\/\/www.domainelescarrelets.com\/wp-content\/uploads\/2023\/10\/gerants-camping-carrelets.webp","contentUrl":"https:\/\/www.domainelescarrelets.com\/wp-content\/uploads\/2023\/10\/gerants-camping-carrelets.webp"},{"@type":"BreadcrumbList","@id":"https:\/\/www.domainelescarrelets.com\/es\/nuestro-equipo\/#breadcrumb","itemListElement":[{"@type":"ListItem","position":1,"name":"Camping Soulac-sur-Mer","item":"https:\/\/www.domainelescarrelets.com\/es\/"},{"@type":"ListItem","position":2,"name":"Nuestro equipo"}]},{"@type":"WebSite","@id":"https:\/\/www.domainelescarrelets.com\/es\/#website","url":"https:\/\/www.domainelescarrelets.com\/es\/","name":"Domaine Les Carrelets de Soulac","description":"","publisher":{"@id":"https:\/\/www.domainelescarrelets.com\/es\/#organization"},"potentialAction":[{"@type":"SearchAction","target":{"@type":"EntryPoint","urlTemplate":"https:\/\/www.domainelescarrelets.com\/es\/?s={search_term_string}"},"query-input":{"@type":"PropertyValueSpecification","valueRequired":true,"valueName":"search_term_string"}}],"inLanguage":"es"},{"@type":"Organization","@id":"https:\/\/www.domainelescarrelets.com\/es\/#organization","name":"Domaine Les Carrelets de Soulac","url":"https:\/\/www.domainelescarrelets.com\/es\/","logo":{"@type":"ImageObject","inLanguage":"es","@id":"https:\/\/www.domainelescarrelets.com\/es\/#\/schema\/logo\/image\/","url":"https:\/\/www.domainelescarrelets.com\/wp-content\/uploads\/2023\/10\/cropped-cropped-les-carrelets-soulac.webp","contentUrl":"https:\/\/www.domainelescarrelets.com\/wp-content\/uploads\/2023\/10\/cropped-cropped-les-carrelets-soulac.webp","width":490,"height":175,"caption":"Domaine Les Carrelets de Soulac"},"image":{"@id":"https:\/\/www.domainelescarrelets.com\/es\/#\/schema\/logo\/image\/"}}]}},"_links":{"self":[{"href":"https:\/\/www.domainelescarrelets.com\/es\/wp-json\/wp\/v2\/pages\/6968","targetHints":{"allow":["GET"]}}],"collection":[{"href":"https:\/\/www.domainelescarrelets.com\/es\/wp-json\/wp\/v2\/pages"}],"about":[{"href":"https:\/\/www.domainelescarrelets.com\/es\/wp-json\/wp\/v2\/types\/page"}],"author":[{"embeddable":true,"href":"https:\/\/www.domainelescarrelets.com\/es\/wp-json\/wp\/v2\/users\/1"}],"replies":[{"embeddable":true,"href":"https:\/\/www.domainelescarrelets.com\/es\/wp-json\/wp\/v2\/comments?post=6968"}],"version-history":[{"count":4,"href":"https:\/\/www.domainelescarrelets.com\/es\/wp-json\/wp\/v2\/pages\/6968\/revisions"}],"predecessor-version":[{"id":8219,"href":"https:\/\/www.domainelescarrelets.com\/es\/wp-json\/wp\/v2\/pages\/6968\/revisions\/8219"}],"wp:attachment":[{"href":"https:\/\/www.domainelescarrelets.com\/es\/wp-json\/wp\/v2\/media?parent=6968"}],"wp:term":[{"taxonomy":"sujet","embeddable":true,"href":"https:\/\/www.domainelescarrelets.com\/es\/wp-json\/wp\/v2\/sujet?post=6968"}],"curies":[{"name":"wp","href":"https:\/\/api.w.org\/{rel}","templated":true}]}}