{"id":6982,"date":"2023-10-10T16:06:56","date_gmt":"2023-10-10T14:06:56","guid":{"rendered":"https:\/\/www.domainelescarrelets.com\/nuestros-compromisos\/"},"modified":"2023-10-24T11:22:03","modified_gmt":"2023-10-24T09:22:03","slug":"nuestros-compromisos","status":"publish","type":"page","link":"https:\/\/www.domainelescarrelets.com\/es\/nuestros-compromisos\/","title":{"rendered":"Compromiso"},"content":{"rendered":"<section id=\"ls-section-block_a85acf1e303a9ddadf6ccd27bc3773b7\" class=\"ls-section  page-intro\" >\r\n        <div class=\"container \">\r\n        \n\n<div class=\"wp-block-columns is-layout-flex wp-container-core-columns-is-layout-9d6595d7 wp-block-columns-is-layout-flex\">\n<div class=\"wp-block-column is-layout-flow wp-block-column-is-layout-flow\">\n<h1 class=\"ls__heading wp-block-heading has-text-align-center\">Nuestros compromisos<\/h1>\n<\/div>\n<\/div>\n\n\r\n    <\/div>\r\n<\/section>\n\n<section id=\"ls-section-block_1a448adcee30f68252d977c23377b0d1\" class=\"ls-section  page-one has-p-t p-t-0\" >\r\n        <div class=\"container container--wide\">\r\n        \n\n<div class=\"wp-block-columns is-layout-flex wp-container-core-columns-is-layout-9d6595d7 wp-block-columns-is-layout-flex\">\n<div class=\"wp-block-column first is-layout-flow wp-block-column-is-layout-flow\" style=\"flex-basis:66.66%\">\n<figure class=\"wp-block-gallery has-nested-images columns-default is-cropped gallery-slider wp-block-gallery-1 is-layout-flex wp-block-gallery-is-layout-flex\">\n<figure class=\"wp-block-image size-full\"><a href=\"https:\/\/www.domainelescarrelets.com\/wp-content\/uploads\/2023\/10\/camping-soulac-gironde-edited-1.webp\"><img decoding=\"async\" width=\"2000\" height=\"1332\" data-id=\"1256\" src=\"https:\/\/www.domainelescarrelets.com\/wp-content\/uploads\/2023\/10\/camping-soulac-gironde-edited-1.webp\" alt=\"camping soulac gironde\" class=\"wp-image-1256\" srcset=\"https:\/\/www.domainelescarrelets.com\/wp-content\/uploads\/2023\/10\/camping-soulac-gironde-edited-1.webp 2000w, https:\/\/www.domainelescarrelets.com\/wp-content\/uploads\/2023\/10\/camping-soulac-gironde-edited-1-300x200.webp 300w, https:\/\/www.domainelescarrelets.com\/wp-content\/uploads\/2023\/10\/camping-soulac-gironde-edited-1-1024x682.webp 1024w, https:\/\/www.domainelescarrelets.com\/wp-content\/uploads\/2023\/10\/camping-soulac-gironde-edited-1-768x511.webp 768w, https:\/\/www.domainelescarrelets.com\/wp-content\/uploads\/2023\/10\/camping-soulac-gironde-edited-1-1536x1023.webp 1536w\" sizes=\"(max-width: 2000px) 100vw, 2000px\" \/><\/a><\/figure>\n\n\n\n<figure class=\"wp-block-image size-full\"><a href=\"https:\/\/www.domainelescarrelets.com\/wp-content\/uploads\/2023\/10\/grande-cabane-camping-soulac.jpg\"><img decoding=\"async\" width=\"1200\" height=\"800\" data-id=\"5165\" src=\"https:\/\/www.domainelescarrelets.com\/wp-content\/uploads\/2023\/10\/grande-cabane-camping-soulac.jpg\" alt=\"grande cabane camping soulac\" class=\"wp-image-5165\" srcset=\"https:\/\/www.domainelescarrelets.com\/wp-content\/uploads\/2023\/10\/grande-cabane-camping-soulac.jpg 1200w, https:\/\/www.domainelescarrelets.com\/wp-content\/uploads\/2023\/10\/grande-cabane-camping-soulac-300x200.jpg 300w, https:\/\/www.domainelescarrelets.com\/wp-content\/uploads\/2023\/10\/grande-cabane-camping-soulac-1024x683.jpg 1024w, https:\/\/www.domainelescarrelets.com\/wp-content\/uploads\/2023\/10\/grande-cabane-camping-soulac-768x512.jpg 768w\" sizes=\"(max-width: 1200px) 100vw, 1200px\" \/><\/a><\/figure>\n\n\n\n<figure class=\"wp-block-image size-full\"><a href=\"https:\/\/www.domainelescarrelets.com\/wp-content\/uploads\/2023\/10\/angelo-pantazis-zXVk8mNl9M0-unsplash.webp\"><img decoding=\"async\" width=\"2000\" height=\"1586\" data-id=\"5764\" src=\"https:\/\/www.domainelescarrelets.com\/wp-content\/uploads\/2023\/10\/angelo-pantazis-zXVk8mNl9M0-unsplash.webp\" alt=\"angelo pantazis zXVk8mNl9M0 unsplash\" class=\"wp-image-5764\" srcset=\"https:\/\/www.domainelescarrelets.com\/wp-content\/uploads\/2023\/10\/angelo-pantazis-zXVk8mNl9M0-unsplash.webp 2000w, https:\/\/www.domainelescarrelets.com\/wp-content\/uploads\/2023\/10\/angelo-pantazis-zXVk8mNl9M0-unsplash-300x238.webp 300w, https:\/\/www.domainelescarrelets.com\/wp-content\/uploads\/2023\/10\/angelo-pantazis-zXVk8mNl9M0-unsplash-1024x812.webp 1024w, https:\/\/www.domainelescarrelets.com\/wp-content\/uploads\/2023\/10\/angelo-pantazis-zXVk8mNl9M0-unsplash-768x609.webp 768w, https:\/\/www.domainelescarrelets.com\/wp-content\/uploads\/2023\/10\/angelo-pantazis-zXVk8mNl9M0-unsplash-1536x1218.webp 1536w\" sizes=\"(max-width: 2000px) 100vw, 2000px\" \/><\/a><\/figure>\n\n\n\n<figure class=\"wp-block-image size-full\"><a href=\"https:\/\/www.domainelescarrelets.com\/wp-content\/uploads\/2023\/10\/espace-bien-etre.webp\"><img decoding=\"async\" width=\"2000\" height=\"1333\" data-id=\"723\" src=\"https:\/\/www.domainelescarrelets.com\/wp-content\/uploads\/2023\/10\/espace-bien-etre.webp\" alt=\"\u00e1rea de bienestar\" class=\"wp-image-723\" srcset=\"https:\/\/www.domainelescarrelets.com\/wp-content\/uploads\/2023\/10\/espace-bien-etre.webp 2000w, https:\/\/www.domainelescarrelets.com\/wp-content\/uploads\/2023\/10\/espace-bien-etre-300x200.webp 300w, https:\/\/www.domainelescarrelets.com\/wp-content\/uploads\/2023\/10\/espace-bien-etre-1024x682.webp 1024w, https:\/\/www.domainelescarrelets.com\/wp-content\/uploads\/2023\/10\/espace-bien-etre-768x512.webp 768w, https:\/\/www.domainelescarrelets.com\/wp-content\/uploads\/2023\/10\/espace-bien-etre-1536x1024.webp 1536w\" sizes=\"(max-width: 2000px) 100vw, 2000px\" \/><\/a><\/figure>\n<\/figure>\n<\/div>\n\n\n\n<div class=\"wp-block-column is-vertically-aligned-center second is-layout-flow wp-block-column-is-layout-flow\" style=\"flex-basis:33.33%\">\n<h2 class=\"ls__heading wp-block-heading deco\">Una finca natural gestionada ecol\u00f3gicamente<\/h2>\n\n\n\n<p class=\"ls-paragraph has-text-align-left\"><a href=\"\/es\/\">Yelloh Domaine les Carrelets de Soulac<\/a> asume un compromiso concreto con el medio ambiente para unas vacaciones responsables en armon\u00eda con la naturaleza que le rodea.<\/p>\n\n\n\n<h2 class=\"ls__heading wp-block-heading has-text-align-left deco\">Alojamiento made in France<\/h2>\n\n\n\n<p class=\"ls-paragraph has-text-align-left\">En Yelloh Domaine les Carrelets de Soulac, nuestros alojamientos est\u00e1n hechos en Francia. Aprovechan al m\u00e1ximo la madera y los materiales naturales para integrarse armoniosamente en este excepcional entorno paisaj\u00edstico. Uno se siente literalmente envuelto en una burbuja de serenidad que fomenta la amabilidad hacia uno mismo, el respeto a los dem\u00e1s y a la naturaleza.<\/p>\n<\/div>\n<\/div>\n\n\r\n    <\/div>\r\n<\/section>\n\n<section id=\"ls-section-block_1e3381cdbe242015ada1f185e2b4977d\" class=\"ls-section  page-one has-background has-color-4-background-color\" >\r\n        <div class=\"container container--wide\">\r\n        \n\n<div class=\"wp-block-columns is-layout-flex wp-container-core-columns-is-layout-9d6595d7 wp-block-columns-is-layout-flex\">\n<div class=\"wp-block-column is-vertically-aligned-center is-layout-flow wp-block-column-is-layout-flow\" style=\"flex-basis:33.33%\">\n<h2 class=\"ls__heading wp-block-heading has-text-align-left deco\">Equipos ecol\u00f3gicos<\/h2>\n\n\n\n<p class=\"ls-paragraph\">Los alojamientos que ofrecemos est\u00e1n equipados para una estancia confortable y garantizan un impacto medioambiental m\u00ednimo: aire acondicionado reversible, grifos hidroecon\u00f3micos, inodoros de doble descarga, iluminaci\u00f3n LED, electrodom\u00e9sticos de clase energ\u00e9tica A+ y A++.<\/p>\n\n\n\n<h2 class=\"ls__heading wp-block-heading deco\">Compromisos para preservar la biodiversidad<\/h2>\n\n\n\n<p class=\"ls-paragraph\">Estamos orgullosos de nuestra regi\u00f3n, que alberga una incre\u00edble riqueza de flora y fauna. En nuestra finca, hacemos todo lo posible por preservar esta zona natural excepcional, por lo que favorecemos las plantas no invasoras, as\u00ed como los \u00e1rboles y arbustos presentes de forma natural en nuestra regi\u00f3n. Tambi\u00e9n creamos cajas nido y otros refugios para las aves y la peque\u00f1a fauna local.<\/p>\n<\/div>\n\n\n\n<div class=\"wp-block-column is-layout-flow wp-block-column-is-layout-flow\" style=\"flex-basis:66.66%\">\n<figure class=\"wp-block-image size-full\"><img decoding=\"async\" width=\"1280\" height=\"850\" src=\"https:\/\/www.domainelescarrelets.com\/wp-content\/uploads\/2023\/10\/camping-ecologie-verdon.webp\" alt=\"camping ecologie verdon\" class=\"wp-image-6548\" srcset=\"https:\/\/www.domainelescarrelets.com\/wp-content\/uploads\/2023\/10\/camping-ecologie-verdon.webp 1280w, https:\/\/www.domainelescarrelets.com\/wp-content\/uploads\/2023\/10\/camping-ecologie-verdon-300x199.webp 300w, https:\/\/www.domainelescarrelets.com\/wp-content\/uploads\/2023\/10\/camping-ecologie-verdon-1024x680.webp 1024w, https:\/\/www.domainelescarrelets.com\/wp-content\/uploads\/2023\/10\/camping-ecologie-verdon-768x510.webp 768w\" sizes=\"(max-width: 1280px) 100vw, 1280px\" \/><\/figure>\n<\/div>\n<\/div>\n\n\r\n    <\/div>\r\n<\/section>\n\n<section id=\"ls-section-block_74d1eb1dff3d5e50c71a0343a34c5749\" class=\"ls-section  page-one has-background has-color-white-background-color\" >\r\n        <div class=\"container container--wide\">\r\n        \n\n<div class=\"wp-block-columns is-layout-flex wp-container-core-columns-is-layout-9d6595d7 wp-block-columns-is-layout-flex\">\n<div class=\"wp-block-column is-layout-flow wp-block-column-is-layout-flow\" style=\"flex-basis:66.66%\">\n<figure class=\"wp-block-image size-full\"><img decoding=\"async\" width=\"2000\" height=\"1333\" src=\"https:\/\/www.domainelescarrelets.com\/wp-content\/uploads\/2023\/10\/epicerie-soulac.webp\" alt=\"ultramarinos soulac\" class=\"wp-image-708\" srcset=\"https:\/\/www.domainelescarrelets.com\/wp-content\/uploads\/2023\/10\/epicerie-soulac.webp 2000w, https:\/\/www.domainelescarrelets.com\/wp-content\/uploads\/2023\/10\/epicerie-soulac-300x200.webp 300w, https:\/\/www.domainelescarrelets.com\/wp-content\/uploads\/2023\/10\/epicerie-soulac-1024x682.webp 1024w, https:\/\/www.domainelescarrelets.com\/wp-content\/uploads\/2023\/10\/epicerie-soulac-768x512.webp 768w, https:\/\/www.domainelescarrelets.com\/wp-content\/uploads\/2023\/10\/epicerie-soulac-1536x1024.webp 1536w\" sizes=\"(max-width: 2000px) 100vw, 2000px\" \/><\/figure>\n<\/div>\n\n\n\n<div class=\"wp-block-column is-vertically-aligned-center is-layout-flow wp-block-column-is-layout-flow\" style=\"flex-basis:33.33%\">\n<h2 class=\"ls__heading wp-block-heading has-text-align-left deco\">Productos ecol\u00f3gicos y platos locavore<\/h2>\n\n\n\n<p class=\"ls-paragraph\">Nuestro chef elabora su men\u00fa principalmente con ingredientes producidos en nuestra regi\u00f3n, a ser posible ecol\u00f3gicos. En cuanto a nuestra tienda de comestibles, encontrar\u00e1 una amplia selecci\u00f3n de productos locales y\/o ecol\u00f3gicos.<\/p>\n<\/div>\n<\/div>\n\n\r\n    <\/div>\r\n<\/section>\n\n<section id=\"ls-section-block_2d05389822643f8e74cb58efbdc2c580\" class=\"ls-section  page-maillage has-p-b p-b-14\" >\r\n        <div class=\"container container--wide\">\r\n        \n\n<div id=\"ls-heading ls-titre-div-block_3b8bf6d554cc58a857a27ee855cebb7c\" class=\"ls-titre-div deco h2-like\" >\n    <em>Descubra los servicios, <\/em> <\/br>la zona acu\u00e1tica y el restaurante.<\/div>\n\n\n<div id=\"ls-maillage-block_2f2be7307f1698582c93d4730b5dc1f2\" class=\"ls-maillage cta-style-normal\" data-rows=\"3\">\n    <div class=\"wp-block-columns\"><div class=\"wp-block-column\"><div class=\"ls-cta \">\n\n<a href=\"https:\/\/www.domainelescarrelets.com\/es\/nuestros-servicios\/\" target=\"\" rel=\"noopener\" class=\"ls-cta__link\">\n\n\t<div class=\"ls-cta__image\"><img decoding=\"async\" src=\"https:\/\/www.domainelescarrelets.com\/wp-content\/uploads\/2023\/10\/camping-familial-gironde.webp\" alt=\"camping familiar gironde\"><\/div>\n\t<div class=\"ls-cta__title\">\n\t\tServicios\t<\/div>\n\t<div class=\"ls-button ls-button--cta\"><span>Descubra<\/span><i class='oreades-right-arrow'><\/i><\/div>\n\n\t\n\t\t\n<\/a>\n\n\n<\/div><\/div><div class=\"wp-block-column\"><div class=\"ls-cta \">\n\n<a href=\"https:\/\/www.domainelescarrelets.com\/es\/restaurante-soulac-sur-mer\/\" target=\"\" rel=\"noopener\" class=\"ls-cta__link\">\n\n\t<div class=\"ls-cta__image\"><img decoding=\"async\" src=\"https:\/\/www.domainelescarrelets.com\/wp-content\/uploads\/2023\/10\/restaurant-les-carrelets-soulac-scaled.webp\" alt=\"restaurante les carrelets soulac\"><\/div>\n\t<div class=\"ls-cta__title\">\n\t\tRestaurante\t<\/div>\n\t<div class=\"ls-button ls-button--cta\"><span>Descubra<\/span><i class='oreades-right-arrow'><\/i><\/div>\n\n\t\n\t\t\n<\/a>\n\n\n<\/div><\/div><div class=\"wp-block-column\"><div class=\"ls-cta \">\n\n<a href=\"https:\/\/www.domainelescarrelets.com\/es\/camping-piscina-soulac\/\" target=\"\" rel=\"noopener\" class=\"ls-cta__link\">\n\n\t<div class=\"ls-cta__image\"><img decoding=\"async\" src=\"https:\/\/www.domainelescarrelets.com\/wp-content\/uploads\/2023\/10\/camping-piscine-gironde.webp\" alt=\"piscina camping gironde\"><\/div>\n\t<div class=\"ls-cta__title\">\n\t\tPiscina\t<\/div>\n\t<div class=\"ls-button ls-button--cta\"><span>Descubra<\/span><i class='oreades-right-arrow'><\/i><\/div>\n\n\t\n\t\t\n<\/a>\n\n\n<\/div><\/div><\/div><\/div>\n\r\n    <\/div>\r\n<\/section>","protected":false},"excerpt":{"rendered":"","protected":false},"author":1,"featured_media":0,"parent":0,"menu_order":0,"comment_status":"closed","ping_status":"closed","template":"","meta":{"_acf_changed":false,"inline_featured_image":false,"footnotes":""},"sujet":[],"class_list":["post-6982","page","type-page","status-publish","hentry"],"acf":[],"yoast_head":"<!-- This site is optimized with the Yoast SEO plugin v24.5 - https:\/\/yoast.com\/wordpress\/plugins\/seo\/ -->\n<title>Camping ecol\u00f3gico Soulac-sur-Mer: los compromisos de nuestro camping ecol\u00f3gico en Gironda<\/title>\n<meta name=\"robots\" content=\"index, follow, max-snippet:-1, max-image-preview:large, max-video-preview:-1\" \/>\n<link rel=\"canonical\" href=\"https:\/\/www.domainelescarrelets.com\/es\/nuestros-compromisos\/\" \/>\n<meta property=\"og:locale\" content=\"es_ES\" \/>\n<meta property=\"og:type\" content=\"article\" \/>\n<meta property=\"og:title\" content=\"Camping ecol\u00f3gico Soulac-sur-Mer: los compromisos de nuestro camping ecol\u00f3gico en Gironda\" \/>\n<meta property=\"og:url\" content=\"https:\/\/www.domainelescarrelets.com\/es\/nuestros-compromisos\/\" \/>\n<meta property=\"og:site_name\" content=\"Domaine Les Carrelets de Soulac\" \/>\n<meta property=\"article:modified_time\" content=\"2023-10-24T09:22:03+00:00\" \/>\n<meta property=\"og:image\" content=\"https:\/\/www.domainelescarrelets.com\/wp-content\/uploads\/2023\/10\/camping-soulac-gironde-edited-1.webp\" \/>\n<meta name=\"twitter:card\" content=\"summary_large_image\" \/>\n<meta name=\"twitter:label1\" content=\"Tiempo de lectura\" \/>\n\t<meta name=\"twitter:data1\" content=\"3 minutos\" \/>\n<script type=\"application\/ld+json\" class=\"yoast-schema-graph\">{\"@context\":\"https:\/\/schema.org\",\"@graph\":[{\"@type\":\"WebPage\",\"@id\":\"https:\/\/www.domainelescarrelets.com\/es\/nuestros-compromisos\/\",\"url\":\"https:\/\/www.domainelescarrelets.com\/es\/nuestros-compromisos\/\",\"name\":\"Camping ecol\u00f3gico Soulac-sur-Mer: los compromisos de nuestro camping ecol\u00f3gico en Gironda\",\"isPartOf\":{\"@id\":\"https:\/\/www.domainelescarrelets.com\/es\/#website\"},\"primaryImageOfPage\":{\"@id\":\"https:\/\/www.domainelescarrelets.com\/es\/nuestros-compromisos\/#primaryimage\"},\"image\":{\"@id\":\"https:\/\/www.domainelescarrelets.com\/es\/nuestros-compromisos\/#primaryimage\"},\"thumbnailUrl\":\"https:\/\/www.domainelescarrelets.com\/wp-content\/uploads\/2023\/10\/camping-soulac-gironde-edited-1.webp\",\"datePublished\":\"2023-10-10T14:06:56+00:00\",\"dateModified\":\"2023-10-24T09:22:03+00:00\",\"breadcrumb\":{\"@id\":\"https:\/\/www.domainelescarrelets.com\/es\/nuestros-compromisos\/#breadcrumb\"},\"inLanguage\":\"es\",\"potentialAction\":[{\"@type\":\"ReadAction\",\"target\":[\"https:\/\/www.domainelescarrelets.com\/es\/nuestros-compromisos\/\"]}]},{\"@type\":\"ImageObject\",\"inLanguage\":\"es\",\"@id\":\"https:\/\/www.domainelescarrelets.com\/es\/nuestros-compromisos\/#primaryimage\",\"url\":\"https:\/\/www.domainelescarrelets.com\/wp-content\/uploads\/2023\/10\/camping-soulac-gironde-edited-1.webp\",\"contentUrl\":\"https:\/\/www.domainelescarrelets.com\/wp-content\/uploads\/2023\/10\/camping-soulac-gironde-edited-1.webp\"},{\"@type\":\"BreadcrumbList\",\"@id\":\"https:\/\/www.domainelescarrelets.com\/es\/nuestros-compromisos\/#breadcrumb\",\"itemListElement\":[{\"@type\":\"ListItem\",\"position\":1,\"name\":\"Camping Soulac-sur-Mer\",\"item\":\"https:\/\/www.domainelescarrelets.com\/es\/\"},{\"@type\":\"ListItem\",\"position\":2,\"name\":\"Camping ecol\u00f3gico Soulac-sur-Mer\"}]},{\"@type\":\"WebSite\",\"@id\":\"https:\/\/www.domainelescarrelets.com\/es\/#website\",\"url\":\"https:\/\/www.domainelescarrelets.com\/es\/\",\"name\":\"Domaine Les Carrelets de Soulac\",\"description\":\"\",\"publisher\":{\"@id\":\"https:\/\/www.domainelescarrelets.com\/es\/#organization\"},\"potentialAction\":[{\"@type\":\"SearchAction\",\"target\":{\"@type\":\"EntryPoint\",\"urlTemplate\":\"https:\/\/www.domainelescarrelets.com\/es\/?s={search_term_string}\"},\"query-input\":{\"@type\":\"PropertyValueSpecification\",\"valueRequired\":true,\"valueName\":\"search_term_string\"}}],\"inLanguage\":\"es\"},{\"@type\":\"Organization\",\"@id\":\"https:\/\/www.domainelescarrelets.com\/es\/#organization\",\"name\":\"Domaine Les Carrelets de Soulac\",\"url\":\"https:\/\/www.domainelescarrelets.com\/es\/\",\"logo\":{\"@type\":\"ImageObject\",\"inLanguage\":\"es\",\"@id\":\"https:\/\/www.domainelescarrelets.com\/es\/#\/schema\/logo\/image\/\",\"url\":\"https:\/\/www.domainelescarrelets.com\/wp-content\/uploads\/2023\/10\/cropped-cropped-les-carrelets-soulac.webp\",\"contentUrl\":\"https:\/\/www.domainelescarrelets.com\/wp-content\/uploads\/2023\/10\/cropped-cropped-les-carrelets-soulac.webp\",\"width\":490,\"height\":175,\"caption\":\"Domaine Les Carrelets de Soulac\"},\"image\":{\"@id\":\"https:\/\/www.domainelescarrelets.com\/es\/#\/schema\/logo\/image\/\"}}]}<\/script>\n<!-- \/ Yoast SEO plugin. -->","yoast_head_json":{"title":"Camping ecol\u00f3gico Soulac-sur-Mer: los compromisos de nuestro camping ecol\u00f3gico en Gironda","robots":{"index":"index","follow":"follow","max-snippet":"max-snippet:-1","max-image-preview":"max-image-preview:large","max-video-preview":"max-video-preview:-1"},"canonical":"https:\/\/www.domainelescarrelets.com\/es\/nuestros-compromisos\/","og_locale":"es_ES","og_type":"article","og_title":"Camping ecol\u00f3gico Soulac-sur-Mer: los compromisos de nuestro camping ecol\u00f3gico en Gironda","og_url":"https:\/\/www.domainelescarrelets.com\/es\/nuestros-compromisos\/","og_site_name":"Domaine Les Carrelets de Soulac","article_modified_time":"2023-10-24T09:22:03+00:00","og_image":[{"url":"https:\/\/www.domainelescarrelets.com\/wp-content\/uploads\/2023\/10\/camping-soulac-gironde-edited-1.webp","type":"","width":"","height":""}],"twitter_card":"summary_large_image","twitter_misc":{"Tiempo de lectura":"3 minutos"},"schema":{"@context":"https:\/\/schema.org","@graph":[{"@type":"WebPage","@id":"https:\/\/www.domainelescarrelets.com\/es\/nuestros-compromisos\/","url":"https:\/\/www.domainelescarrelets.com\/es\/nuestros-compromisos\/","name":"Camping ecol\u00f3gico Soulac-sur-Mer: los compromisos de nuestro camping ecol\u00f3gico en Gironda","isPartOf":{"@id":"https:\/\/www.domainelescarrelets.com\/es\/#website"},"primaryImageOfPage":{"@id":"https:\/\/www.domainelescarrelets.com\/es\/nuestros-compromisos\/#primaryimage"},"image":{"@id":"https:\/\/www.domainelescarrelets.com\/es\/nuestros-compromisos\/#primaryimage"},"thumbnailUrl":"https:\/\/www.domainelescarrelets.com\/wp-content\/uploads\/2023\/10\/camping-soulac-gironde-edited-1.webp","datePublished":"2023-10-10T14:06:56+00:00","dateModified":"2023-10-24T09:22:03+00:00","breadcrumb":{"@id":"https:\/\/www.domainelescarrelets.com\/es\/nuestros-compromisos\/#breadcrumb"},"inLanguage":"es","potentialAction":[{"@type":"ReadAction","target":["https:\/\/www.domainelescarrelets.com\/es\/nuestros-compromisos\/"]}]},{"@type":"ImageObject","inLanguage":"es","@id":"https:\/\/www.domainelescarrelets.com\/es\/nuestros-compromisos\/#primaryimage","url":"https:\/\/www.domainelescarrelets.com\/wp-content\/uploads\/2023\/10\/camping-soulac-gironde-edited-1.webp","contentUrl":"https:\/\/www.domainelescarrelets.com\/wp-content\/uploads\/2023\/10\/camping-soulac-gironde-edited-1.webp"},{"@type":"BreadcrumbList","@id":"https:\/\/www.domainelescarrelets.com\/es\/nuestros-compromisos\/#breadcrumb","itemListElement":[{"@type":"ListItem","position":1,"name":"Camping Soulac-sur-Mer","item":"https:\/\/www.domainelescarrelets.com\/es\/"},{"@type":"ListItem","position":2,"name":"Camping ecol\u00f3gico Soulac-sur-Mer"}]},{"@type":"WebSite","@id":"https:\/\/www.domainelescarrelets.com\/es\/#website","url":"https:\/\/www.domainelescarrelets.com\/es\/","name":"Domaine Les Carrelets de Soulac","description":"","publisher":{"@id":"https:\/\/www.domainelescarrelets.com\/es\/#organization"},"potentialAction":[{"@type":"SearchAction","target":{"@type":"EntryPoint","urlTemplate":"https:\/\/www.domainelescarrelets.com\/es\/?s={search_term_string}"},"query-input":{"@type":"PropertyValueSpecification","valueRequired":true,"valueName":"search_term_string"}}],"inLanguage":"es"},{"@type":"Organization","@id":"https:\/\/www.domainelescarrelets.com\/es\/#organization","name":"Domaine Les Carrelets de Soulac","url":"https:\/\/www.domainelescarrelets.com\/es\/","logo":{"@type":"ImageObject","inLanguage":"es","@id":"https:\/\/www.domainelescarrelets.com\/es\/#\/schema\/logo\/image\/","url":"https:\/\/www.domainelescarrelets.com\/wp-content\/uploads\/2023\/10\/cropped-cropped-les-carrelets-soulac.webp","contentUrl":"https:\/\/www.domainelescarrelets.com\/wp-content\/uploads\/2023\/10\/cropped-cropped-les-carrelets-soulac.webp","width":490,"height":175,"caption":"Domaine Les Carrelets de Soulac"},"image":{"@id":"https:\/\/www.domainelescarrelets.com\/es\/#\/schema\/logo\/image\/"}}]}},"_links":{"self":[{"href":"https:\/\/www.domainelescarrelets.com\/es\/wp-json\/wp\/v2\/pages\/6982","targetHints":{"allow":["GET"]}}],"collection":[{"href":"https:\/\/www.domainelescarrelets.com\/es\/wp-json\/wp\/v2\/pages"}],"about":[{"href":"https:\/\/www.domainelescarrelets.com\/es\/wp-json\/wp\/v2\/types\/page"}],"author":[{"embeddable":true,"href":"https:\/\/www.domainelescarrelets.com\/es\/wp-json\/wp\/v2\/users\/1"}],"replies":[{"embeddable":true,"href":"https:\/\/www.domainelescarrelets.com\/es\/wp-json\/wp\/v2\/comments?post=6982"}],"version-history":[{"count":3,"href":"https:\/\/www.domainelescarrelets.com\/es\/wp-json\/wp\/v2\/pages\/6982\/revisions"}],"predecessor-version":[{"id":7271,"href":"https:\/\/www.domainelescarrelets.com\/es\/wp-json\/wp\/v2\/pages\/6982\/revisions\/7271"}],"wp:attachment":[{"href":"https:\/\/www.domainelescarrelets.com\/es\/wp-json\/wp\/v2\/media?parent=6982"}],"wp:term":[{"taxonomy":"sujet","embeddable":true,"href":"https:\/\/www.domainelescarrelets.com\/es\/wp-json\/wp\/v2\/sujet?post=6982"}],"curies":[{"name":"wp","href":"https:\/\/api.w.org\/{rel}","templated":true}]}}