{"id":7012,"date":"2023-10-10T16:05:35","date_gmt":"2023-10-10T14:05:35","guid":{"rendered":"https:\/\/www.domainelescarrelets.com\/afiliacion-yelloh\/"},"modified":"2023-10-24T12:25:11","modified_gmt":"2023-10-24T10:25:11","slug":"afiliacion-yelloh","status":"publish","type":"page","link":"https:\/\/www.domainelescarrelets.com\/es\/afiliacion-yelloh\/","title":{"rendered":"\u00a1Yelloh!"},"content":{"rendered":"<section id=\"ls-section-block_8f66f189ec120797cddab33d2fa4fddb\" class=\"ls-section  page-intro has-p-b p-b-0\" >\r\n        <div class=\"container \">\r\n        \n\n<div class=\"wp-block-columns is-layout-flex wp-container-core-columns-is-layout-9d6595d7 wp-block-columns-is-layout-flex\">\n<div class=\"wp-block-column is-layout-flow wp-block-column-is-layout-flow\">\n<h1 class=\"ls__heading wp-block-heading has-text-align-center\">\u00a1Afiliaci\u00f3n a Yelloh!  <\/h1>\n<\/div>\n<\/div>\n\n\r\n    <\/div>\r\n<\/section><div class=\"wp-block-image\">\n<figure class=\"aligncenter size-medium\"><img decoding=\"async\" width=\"300\" height=\"137\" src=\"https:\/\/www.domainelescarrelets.com\/wp-content\/uploads\/2023\/10\/2013_yelloh_logo_quadri-300x137.webp\" alt=\"Logotipo\" class=\"wp-image-6555\" srcset=\"https:\/\/www.domainelescarrelets.com\/wp-content\/uploads\/2023\/10\/2013_yelloh_logo_quadri-300x137.webp 300w, https:\/\/www.domainelescarrelets.com\/wp-content\/uploads\/2023\/10\/2013_yelloh_logo_quadri.webp 624w\" sizes=\"(max-width: 300px) 100vw, 300px\" \/><\/figure>\n<\/div><section id=\"ls-section-block_af997acfa3a1436a8b24da6ffcdaeeba\" class=\"ls-section  page-three\" >\r\n        <div class=\"container container--wide\">\r\n        \n\n<div id=\"ls-heading ls-titre-div-block_7a3ede0db49f2bf5e9c17e17817a00e1\" class=\"ls-titre-div aligncenter h2-like\" >\n    Nuestro camping est\u00e1 afiliado a Yelloh!, la cadena l\u00edder en compromiso ecol\u00f3gico, especializada en vacaciones familiares con una sonrisa.<\/div>\n\n\n\n<p class=\"ls-paragraph has-text-align-center\">El desarrollo sostenible est\u00e1 en el centro de nuestros valores. Y por eso hacemos todo lo posible a diario para generar un impacto positivo en el medio ambiente, pero tambi\u00e9n en nuestros clientes, nuestros equipos y nuestros socios.<\/p>\n\n\n\n<p class=\"ls-paragraph has-text-align-center\">Al afiliarnos a la marca <strong>Yelloh!<\/strong> y al <strong>Grupo Pierre &amp; Vacances-Center Parcs<\/strong>, reafirmamos nuestro compromiso de ofrecerle unas vacaciones que combinan el alojamiento de lujo con el respeto por los espacios naturales que constituyen la extraordinaria riqueza de nuestra hermosa regi\u00f3n.<\/p>\n\n\n\n<p class=\"ls-paragraph has-text-align-center\">Ser afiliado de un <strong>camping Yelloh!<\/strong> tambi\u00e9n significa compartir una visi\u00f3n y unos valores comunes: hospitalidad, amabilidad y cordialidad.<\/p>\n\n\n\n<p class=\"ls-paragraph has-text-align-center\">Por \u00faltimo, cada d\u00eda trabajamos para reducir nuestra huella ecol\u00f3gica en el marco del programa \u00abEtiqueta Medioambiental\u00bb lanzado por<strong>ADEME<\/strong>, una iniciativa pionera en la industria hotelera al aire libre.<\/p>\n\n\n\n<p class=\"ls-paragraph has-text-align-center\">\u00bfBusca un <a href=\"https:\/\/www.domainelescarrelets.com\/es\/\">camping en Gironda<\/a> para pasar unas vacaciones con una sonrisa en la cara y cerca de la naturaleza?<\/p>\n\n\n\n<p class=\"ls-paragraph has-text-align-center\">Venga a visitarnos y reserve sus pr\u00f3ximas vacaciones en  <strong>Yelloh! Village Domaine les Carrelets de Soulac<\/strong><\/p>\n\n\r\n    <\/div>\r\n<\/section><section id=\"ls-section-block_714a343c3827558cdeaaa7ed805c1bf5\" class=\"ls-section  page-maillage has-p-b p-b-14\" >\r\n        <div class=\"container container--wide\">\r\n        \n\n<div id=\"ls-heading ls-titre-div-block_9e9651ac93ec9619ded70619623ed7dd\" class=\"ls-titre-div deco h2-like\" >\n    \u00a1<em>M\u00e1s informaci\u00f3n sobre nuestros servicios, <\/em> <\/br>alojamiento y restaurante!<\/div>\n\n\n<div id=\"ls-maillage-block_e55e39c2478ab423ad59b37a2230134d\" class=\"ls-maillage cta-style-normal\" data-rows=\"3\">\n    <div class=\"wp-block-columns\"><div class=\"wp-block-column\"><div class=\"ls-cta \">\n\n<a href=\"https:\/\/www.domainelescarrelets.com\/es\/ubicacion-soulac-sur-mer\/\" target=\"\" rel=\"noopener\" class=\"ls-cta__link\">\n\n\t<div class=\"ls-cta__image\"><img decoding=\"async\" src=\"https:\/\/www.domainelescarrelets.com\/wp-content\/uploads\/2023\/10\/camping-familial-soulac.webp\" alt=\"camping familiar soulac\"><\/div>\n\t<div class=\"ls-cta__title\">\n\t\tAlojamiento\t<\/div>\n\t<div class=\"ls-button ls-button--cta\"><span>Descubra<\/span><i class='oreades-right-arrow'><\/i><\/div>\n\n\t\n\t\t\n<\/a>\n\n\n<\/div><\/div><div class=\"wp-block-column\"><div class=\"ls-cta \">\n\n<a href=\"https:\/\/www.domainelescarrelets.com\/es\/nuestros-servicios\/\" target=\"\" rel=\"noopener\" class=\"ls-cta__link\">\n\n\t<div class=\"ls-cta__image\"><img decoding=\"async\" src=\"https:\/\/www.domainelescarrelets.com\/wp-content\/uploads\/2023\/10\/camping-familial-gironde.webp\" alt=\"camping familiar gironde\"><\/div>\n\t<div class=\"ls-cta__title\">\n\t\tServicios\t<\/div>\n\t<div class=\"ls-button ls-button--cta\"><span>Descubra<\/span><i class='oreades-right-arrow'><\/i><\/div>\n\n\t\n\t\t\n<\/a>\n\n\n<\/div><\/div><div class=\"wp-block-column\"><div class=\"ls-cta \">\n\n<a href=\"https:\/\/www.domainelescarrelets.com\/es\/restaurante-soulac-sur-mer\/\" target=\"\" rel=\"noopener\" class=\"ls-cta__link\">\n\n\t<div class=\"ls-cta__image\"><img decoding=\"async\" src=\"https:\/\/www.domainelescarrelets.com\/wp-content\/uploads\/2023\/10\/restaurant-les-carrelets-soulac-scaled.webp\" alt=\"restaurante les carrelets soulac\"><\/div>\n\t<div class=\"ls-cta__title\">\n\t\tRestaurante\t<\/div>\n\t<div class=\"ls-button ls-button--cta\"><span>Descubra<\/span><i class='oreades-right-arrow'><\/i><\/div>\n\n\t\n\t\t\n<\/a>\n\n\n<\/div><\/div><\/div><\/div>\n\r\n    <\/div>\r\n<\/section>","protected":false},"excerpt":{"rendered":"","protected":false},"author":1,"featured_media":0,"parent":0,"menu_order":0,"comment_status":"closed","ping_status":"closed","template":"","meta":{"_acf_changed":false,"inline_featured_image":false,"footnotes":""},"sujet":[],"class_list":["post-7012","page","type-page","status-publish","hentry"],"acf":[],"yoast_head":"<!-- This site is optimized with the Yoast SEO plugin v24.5 - https:\/\/yoast.com\/wordpress\/plugins\/seo\/ -->\n<title>\u00a1Camping Yellow! Soulac: nuestro camping es una filial de Yelloh! en Gironda<\/title>\n<meta name=\"robots\" content=\"index, follow, max-snippet:-1, max-image-preview:large, max-video-preview:-1\" \/>\n<link rel=\"canonical\" href=\"https:\/\/www.domainelescarrelets.com\/es\/afiliacion-yelloh\/\" \/>\n<meta property=\"og:locale\" content=\"es_ES\" \/>\n<meta property=\"og:type\" content=\"article\" \/>\n<meta property=\"og:title\" content=\"\u00a1Camping Yellow! Soulac: nuestro camping es una filial de Yelloh! en Gironda\" \/>\n<meta property=\"og:url\" content=\"https:\/\/www.domainelescarrelets.com\/es\/afiliacion-yelloh\/\" \/>\n<meta property=\"og:site_name\" content=\"Domaine Les Carrelets de Soulac\" \/>\n<meta property=\"article:modified_time\" content=\"2023-10-24T10:25:11+00:00\" \/>\n<meta property=\"og:image\" content=\"https:\/\/www.domainelescarrelets.com\/wp-content\/uploads\/2023\/10\/2013_yelloh_logo_quadri-300x137.webp\" \/>\n<meta name=\"twitter:card\" content=\"summary_large_image\" \/>\n<meta name=\"twitter:label1\" content=\"Tiempo de lectura\" \/>\n\t<meta name=\"twitter:data1\" content=\"1 minuto\" \/>\n<script type=\"application\/ld+json\" class=\"yoast-schema-graph\">{\"@context\":\"https:\/\/schema.org\",\"@graph\":[{\"@type\":\"WebPage\",\"@id\":\"https:\/\/www.domainelescarrelets.com\/es\/afiliacion-yelloh\/\",\"url\":\"https:\/\/www.domainelescarrelets.com\/es\/afiliacion-yelloh\/\",\"name\":\"\u00a1Camping Yellow! Soulac: nuestro camping es una filial de Yelloh! en Gironda\",\"isPartOf\":{\"@id\":\"https:\/\/www.domainelescarrelets.com\/es\/#website\"},\"primaryImageOfPage\":{\"@id\":\"https:\/\/www.domainelescarrelets.com\/es\/afiliacion-yelloh\/#primaryimage\"},\"image\":{\"@id\":\"https:\/\/www.domainelescarrelets.com\/es\/afiliacion-yelloh\/#primaryimage\"},\"thumbnailUrl\":\"https:\/\/www.domainelescarrelets.com\/wp-content\/uploads\/2023\/10\/2013_yelloh_logo_quadri-300x137.webp\",\"datePublished\":\"2023-10-10T14:05:35+00:00\",\"dateModified\":\"2023-10-24T10:25:11+00:00\",\"breadcrumb\":{\"@id\":\"https:\/\/www.domainelescarrelets.com\/es\/afiliacion-yelloh\/#breadcrumb\"},\"inLanguage\":\"es\",\"potentialAction\":[{\"@type\":\"ReadAction\",\"target\":[\"https:\/\/www.domainelescarrelets.com\/es\/afiliacion-yelloh\/\"]}]},{\"@type\":\"ImageObject\",\"inLanguage\":\"es\",\"@id\":\"https:\/\/www.domainelescarrelets.com\/es\/afiliacion-yelloh\/#primaryimage\",\"url\":\"https:\/\/www.domainelescarrelets.com\/wp-content\/uploads\/2023\/10\/2013_yelloh_logo_quadri-300x137.webp\",\"contentUrl\":\"https:\/\/www.domainelescarrelets.com\/wp-content\/uploads\/2023\/10\/2013_yelloh_logo_quadri-300x137.webp\"},{\"@type\":\"BreadcrumbList\",\"@id\":\"https:\/\/www.domainelescarrelets.com\/es\/afiliacion-yelloh\/#breadcrumb\",\"itemListElement\":[{\"@type\":\"ListItem\",\"position\":1,\"name\":\"Camping Soulac-sur-Mer\",\"item\":\"https:\/\/www.domainelescarrelets.com\/es\/\"},{\"@type\":\"ListItem\",\"position\":2,\"name\":\"\u00a1Afiliaci\u00f3n a Yelloh!\"}]},{\"@type\":\"WebSite\",\"@id\":\"https:\/\/www.domainelescarrelets.com\/es\/#website\",\"url\":\"https:\/\/www.domainelescarrelets.com\/es\/\",\"name\":\"Domaine Les Carrelets de Soulac\",\"description\":\"\",\"publisher\":{\"@id\":\"https:\/\/www.domainelescarrelets.com\/es\/#organization\"},\"potentialAction\":[{\"@type\":\"SearchAction\",\"target\":{\"@type\":\"EntryPoint\",\"urlTemplate\":\"https:\/\/www.domainelescarrelets.com\/es\/?s={search_term_string}\"},\"query-input\":{\"@type\":\"PropertyValueSpecification\",\"valueRequired\":true,\"valueName\":\"search_term_string\"}}],\"inLanguage\":\"es\"},{\"@type\":\"Organization\",\"@id\":\"https:\/\/www.domainelescarrelets.com\/es\/#organization\",\"name\":\"Domaine Les Carrelets de Soulac\",\"url\":\"https:\/\/www.domainelescarrelets.com\/es\/\",\"logo\":{\"@type\":\"ImageObject\",\"inLanguage\":\"es\",\"@id\":\"https:\/\/www.domainelescarrelets.com\/es\/#\/schema\/logo\/image\/\",\"url\":\"https:\/\/www.domainelescarrelets.com\/wp-content\/uploads\/2023\/10\/cropped-cropped-les-carrelets-soulac.webp\",\"contentUrl\":\"https:\/\/www.domainelescarrelets.com\/wp-content\/uploads\/2023\/10\/cropped-cropped-les-carrelets-soulac.webp\",\"width\":490,\"height\":175,\"caption\":\"Domaine Les Carrelets de Soulac\"},\"image\":{\"@id\":\"https:\/\/www.domainelescarrelets.com\/es\/#\/schema\/logo\/image\/\"}}]}<\/script>\n<!-- \/ Yoast SEO plugin. -->","yoast_head_json":{"title":"\u00a1Camping Yellow! Soulac: nuestro camping es una filial de Yelloh! en Gironda","robots":{"index":"index","follow":"follow","max-snippet":"max-snippet:-1","max-image-preview":"max-image-preview:large","max-video-preview":"max-video-preview:-1"},"canonical":"https:\/\/www.domainelescarrelets.com\/es\/afiliacion-yelloh\/","og_locale":"es_ES","og_type":"article","og_title":"\u00a1Camping Yellow! Soulac: nuestro camping es una filial de Yelloh! en Gironda","og_url":"https:\/\/www.domainelescarrelets.com\/es\/afiliacion-yelloh\/","og_site_name":"Domaine Les Carrelets de Soulac","article_modified_time":"2023-10-24T10:25:11+00:00","og_image":[{"url":"https:\/\/www.domainelescarrelets.com\/wp-content\/uploads\/2023\/10\/2013_yelloh_logo_quadri-300x137.webp","type":"","width":"","height":""}],"twitter_card":"summary_large_image","twitter_misc":{"Tiempo de lectura":"1 minuto"},"schema":{"@context":"https:\/\/schema.org","@graph":[{"@type":"WebPage","@id":"https:\/\/www.domainelescarrelets.com\/es\/afiliacion-yelloh\/","url":"https:\/\/www.domainelescarrelets.com\/es\/afiliacion-yelloh\/","name":"\u00a1Camping Yellow! Soulac: nuestro camping es una filial de Yelloh! en Gironda","isPartOf":{"@id":"https:\/\/www.domainelescarrelets.com\/es\/#website"},"primaryImageOfPage":{"@id":"https:\/\/www.domainelescarrelets.com\/es\/afiliacion-yelloh\/#primaryimage"},"image":{"@id":"https:\/\/www.domainelescarrelets.com\/es\/afiliacion-yelloh\/#primaryimage"},"thumbnailUrl":"https:\/\/www.domainelescarrelets.com\/wp-content\/uploads\/2023\/10\/2013_yelloh_logo_quadri-300x137.webp","datePublished":"2023-10-10T14:05:35+00:00","dateModified":"2023-10-24T10:25:11+00:00","breadcrumb":{"@id":"https:\/\/www.domainelescarrelets.com\/es\/afiliacion-yelloh\/#breadcrumb"},"inLanguage":"es","potentialAction":[{"@type":"ReadAction","target":["https:\/\/www.domainelescarrelets.com\/es\/afiliacion-yelloh\/"]}]},{"@type":"ImageObject","inLanguage":"es","@id":"https:\/\/www.domainelescarrelets.com\/es\/afiliacion-yelloh\/#primaryimage","url":"https:\/\/www.domainelescarrelets.com\/wp-content\/uploads\/2023\/10\/2013_yelloh_logo_quadri-300x137.webp","contentUrl":"https:\/\/www.domainelescarrelets.com\/wp-content\/uploads\/2023\/10\/2013_yelloh_logo_quadri-300x137.webp"},{"@type":"BreadcrumbList","@id":"https:\/\/www.domainelescarrelets.com\/es\/afiliacion-yelloh\/#breadcrumb","itemListElement":[{"@type":"ListItem","position":1,"name":"Camping Soulac-sur-Mer","item":"https:\/\/www.domainelescarrelets.com\/es\/"},{"@type":"ListItem","position":2,"name":"\u00a1Afiliaci\u00f3n a Yelloh!"}]},{"@type":"WebSite","@id":"https:\/\/www.domainelescarrelets.com\/es\/#website","url":"https:\/\/www.domainelescarrelets.com\/es\/","name":"Domaine Les Carrelets de Soulac","description":"","publisher":{"@id":"https:\/\/www.domainelescarrelets.com\/es\/#organization"},"potentialAction":[{"@type":"SearchAction","target":{"@type":"EntryPoint","urlTemplate":"https:\/\/www.domainelescarrelets.com\/es\/?s={search_term_string}"},"query-input":{"@type":"PropertyValueSpecification","valueRequired":true,"valueName":"search_term_string"}}],"inLanguage":"es"},{"@type":"Organization","@id":"https:\/\/www.domainelescarrelets.com\/es\/#organization","name":"Domaine Les Carrelets de Soulac","url":"https:\/\/www.domainelescarrelets.com\/es\/","logo":{"@type":"ImageObject","inLanguage":"es","@id":"https:\/\/www.domainelescarrelets.com\/es\/#\/schema\/logo\/image\/","url":"https:\/\/www.domainelescarrelets.com\/wp-content\/uploads\/2023\/10\/cropped-cropped-les-carrelets-soulac.webp","contentUrl":"https:\/\/www.domainelescarrelets.com\/wp-content\/uploads\/2023\/10\/cropped-cropped-les-carrelets-soulac.webp","width":490,"height":175,"caption":"Domaine Les Carrelets de Soulac"},"image":{"@id":"https:\/\/www.domainelescarrelets.com\/es\/#\/schema\/logo\/image\/"}}]}},"_links":{"self":[{"href":"https:\/\/www.domainelescarrelets.com\/es\/wp-json\/wp\/v2\/pages\/7012","targetHints":{"allow":["GET"]}}],"collection":[{"href":"https:\/\/www.domainelescarrelets.com\/es\/wp-json\/wp\/v2\/pages"}],"about":[{"href":"https:\/\/www.domainelescarrelets.com\/es\/wp-json\/wp\/v2\/types\/page"}],"author":[{"embeddable":true,"href":"https:\/\/www.domainelescarrelets.com\/es\/wp-json\/wp\/v2\/users\/1"}],"replies":[{"embeddable":true,"href":"https:\/\/www.domainelescarrelets.com\/es\/wp-json\/wp\/v2\/comments?post=7012"}],"version-history":[{"count":2,"href":"https:\/\/www.domainelescarrelets.com\/es\/wp-json\/wp\/v2\/pages\/7012\/revisions"}],"predecessor-version":[{"id":7297,"href":"https:\/\/www.domainelescarrelets.com\/es\/wp-json\/wp\/v2\/pages\/7012\/revisions\/7297"}],"wp:attachment":[{"href":"https:\/\/www.domainelescarrelets.com\/es\/wp-json\/wp\/v2\/media?parent=7012"}],"wp:term":[{"taxonomy":"sujet","embeddable":true,"href":"https:\/\/www.domainelescarrelets.com\/es\/wp-json\/wp\/v2\/sujet?post=7012"}],"curies":[{"name":"wp","href":"https:\/\/api.w.org\/{rel}","templated":true}]}}