{"id":7597,"date":"2023-10-25T13:04:49","date_gmt":"2023-10-25T11:04:49","guid":{"rendered":"https:\/\/www.domainelescarrelets.com\/camping-con-polideportivo-soulac-sur-mer\/"},"modified":"2023-10-26T12:26:50","modified_gmt":"2023-10-26T10:26:50","slug":"camping-con-polideportivo-soulac-sur-mer","status":"publish","type":"page","link":"https:\/\/www.domainelescarrelets.com\/es\/camping-con-polideportivo-soulac-sur-mer\/","title":{"rendered":"Polideportivo"},"content":{"rendered":"<section id=\"ls-section-block_0c8df4b5fbc46cd77dee79b800521db1\" class=\"ls-section  page-intro has-m-b m-b-0 has-p-b p-b-0\" >\r\n        <div class=\"container \">\r\n        \n\n<div class=\"wp-block-columns is-layout-flex wp-container-core-columns-is-layout-9d6595d7 wp-block-columns-is-layout-flex\">\n<div class=\"wp-block-column is-layout-flow wp-block-column-is-layout-flow\">\n<h1 class=\"ls__heading wp-block-heading has-text-align-center\">Polideportivo<\/h1>\n\n\n\n<p class=\"ls-paragraph has-text-align-center\">Mant\u00e9ngase en forma incluso en vacaciones El <strong>moderno y bien equipado gimnasio<\/strong> de <a href=\"https:\/\/www.domainelescarrelets.com\/es\/\">Les Carrelets Soulac<\/a> es un <strong>espacio dedicado de 120 m\u00b2<\/strong>, especialmente dise\u00f1ado para adultos que desean mantener su rutina de ejercicios o comenzar una nueva aventura de fitness. Si lo que busca es revitalizar su cuerpo, tonificar sus m\u00fasculos o simplemente desconectar, este es su gimnasio.<\/p>\n<\/div>\n<\/div>\n\n\r\n    <\/div>\r\n<\/section><section id=\"ls-section-block_4d3ba7b75664c64e857386e2700519d2\" class=\"ls-section  page-one has-p-t p-t-14 has-p-b p-b-14\" >\r\n        <div class=\"container container--wide\">\r\n        \n\n<div class=\"wp-block-columns is-layout-flex wp-container-core-columns-is-layout-9d6595d7 wp-block-columns-is-layout-flex\">\n<div class=\"wp-block-column first is-layout-flow wp-block-column-is-layout-flow\" style=\"flex-basis:66.66%\">\n<figure class=\"wp-block-gallery has-nested-images columns-default is-cropped gallery-slider wp-block-gallery-1 is-layout-flex wp-block-gallery-is-layout-flex\">\n<figure class=\"wp-block-image size-full\"><img decoding=\"async\" width=\"2000\" height=\"1331\" data-id=\"7615\" src=\"https:\/\/www.domainelescarrelets.com\/wp-content\/uploads\/2023\/10\/salle-de-musculation-soulac.webp\" alt=\"gimnasio soulac\" class=\"wp-image-7615\" srcset=\"https:\/\/www.domainelescarrelets.com\/wp-content\/uploads\/2023\/10\/salle-de-musculation-soulac.webp 2000w, https:\/\/www.domainelescarrelets.com\/wp-content\/uploads\/2023\/10\/salle-de-musculation-soulac-300x200.webp 300w, https:\/\/www.domainelescarrelets.com\/wp-content\/uploads\/2023\/10\/salle-de-musculation-soulac-1024x681.webp 1024w, https:\/\/www.domainelescarrelets.com\/wp-content\/uploads\/2023\/10\/salle-de-musculation-soulac-768x511.webp 768w, https:\/\/www.domainelescarrelets.com\/wp-content\/uploads\/2023\/10\/salle-de-musculation-soulac-1536x1022.webp 1536w\" sizes=\"(max-width: 2000px) 100vw, 2000px\" \/><\/figure>\n\n\n\n<figure class=\"wp-block-image size-full\"><a href=\"https:\/\/www.domainelescarrelets.com\/wp-content\/uploads\/2023\/10\/salle-de-sport.webp\"><img decoding=\"async\" width=\"2000\" height=\"1333\" data-id=\"1013\" src=\"https:\/\/www.domainelescarrelets.com\/wp-content\/uploads\/2023\/10\/salle-de-sport.webp\" alt=\"pabell&#xF3;n deportivo\" class=\"wp-image-1013\" srcset=\"https:\/\/www.domainelescarrelets.com\/wp-content\/uploads\/2023\/10\/salle-de-sport.webp 2000w, https:\/\/www.domainelescarrelets.com\/wp-content\/uploads\/2023\/10\/salle-de-sport-300x200.webp 300w, https:\/\/www.domainelescarrelets.com\/wp-content\/uploads\/2023\/10\/salle-de-sport-1024x682.webp 1024w, https:\/\/www.domainelescarrelets.com\/wp-content\/uploads\/2023\/10\/salle-de-sport-768x512.webp 768w, https:\/\/www.domainelescarrelets.com\/wp-content\/uploads\/2023\/10\/salle-de-sport-1536x1024.webp 1536w\" sizes=\"(max-width: 2000px) 100vw, 2000px\" \/><\/a><\/figure>\n\n\n\n<figure class=\"wp-block-image size-full\"><a href=\"https:\/\/www.domainelescarrelets.com\/wp-content\/uploads\/2023\/10\/salle-de-sport-gironde.webp\"><img decoding=\"async\" width=\"2000\" height=\"1333\" data-id=\"7434\" src=\"https:\/\/www.domainelescarrelets.com\/wp-content\/uploads\/2023\/10\/salle-de-sport-gironde.webp\" alt=\"gimnasio gironde\" class=\"wp-image-7434\" srcset=\"https:\/\/www.domainelescarrelets.com\/wp-content\/uploads\/2023\/10\/salle-de-sport-gironde.webp 2000w, https:\/\/www.domainelescarrelets.com\/wp-content\/uploads\/2023\/10\/salle-de-sport-gironde-300x200.webp 300w, https:\/\/www.domainelescarrelets.com\/wp-content\/uploads\/2023\/10\/salle-de-sport-gironde-1024x682.webp 1024w, https:\/\/www.domainelescarrelets.com\/wp-content\/uploads\/2023\/10\/salle-de-sport-gironde-768x512.webp 768w, https:\/\/www.domainelescarrelets.com\/wp-content\/uploads\/2023\/10\/salle-de-sport-gironde-1536x1024.webp 1536w\" sizes=\"(max-width: 2000px) 100vw, 2000px\" \/><\/a><\/figure>\n\n\n\n<figure class=\"wp-block-image size-full\"><img decoding=\"async\" width=\"2000\" height=\"1331\" data-id=\"7610\" src=\"https:\/\/www.domainelescarrelets.com\/wp-content\/uploads\/2023\/10\/camping-salle-de-musculation.webp\" alt=\"gimnasio de camping\" class=\"wp-image-7610\" srcset=\"https:\/\/www.domainelescarrelets.com\/wp-content\/uploads\/2023\/10\/camping-salle-de-musculation.webp 2000w, https:\/\/www.domainelescarrelets.com\/wp-content\/uploads\/2023\/10\/camping-salle-de-musculation-300x200.webp 300w, https:\/\/www.domainelescarrelets.com\/wp-content\/uploads\/2023\/10\/camping-salle-de-musculation-1024x681.webp 1024w, https:\/\/www.domainelescarrelets.com\/wp-content\/uploads\/2023\/10\/camping-salle-de-musculation-768x511.webp 768w, https:\/\/www.domainelescarrelets.com\/wp-content\/uploads\/2023\/10\/camping-salle-de-musculation-1536x1022.webp 1536w\" sizes=\"(max-width: 2000px) 100vw, 2000px\" \/><\/figure>\n<\/figure>\n<\/div>\n\n\n\n<div class=\"wp-block-column is-vertically-aligned-center second is-layout-flow wp-block-column-is-layout-flow\" style=\"flex-basis:33.33%\">\n<h2 class=\"ls__heading wp-block-heading has-text-align-left deco\">15 m\u00e1quinas profesionales <em>para tu entrenamiento<\/em><\/h2>\n\n\n\n<p class=\"ls-paragraph\">Somos conscientes de la importancia de <strong>contar con equipos de calidad<\/strong> para su entrenamiento. Por eso hemos invertido en <strong>15 m\u00e1quinas profesionales<\/strong> para satisfacer todas sus necesidades de ejercicio.<\/p>\n\n\n\n<p class=\"ls-paragraph\">Para <strong>los amantes del cardio<\/strong>, ofrecemos una amplia gama de equipos para trabajar la resistencia y quemar calor\u00edas:  <\/p>\n\n\n\n<ul class=\"ls-list wp-block-list\">\n<li>Bicicletas<\/li>\n\n\n\n<li>Bicicleta semiextendida<\/li>\n\n\n\n<li>El\u00edpticas<\/li>\n\n\n\n<li>Cintas de correr<\/li>\n\n\n\n<li>Stepper&#8230;<\/li>\n<\/ul>\n\n\n\n<p class=\"ls-paragraph\">\u00bfPrefieres trabajar tus m\u00fasculos? Tendr\u00e1s a tu disposici\u00f3n una serie de<strong> equipos de musculaci\u00f3n<\/strong>:<\/p>\n\n\n\n<ul class=\"ls-list wp-block-list\">\n<li>Press de banca<\/li>\n\n\n\n<li>Prensa de hombros<\/li>\n\n\n\n<li>Mariposa<\/li>\n\n\n\n<li>y otras m\u00e1quinas especializadas para trabajar b\u00edceps, tr\u00edceps, espalda y piernas.<\/li>\n<\/ul>\n<\/div>\n<\/div>\n\n\r\n    <\/div>\r\n<\/section><section id=\"ls-section-block_0654584cd9d095e1cea4a81978136b2d\" class=\"ls-section  page-one\" >\r\n        <div class=\"container container--wide\">\r\n        \n\n<div class=\"wp-block-columns is-layout-flex wp-container-core-columns-is-layout-9d6595d7 wp-block-columns-is-layout-flex\">\n<div class=\"wp-block-column is-vertically-aligned-center is-layout-flow wp-block-column-is-layout-flow\" style=\"flex-basis:33.33%\">\n<h2 class=\"ls__heading wp-block-heading deco\">Aproveche el gimnasio de <em>nuestro camping en Gironda<\/em><\/h2>\n\n\n\n<p class=\"ls-paragraph\">Despu\u00e9s de un duro entrenamiento, aproveche nuestras instalaciones para relajarse y refrescarse. Disponemos de una <strong>zona de guardarropa con taquillas<\/strong> para sus efectos personales, as\u00ed como de una <strong>ducha<\/strong> y un <strong>aseo<\/strong> para su comodidad.<\/p>\n\n\n\n<p class=\"ls-paragraph\">Nuestro gimnasio est\u00e1 <strong>totalmente climatizado<\/strong>. Sea cual sea la temperatura exterior, disfrutar\u00e1 de un ambiente fresco y confortable.<\/p>\n\n\n\n<p class=\"ls-paragraph\"><strong>Lo mejor de nuestro gimnasio<\/strong> es, sin duda, su precioso <strong>patio central<\/strong>. Este patio no s\u00f3lo a\u00f1ade un toque de elegancia y naturaleza al espacio, sino que tambi\u00e9n proporciona a la habitaci\u00f3n una luz suave y relajante.  <\/p>\n<\/div>\n\n\n\n<div class=\"wp-block-column is-vertically-aligned-center is-layout-flow wp-block-column-is-layout-flow\" style=\"flex-basis:66.66%\">\n<figure class=\"wp-block-image size-full\"><img decoding=\"async\" width=\"2000\" height=\"1333\" src=\"https:\/\/www.domainelescarrelets.com\/wp-content\/uploads\/2023\/10\/camipng-salle-de-sport-gironde.webp\" alt=\"gimnasio camipng gironde\" class=\"wp-image-483\" srcset=\"https:\/\/www.domainelescarrelets.com\/wp-content\/uploads\/2023\/10\/camipng-salle-de-sport-gironde.webp 2000w, https:\/\/www.domainelescarrelets.com\/wp-content\/uploads\/2023\/10\/camipng-salle-de-sport-gironde-300x200.webp 300w, https:\/\/www.domainelescarrelets.com\/wp-content\/uploads\/2023\/10\/camipng-salle-de-sport-gironde-1024x682.webp 1024w, https:\/\/www.domainelescarrelets.com\/wp-content\/uploads\/2023\/10\/camipng-salle-de-sport-gironde-768x512.webp 768w, https:\/\/www.domainelescarrelets.com\/wp-content\/uploads\/2023\/10\/camipng-salle-de-sport-gironde-1536x1024.webp 1536w\" sizes=\"(max-width: 2000px) 100vw, 2000px\" \/><\/figure>\n<\/div>\n<\/div>\n\n\r\n    <\/div>\r\n<\/section><section id=\"ls-section-block_c498040b39636f79dfcfdd9e90690efd\" class=\"ls-section  page-maillage has-p-b p-b-14\" >\r\n        <div class=\"container container--wide\">\r\n        \n\n<div id=\"ls-heading ls-titre-div-block_f4bcceab6ca1ca8239356dd54abff082\" class=\"ls-titre-div deco h2-like\" >\n    \u00a1<em>Descubra los servicios, <\/em> <\/br>las zonas acu\u00e1ticas y de bienestar!<\/div>\n\n\n<div id=\"ls-maillage-block_5aed66f368ad3a7b4af48b365423f694\" class=\"ls-maillage cta-style-normal\" data-rows=\"3\">\n    <div class=\"wp-block-columns\"><div class=\"wp-block-column\"><div class=\"ls-cta \">\n\n<a href=\"https:\/\/www.domainelescarrelets.com\/es\/nuestros-servicios\/\" target=\"\" rel=\"noopener\" class=\"ls-cta__link\">\n\n\t<div class=\"ls-cta__image\"><img decoding=\"async\" src=\"https:\/\/www.domainelescarrelets.com\/wp-content\/uploads\/2023\/10\/camping-familial-gironde.webp\" alt=\"camping familiar gironde\"><\/div>\n\t<div class=\"ls-cta__title\">\n\t\tServicios\t<\/div>\n\t<div class=\"ls-button ls-button--cta\"><span>Descubra<\/span><i class='oreades-right-arrow'><\/i><\/div>\n\n\t\n\t\t\n<\/a>\n\n\n<\/div><\/div><div class=\"wp-block-column\"><div class=\"ls-cta \">\n\n<a href=\"https:\/\/www.domainelescarrelets.com\/es\/camping-piscina-soulac\/\" target=\"\" rel=\"noopener\" class=\"ls-cta__link\">\n\n\t<div class=\"ls-cta__image\"><img decoding=\"async\" src=\"https:\/\/www.domainelescarrelets.com\/wp-content\/uploads\/2023\/10\/camping-piscine-gironde.webp\" alt=\"piscina camping gironde\"><\/div>\n\t<div class=\"ls-cta__title\">\n\t\tPiscina\t<\/div>\n\t<div class=\"ls-button ls-button--cta\"><span>Descubra<\/span><i class='oreades-right-arrow'><\/i><\/div>\n\n\t\n\t\t\n<\/a>\n\n\n<\/div><\/div><div class=\"wp-block-column\"><div class=\"ls-cta \">\n\n<a href=\"https:\/\/www.domainelescarrelets.com\/es\/camping-bienestar-soulac-sur-mer\/\" target=\"\" rel=\"noopener\" class=\"ls-cta__link\">\n\n\t<div class=\"ls-cta__image\"><img decoding=\"async\" src=\"https:\/\/www.domainelescarrelets.com\/wp-content\/uploads\/2023\/10\/spa-les-carrelets-soulac.webp\" alt=\"spa les carrelets soulac\"><\/div>\n\t<div class=\"ls-cta__title\">\n\t\tBienestar\t<\/div>\n\t<div class=\"ls-button ls-button--cta\"><span>Descubra<\/span><i class='oreades-right-arrow'><\/i><\/div>\n\n\t\n\t\t\n<\/a>\n\n\n<\/div><\/div><\/div><\/div>\n\r\n    <\/div>\r\n<\/section>","protected":false},"excerpt":{"rendered":"","protected":false},"author":1,"featured_media":7624,"parent":0,"menu_order":0,"comment_status":"closed","ping_status":"closed","template":"","meta":{"_acf_changed":false,"inline_featured_image":false,"footnotes":""},"sujet":[],"class_list":["post-7597","page","type-page","status-publish","has-post-thumbnail","hentry"],"acf":[],"yoast_head":"<!-- This site is optimized with the Yoast SEO plugin v24.5 - https:\/\/yoast.com\/wordpress\/plugins\/seo\/ -->\n<title>Camping con polideportivo en Gironda: camping con instalaciones deportivas en Soulac sur Mer<\/title>\n<meta name=\"robots\" content=\"index, follow, max-snippet:-1, max-image-preview:large, max-video-preview:-1\" \/>\n<link rel=\"canonical\" href=\"https:\/\/www.domainelescarrelets.com\/es\/camping-con-polideportivo-soulac-sur-mer\/\" \/>\n<meta property=\"og:locale\" content=\"es_ES\" \/>\n<meta property=\"og:type\" content=\"article\" \/>\n<meta property=\"og:title\" content=\"Camping con polideportivo en Gironda: camping con instalaciones deportivas en Soulac sur Mer\" \/>\n<meta property=\"og:url\" content=\"https:\/\/www.domainelescarrelets.com\/es\/camping-con-polideportivo-soulac-sur-mer\/\" \/>\n<meta property=\"og:site_name\" content=\"Domaine Les Carrelets de Soulac\" \/>\n<meta property=\"article:modified_time\" content=\"2023-10-26T10:26:50+00:00\" \/>\n<meta property=\"og:image\" content=\"https:\/\/www.domainelescarrelets.com\/wp-content\/uploads\/2023\/10\/camping-salle-de-sport.webp\" \/>\n\t<meta property=\"og:image:width\" content=\"2000\" \/>\n\t<meta property=\"og:image:height\" content=\"1331\" \/>\n\t<meta property=\"og:image:type\" content=\"image\/webp\" \/>\n<meta name=\"twitter:card\" content=\"summary_large_image\" \/>\n<meta name=\"twitter:label1\" content=\"Tiempo de lectura\" \/>\n\t<meta name=\"twitter:data1\" content=\"1 minuto\" \/>\n<script type=\"application\/ld+json\" class=\"yoast-schema-graph\">{\"@context\":\"https:\/\/schema.org\",\"@graph\":[{\"@type\":\"WebPage\",\"@id\":\"https:\/\/www.domainelescarrelets.com\/es\/camping-con-polideportivo-soulac-sur-mer\/\",\"url\":\"https:\/\/www.domainelescarrelets.com\/es\/camping-con-polideportivo-soulac-sur-mer\/\",\"name\":\"Camping con polideportivo en Gironda: camping con instalaciones deportivas en Soulac sur Mer\",\"isPartOf\":{\"@id\":\"https:\/\/www.domainelescarrelets.com\/es\/#website\"},\"primaryImageOfPage\":{\"@id\":\"https:\/\/www.domainelescarrelets.com\/es\/camping-con-polideportivo-soulac-sur-mer\/#primaryimage\"},\"image\":{\"@id\":\"https:\/\/www.domainelescarrelets.com\/es\/camping-con-polideportivo-soulac-sur-mer\/#primaryimage\"},\"thumbnailUrl\":\"https:\/\/www.domainelescarrelets.com\/wp-content\/uploads\/2023\/10\/camping-salle-de-sport.webp\",\"datePublished\":\"2023-10-25T11:04:49+00:00\",\"dateModified\":\"2023-10-26T10:26:50+00:00\",\"breadcrumb\":{\"@id\":\"https:\/\/www.domainelescarrelets.com\/es\/camping-con-polideportivo-soulac-sur-mer\/#breadcrumb\"},\"inLanguage\":\"es\",\"potentialAction\":[{\"@type\":\"ReadAction\",\"target\":[\"https:\/\/www.domainelescarrelets.com\/es\/camping-con-polideportivo-soulac-sur-mer\/\"]}]},{\"@type\":\"ImageObject\",\"inLanguage\":\"es\",\"@id\":\"https:\/\/www.domainelescarrelets.com\/es\/camping-con-polideportivo-soulac-sur-mer\/#primaryimage\",\"url\":\"https:\/\/www.domainelescarrelets.com\/wp-content\/uploads\/2023\/10\/camping-salle-de-sport.webp\",\"contentUrl\":\"https:\/\/www.domainelescarrelets.com\/wp-content\/uploads\/2023\/10\/camping-salle-de-sport.webp\",\"width\":2000,\"height\":1331,\"caption\":\"pabell\u00f3n deportivo de acampada\"},{\"@type\":\"BreadcrumbList\",\"@id\":\"https:\/\/www.domainelescarrelets.com\/es\/camping-con-polideportivo-soulac-sur-mer\/#breadcrumb\",\"itemListElement\":[{\"@type\":\"ListItem\",\"position\":1,\"name\":\"Camping Soulac-sur-Mer\",\"item\":\"https:\/\/www.domainelescarrelets.com\/es\/\"},{\"@type\":\"ListItem\",\"position\":2,\"name\":\"Polideportivo\"}]},{\"@type\":\"WebSite\",\"@id\":\"https:\/\/www.domainelescarrelets.com\/es\/#website\",\"url\":\"https:\/\/www.domainelescarrelets.com\/es\/\",\"name\":\"Domaine Les Carrelets de Soulac\",\"description\":\"\",\"publisher\":{\"@id\":\"https:\/\/www.domainelescarrelets.com\/es\/#organization\"},\"potentialAction\":[{\"@type\":\"SearchAction\",\"target\":{\"@type\":\"EntryPoint\",\"urlTemplate\":\"https:\/\/www.domainelescarrelets.com\/es\/?s={search_term_string}\"},\"query-input\":{\"@type\":\"PropertyValueSpecification\",\"valueRequired\":true,\"valueName\":\"search_term_string\"}}],\"inLanguage\":\"es\"},{\"@type\":\"Organization\",\"@id\":\"https:\/\/www.domainelescarrelets.com\/es\/#organization\",\"name\":\"Domaine Les Carrelets de Soulac\",\"url\":\"https:\/\/www.domainelescarrelets.com\/es\/\",\"logo\":{\"@type\":\"ImageObject\",\"inLanguage\":\"es\",\"@id\":\"https:\/\/www.domainelescarrelets.com\/es\/#\/schema\/logo\/image\/\",\"url\":\"https:\/\/www.domainelescarrelets.com\/wp-content\/uploads\/2023\/10\/cropped-cropped-les-carrelets-soulac.webp\",\"contentUrl\":\"https:\/\/www.domainelescarrelets.com\/wp-content\/uploads\/2023\/10\/cropped-cropped-les-carrelets-soulac.webp\",\"width\":490,\"height\":175,\"caption\":\"Domaine Les Carrelets de Soulac\"},\"image\":{\"@id\":\"https:\/\/www.domainelescarrelets.com\/es\/#\/schema\/logo\/image\/\"}}]}<\/script>\n<!-- \/ Yoast SEO plugin. -->","yoast_head_json":{"title":"Camping con polideportivo en Gironda: camping con instalaciones deportivas en Soulac sur Mer","robots":{"index":"index","follow":"follow","max-snippet":"max-snippet:-1","max-image-preview":"max-image-preview:large","max-video-preview":"max-video-preview:-1"},"canonical":"https:\/\/www.domainelescarrelets.com\/es\/camping-con-polideportivo-soulac-sur-mer\/","og_locale":"es_ES","og_type":"article","og_title":"Camping con polideportivo en Gironda: camping con instalaciones deportivas en Soulac sur Mer","og_url":"https:\/\/www.domainelescarrelets.com\/es\/camping-con-polideportivo-soulac-sur-mer\/","og_site_name":"Domaine Les Carrelets de Soulac","article_modified_time":"2023-10-26T10:26:50+00:00","og_image":[{"width":2000,"height":1331,"url":"https:\/\/www.domainelescarrelets.com\/wp-content\/uploads\/2023\/10\/camping-salle-de-sport.webp","type":"image\/webp"}],"twitter_card":"summary_large_image","twitter_misc":{"Tiempo de lectura":"1 minuto"},"schema":{"@context":"https:\/\/schema.org","@graph":[{"@type":"WebPage","@id":"https:\/\/www.domainelescarrelets.com\/es\/camping-con-polideportivo-soulac-sur-mer\/","url":"https:\/\/www.domainelescarrelets.com\/es\/camping-con-polideportivo-soulac-sur-mer\/","name":"Camping con polideportivo en Gironda: camping con instalaciones deportivas en Soulac sur Mer","isPartOf":{"@id":"https:\/\/www.domainelescarrelets.com\/es\/#website"},"primaryImageOfPage":{"@id":"https:\/\/www.domainelescarrelets.com\/es\/camping-con-polideportivo-soulac-sur-mer\/#primaryimage"},"image":{"@id":"https:\/\/www.domainelescarrelets.com\/es\/camping-con-polideportivo-soulac-sur-mer\/#primaryimage"},"thumbnailUrl":"https:\/\/www.domainelescarrelets.com\/wp-content\/uploads\/2023\/10\/camping-salle-de-sport.webp","datePublished":"2023-10-25T11:04:49+00:00","dateModified":"2023-10-26T10:26:50+00:00","breadcrumb":{"@id":"https:\/\/www.domainelescarrelets.com\/es\/camping-con-polideportivo-soulac-sur-mer\/#breadcrumb"},"inLanguage":"es","potentialAction":[{"@type":"ReadAction","target":["https:\/\/www.domainelescarrelets.com\/es\/camping-con-polideportivo-soulac-sur-mer\/"]}]},{"@type":"ImageObject","inLanguage":"es","@id":"https:\/\/www.domainelescarrelets.com\/es\/camping-con-polideportivo-soulac-sur-mer\/#primaryimage","url":"https:\/\/www.domainelescarrelets.com\/wp-content\/uploads\/2023\/10\/camping-salle-de-sport.webp","contentUrl":"https:\/\/www.domainelescarrelets.com\/wp-content\/uploads\/2023\/10\/camping-salle-de-sport.webp","width":2000,"height":1331,"caption":"pabell\u00f3n deportivo de acampada"},{"@type":"BreadcrumbList","@id":"https:\/\/www.domainelescarrelets.com\/es\/camping-con-polideportivo-soulac-sur-mer\/#breadcrumb","itemListElement":[{"@type":"ListItem","position":1,"name":"Camping Soulac-sur-Mer","item":"https:\/\/www.domainelescarrelets.com\/es\/"},{"@type":"ListItem","position":2,"name":"Polideportivo"}]},{"@type":"WebSite","@id":"https:\/\/www.domainelescarrelets.com\/es\/#website","url":"https:\/\/www.domainelescarrelets.com\/es\/","name":"Domaine Les Carrelets de Soulac","description":"","publisher":{"@id":"https:\/\/www.domainelescarrelets.com\/es\/#organization"},"potentialAction":[{"@type":"SearchAction","target":{"@type":"EntryPoint","urlTemplate":"https:\/\/www.domainelescarrelets.com\/es\/?s={search_term_string}"},"query-input":{"@type":"PropertyValueSpecification","valueRequired":true,"valueName":"search_term_string"}}],"inLanguage":"es"},{"@type":"Organization","@id":"https:\/\/www.domainelescarrelets.com\/es\/#organization","name":"Domaine Les Carrelets de Soulac","url":"https:\/\/www.domainelescarrelets.com\/es\/","logo":{"@type":"ImageObject","inLanguage":"es","@id":"https:\/\/www.domainelescarrelets.com\/es\/#\/schema\/logo\/image\/","url":"https:\/\/www.domainelescarrelets.com\/wp-content\/uploads\/2023\/10\/cropped-cropped-les-carrelets-soulac.webp","contentUrl":"https:\/\/www.domainelescarrelets.com\/wp-content\/uploads\/2023\/10\/cropped-cropped-les-carrelets-soulac.webp","width":490,"height":175,"caption":"Domaine Les Carrelets de Soulac"},"image":{"@id":"https:\/\/www.domainelescarrelets.com\/es\/#\/schema\/logo\/image\/"}}]}},"_links":{"self":[{"href":"https:\/\/www.domainelescarrelets.com\/es\/wp-json\/wp\/v2\/pages\/7597","targetHints":{"allow":["GET"]}}],"collection":[{"href":"https:\/\/www.domainelescarrelets.com\/es\/wp-json\/wp\/v2\/pages"}],"about":[{"href":"https:\/\/www.domainelescarrelets.com\/es\/wp-json\/wp\/v2\/types\/page"}],"author":[{"embeddable":true,"href":"https:\/\/www.domainelescarrelets.com\/es\/wp-json\/wp\/v2\/users\/1"}],"replies":[{"embeddable":true,"href":"https:\/\/www.domainelescarrelets.com\/es\/wp-json\/wp\/v2\/comments?post=7597"}],"version-history":[{"count":2,"href":"https:\/\/www.domainelescarrelets.com\/es\/wp-json\/wp\/v2\/pages\/7597\/revisions"}],"predecessor-version":[{"id":7669,"href":"https:\/\/www.domainelescarrelets.com\/es\/wp-json\/wp\/v2\/pages\/7597\/revisions\/7669"}],"wp:featuredmedia":[{"embeddable":true,"href":"https:\/\/www.domainelescarrelets.com\/es\/wp-json\/wp\/v2\/media\/7624"}],"wp:attachment":[{"href":"https:\/\/www.domainelescarrelets.com\/es\/wp-json\/wp\/v2\/media?parent=7597"}],"wp:term":[{"taxonomy":"sujet","embeddable":true,"href":"https:\/\/www.domainelescarrelets.com\/es\/wp-json\/wp\/v2\/sujet?post=7597"}],"curies":[{"name":"wp","href":"https:\/\/api.w.org\/{rel}","templated":true}]}}